{"id":1965,"date":"2025-02-06T17:55:54","date_gmt":"2025-02-06T17:55:54","guid":{"rendered":"https:\/\/racorshop.de\/?post_type=product&#038;p=1965"},"modified":"2025-11-26T21:41:25","modified_gmt":"2025-11-26T21:41:25","slug":"racor-pff5510-spin-on-fuel-filter","status":"publish","type":"product","link":"https:\/\/racorshop.de\/es\/product\/filtro-de-combustible-giratorio-racor-pff5510\/","title":{"rendered":"Filtro de combustible giratorio Racor PFF5510"},"content":{"rendered":"<p>El filtro de combustible enroscable Racor PFF5510 (10 micrones) es ideal para todas las aplicaciones de gasolina para motores intraborda y fueraborda. El PFF5510 cuenta con el medio filtrante Aquabloc\u00ae de 10 micrones y est\u00e1 garantizado que supera a los filtros de gasolina est\u00e1ndar y supera todos los requisitos de los fabricantes de equipos originales. Se adapta a las aplicaciones de motores de gasolina m\u00e1s populares con sus roscas centrales de 11\/16\u2033-16 y es adecuado para todos los sistemas de inyecci\u00f3n de alta o baja presi\u00f3n. El PFF5510 est\u00e1 tratado por dentro y por fuera con revestimientos altamente resistentes a la corrosi\u00f3n para eliminar la oxidaci\u00f3n.<\/p>\n<p><strong>Caracter\u00edsticas del modelo PFF5510<\/strong><\/p>\n<ul>\n<li>Alta resistencia a la corrosi\u00f3n por dentro y por fuera.<\/li>\n<li>Aplicaciones de gasolina\/gasolina como combustible marino<\/li>\n<li>Clasificaci\u00f3n en micrones: 10<\/li>\n<li>Rosca: 11\/16\u2033-16 centro<\/li>\n<\/ul>\n<p><strong>Aplicaciones marinas:<\/strong><\/p>\n<p>Honda, Mercurio, Mercruiser, Yamaha, Suzuki y Tohatsu<\/p>","protected":false},"excerpt":{"rendered":"<p>Part Number: PFF5510<\/p>\n<p>Made By: Parker Racor<\/p>\n<p>Gasoline Filter Parfit<\/p>\n<p>Racor Aftermarket<\/p>","protected":false},"featured_media":1969,"comment_status":"closed","ping_status":"closed","template":"","meta":{"_seopress_robots_primary_cat":"none","_seopress_titles_title":"","_seopress_titles_desc":"","_seopress_robots_index":""},"product_brand":[1926,1927],"product_cat":[717,188,21],"product_tag":[1121],"class_list":{"0":"post-1965","1":"product","2":"type-product","3":"status-publish","4":"has-post-thumbnail","6":"product_brand-parker","7":"product_brand-racor","8":"product_cat-elements-spin-on","9":"product_cat-racor-fuel-filter","10":"product_cat-z-poa","11":"product_tag-racor-aftermarket","13":"first","14":"onbackorder","15":"taxable","16":"shipping-taxable","17":"purchasable","18":"product-type-simple"},"acpt":{"meta":[{"meta_box":"product-links","meta_fields":[{"name":"product-documents","type":"Post","options":[],"value":["2305"],"default":"","required":false,"showInAdmin":false,"advancedOptions":[]},{"name":"product-videos","type":"Post","options":[],"value":null,"default":"","required":false,"showInAdmin":false,"advancedOptions":[]}]}],"wc_product_data":[]},"_links":{"self":[{"href":"https:\/\/racorshop.de\/es\/wp-json\/wp\/v2\/product\/1965","targetHints":{"allow":["GET"]}}],"collection":[{"href":"https:\/\/racorshop.de\/es\/wp-json\/wp\/v2\/product"}],"about":[{"href":"https:\/\/racorshop.de\/es\/wp-json\/wp\/v2\/types\/product"}],"replies":[{"embeddable":true,"href":"https:\/\/racorshop.de\/es\/wp-json\/wp\/v2\/comments?post=1965"}],"wp:featuredmedia":[{"embeddable":true,"href":"https:\/\/racorshop.de\/es\/wp-json\/wp\/v2\/media\/1969"}],"wp:attachment":[{"href":"https:\/\/racorshop.de\/es\/wp-json\/wp\/v2\/media?parent=1965"}],"wp:term":[{"taxonomy":"product_brand","embeddable":true,"href":"https:\/\/racorshop.de\/es\/wp-json\/wp\/v2\/product_brand?post=1965"},{"taxonomy":"product_cat","embeddable":true,"href":"https:\/\/racorshop.de\/es\/wp-json\/wp\/v2\/product_cat?post=1965"},{"taxonomy":"product_tag","embeddable":true,"href":"https:\/\/racorshop.de\/es\/wp-json\/wp\/v2\/product_tag?post=1965"}],"curies":[{"name":"wp","href":"https:\/\/api.w.org\/{rel}","templated":true}]}}