{"id":1946,"date":"2025-02-06T17:21:02","date_gmt":"2025-02-06T17:21:02","guid":{"rendered":"https:\/\/racorshop.de\/?post_type=product&#038;p=1946"},"modified":"2026-04-13T13:13:04","modified_gmt":"2026-04-13T13:13:04","slug":"racor-2020v30-element-30-micron-with-seals","status":"publish","type":"product","link":"https:\/\/racorshop.de\/es\/product\/elemento-racor-2020v30-de-30-micrones-con-juntas\/","title":{"rendered":"Elemento filtrante Racor 2020V30 (30 micrones con sellos)"},"content":{"rendered":"<p><strong>Filtro de cartucho de repuesto europeo para 2020PM-OR con medio Aquabloc\u00ae genuino para carcasas de filtros de la serie Turbine de Racor.<\/strong><\/p>\n<p>Los cartuchos de filtro de servicio de turbina de la serie V de Racor est\u00e1n dise\u00f1ados para los nuevos conjuntos de turbinas 900FV, 1000FV, 900VMA y 1000VMA.<\/p>\n<p>Los filtros de cartucho de la serie V son compatibles con los modelos de cartucho m\u00e1s antiguos.<\/p>\n<p><strong>Nota:<\/strong> Los n\u00fameros de pieza de los filtros de cartucho m\u00e1s antiguos (2020PM-OR, etc.) no funcionar\u00e1n en las nuevas carcasas de turbina FV y VMA. Sin embargo, los nuevos n\u00fameros de pieza de la serie V son compatibles con versiones anteriores y funcionar\u00e1n en conjuntos o carcasas de turbinas anteriores.<\/p>\n<p><strong>Descripci\u00f3n general<\/strong><\/p>\n<p>Las tolerancias de los inyectores de los motores di\u00e9sel se miden en micrones y los motores m\u00e1s modernos inyectan combustible a presiones superiores a 30.000 psi (207 kPa). En estas condiciones, la part\u00edcula m\u00e1s peque\u00f1a de suciedad o agua puede rayar y erosionar los componentes de precisi\u00f3n, lo que provoca da\u00f1os en los motores, las operaciones y la rentabilidad.<\/p>\n<p>Las turbinas de la serie FF\/WS de Racor tienen una eficiencia excepcional en la eliminaci\u00f3n de agua, tanto a granel como emulsionada, una baja restricci\u00f3n del flujo de combustible y una alta capacidad de retenci\u00f3n de suciedad. El coraz\u00f3n del sistema son las tres etapas de coalescencia y filtraci\u00f3n impulsadas por el elemento filtrante patentado Aquabloc\u00ae.<\/p>\n<p>Etapa 1 Separaci\u00f3n:<\/p>\n<p>A medida que el combustible ingresa al conjunto de filtro, se mueve a trav\u00e9s de la centr\u00edfuga de turbina (estacionaria) y hace girar s\u00f3lidos grandes y gotas de agua que caen al fondo del recipiente recolector.<\/p>\n<p>Etapa 2 Coalescencia:<\/p>\n<p>Peque\u00f1as gotas de agua se acumulan en la superficie del deflector c\u00f3nico y del elemento del cartucho. Cuando son lo suficientemente pesadas, caen al fondo del recipiente colector.<\/p>\n<p>Filtraci\u00f3n etapa 3:<\/p>\n<p>Los elementos patentados del cartucho Aquabloc\u00ae repelen el agua y eliminan los contaminantes s\u00f3lidos del combustible con una eficiencia de 98% en relaci\u00f3n con su clasificaci\u00f3n en micrones. El agua que se acumula en la superficie del elemento se fusiona en gotas m\u00e1s grandes que caen en el recipiente colector.<\/p>\n<p>Solo los elementos filtrantes de cartucho Racor originales cuentan con el medio dise\u00f1ado Aquabloc\u00ae para una m\u00e1xima protecci\u00f3n del motor.<\/p>\n<p><strong>Opciones de pedido:<\/strong><\/p>\n<p>1. Seleccione el tipo de carcasa: carcasas de la serie 500, 900 o 1000. (Elija primero la altura si no conoce el tipo de carcasa)<\/p>\n<p>2. Elija la clasificaci\u00f3n en micrones:<\/p>\n<ul>\n<li><a href=\"http:\/\/localhost\/racorshop\/product\/racor-2020v2-element-2-micron-with-seals\/\">Elemento Aquabloc\u00ae de \u201c2\u201d micrones con una eficiencia nominal de 98% a 4 micrones<\/a><\/li>\n<li><a href=\"http:\/\/localhost\/racorshop\/product\/racor-2020v10-element-10-micron-with-seals\/\">Elemento Aquabloc\u00ae de \u201c10\u201d micrones con una eficiencia nominal de 98% a 10 micrones<\/a><\/li>\n<li><a href=\"http:\/\/localhost\/racorshop\/product\/racor-2020v30-element-30-micron-with-seals\/\">Elemento Aquabloc\u00ae de \u201c30\u201d micrones con una eficiencia nominal de 98% a 30 micrones<\/a><\/li>\n<\/ul>\n<p>3. Elija la altura si no se conoce el tipo de vivienda.<\/p>\n<p>4. Elija el estilo de tapa de extremo. El estilo de tapa de extremo moldeada en negro est\u00e1 disponible para el mercado de EE. UU. El estilo de tapa de extremo en color canela est\u00e1 disponible en todos los dem\u00e1s lugares. Ambos estilos tienen un rendimiento de filtraci\u00f3n id\u00e9ntico.<\/p>\n<p><strong>Notas importantes:<\/strong><\/p>\n<ul>\n<li>Se requiere un filtro secundario o final aguas abajo para elementos de 10 y 30 micrones.<\/li>\n<li>Cuanto menor sea el \u00edndice de micrones, m\u00e1s fina ser\u00e1 la filtraci\u00f3n. Se deben considerar \u00edndices de micrones m\u00e1s bajos cuando no hay filtraci\u00f3n adicional posterior. En \u00faltima instancia, el \u00edndice de micrones preferido ser\u00e1 una funci\u00f3n de la calidad del combustible, los climas operativos y los programas de mantenimiento.<\/li>\n<li>Las tapas de los extremos est\u00e1n codificadas por colores para una f\u00e1cil identificaci\u00f3n y aplicaci\u00f3n: letras rojas para filtraci\u00f3n primaria de 30 micrones, letras azules para filtraci\u00f3n primaria o secundaria de 10 micrones y letras marrones para filtraci\u00f3n secundaria\/final de 2 micrones.<\/li>\n<\/ul>\n<p><strong>Caracter\u00edsticas y beneficios:<\/strong><\/p>\n<ul>\n<li>Un asa de agarre integrada facilita los cambios.<\/li>\n<li>Se adapta a modelos anteriores de carcasas de turbinas Racor, incluidas las versiones marinas.<\/li>\n<li>Dise\u00f1o de asa de f\u00e1cil agarre y sin herramientas para una extracci\u00f3n r\u00e1pida y c\u00f3moda del cartucho de servicio.<\/li>\n<li>Incluye junta de tapa y junta t\u00f3rica para mango en T.<\/li>\n<li>El medio Aquabloc\u00ae Synergy est\u00e1 dise\u00f1ado para la mejor filtraci\u00f3n para enfrentar los desaf\u00edos de combustible actuales.<\/li>\n<li>Las turbinas de la serie Racor originales son compatibles con las carcasas de turbinas aprobadas por UL<\/li>\n<\/ul>\n<p><strong>Aquabloc\u00ae \u2013 La historia desde dentro:<\/strong><\/p>\n<p>El medio Aquabloc\u00ae de ultra alta eficiencia de Racor es una mezcla dise\u00f1ada de distintas formulaciones de medios: celulosa de alto grado combinada con fibras dise\u00f1adas y tratamientos qu\u00edmicos que han demostrado bloquear el agua.<\/p>\n<ul>\n<li>La alta capacidad de contaminantes permite cambios de filtro menos frecuentes, lo que aumenta la econom\u00eda operativa.<\/li>\n<li>El medio Aquabloc\u00ae es corrugado y plisado para mantener los pliegues abiertos y presentar una gran superficie de filtraci\u00f3n efectiva al flujo de combustible di\u00e9sel.<\/li>\n<li>La alta capacidad de retenci\u00f3n de suciedad del medio Aquabloc\u00ae extiende dr\u00e1sticamente la vida \u00fatil de los filtros de motor de etapa final y reduce el costo general de mantenimiento de la filtraci\u00f3n.<\/li>\n<li>Los elementos filtrantes de cartucho Aquabloc\u00ae est\u00e1n disponibles en clasificaciones de 2, 10 y 30 micrones para que la protecci\u00f3n pueda adaptarse a la aplicaci\u00f3n, la calidad del combustible, los entornos operativos y los programas de servicio.<\/li>\n<li>El medio Aquabloc\u00ae ayuda a los motores di\u00e9sel de los fabricantes de equipos originales a cumplir con los estrictos est\u00e1ndares de emisiones del gobierno.<\/li>\n<li>Un filtro de combustible\/separador de agua con elemento de cartucho reemplazable es la soluci\u00f3n de filtraci\u00f3n de menor costo.<\/li>\n<\/ul>\n<p><strong>Aplicaciones:<\/strong><\/p>\n<ul>\n<li>Todos los motores di\u00e9sel con sistema de filtraci\u00f3n de la serie Turbine<\/li>\n<li>Marina<\/li>\n<li>Generador<\/li>\n<li>Construcci\u00f3n<\/li>\n<li>En la carretera<\/li>\n<li>Fuera de carretera.<\/li>\n<\/ul>","protected":false},"excerpt":{"rendered":"<p>Part Number: 2020V30<\/p>\n<p>Made By: Parker Racor<\/p>\n<p>Replacement Element-Std 30 Micron With Seals<\/p>\n<p>Replacement Cartridge Filter Element for Turbine Series Filters &#8211; Racor Europe<\/p>","protected":false},"featured_media":1952,"comment_status":"closed","ping_status":"closed","template":"","meta":{"_seopress_robots_primary_cat":"none","_seopress_titles_title":"","_seopress_titles_desc":"","_seopress_robots_index":""},"product_brand":[1926,1927],"product_cat":[2031,264,188],"product_tag":[1025],"class_list":{"0":"post-1946","1":"product","2":"type-product","3":"status-publish","4":"has-post-thumbnail","6":"product_brand-parker","7":"product_brand-racor","8":"product_cat-1000-series","9":"product_cat-elements-cartridge","10":"product_cat-racor-fuel-filter","11":"product_tag-racor-replacement-elements-turbine-series","13":"first","14":"instock","15":"taxable","16":"shipping-taxable","17":"purchasable","18":"product-type-simple"},"acpt":{"meta":[{"meta_box":"product-links","meta_fields":[{"name":"product-documents","type":"Post","options":[],"value":["3051","3054","3058","3061","3064","3067"],"default":"","required":false,"showInAdmin":false,"advancedOptions":[]},{"name":"product-videos","type":"Post","options":[],"value":null,"default":"","required":false,"showInAdmin":false,"advancedOptions":[]}]}],"wc_product_data":[]},"_links":{"self":[{"href":"https:\/\/racorshop.de\/es\/wp-json\/wp\/v2\/product\/1946","targetHints":{"allow":["GET"]}}],"collection":[{"href":"https:\/\/racorshop.de\/es\/wp-json\/wp\/v2\/product"}],"about":[{"href":"https:\/\/racorshop.de\/es\/wp-json\/wp\/v2\/types\/product"}],"replies":[{"embeddable":true,"href":"https:\/\/racorshop.de\/es\/wp-json\/wp\/v2\/comments?post=1946"}],"wp:featuredmedia":[{"embeddable":true,"href":"https:\/\/racorshop.de\/es\/wp-json\/wp\/v2\/media\/1952"}],"wp:attachment":[{"href":"https:\/\/racorshop.de\/es\/wp-json\/wp\/v2\/media?parent=1946"}],"wp:term":[{"taxonomy":"product_brand","embeddable":true,"href":"https:\/\/racorshop.de\/es\/wp-json\/wp\/v2\/product_brand?post=1946"},{"taxonomy":"product_cat","embeddable":true,"href":"https:\/\/racorshop.de\/es\/wp-json\/wp\/v2\/product_cat?post=1946"},{"taxonomy":"product_tag","embeddable":true,"href":"https:\/\/racorshop.de\/es\/wp-json\/wp\/v2\/product_tag?post=1946"}],"curies":[{"name":"wp","href":"https:\/\/api.w.org\/{rel}","templated":true}]}}