{"id":1943,"date":"2025-02-06T17:21:01","date_gmt":"2025-02-06T17:21:01","guid":{"rendered":"https:\/\/racorshop.de\/?post_type=product&#038;p=1943"},"modified":"2026-02-24T10:31:01","modified_gmt":"2026-02-24T10:31:01","slug":"racor-lg50-tank-vent-filter","status":"publish","type":"product","link":"https:\/\/racorshop.de\/es\/product\/filtro-de-ventilacion-del-tanque-racor-lg50\/","title":{"rendered":"Filtro de ventilaci\u00f3n del tanque Racor LG50"},"content":{"rendered":"<p>El separador de aire y combustible Racor LG50 separa de manera eficiente el aire del combustible que puede haber sido introducido en la l\u00ednea. A medida que se purga el aire, el combustible regresa al tanque mediante un proceso de dos etapas. Se utiliza para aplicaciones de gasolina. Para aplicaciones di\u00e9sel, consulte <a href=\"http:\/\/localhost\/racorshop\/product\/racor-lg100-tankentluftungsfilter\/\">Racor LG100<\/a>.<\/p>\n<p>El reabastecimiento de combustible de un barco suele provocar que el combustible se derrame por la borda. El derrame de combustible no solo es costoso, sino que tambi\u00e9n es absolutamente mortal para lagos, r\u00edos y v\u00edas fluviales fr\u00e1giles. Adem\u00e1s, en los Estados Unidos, la Guardia Costera de los Estados Unidos y otras regulaciones proh\u00edben el vertido de petr\u00f3leo en v\u00edas fluviales y los infractores podr\u00edan enfrentarse a sanciones civiles y penales. El separador de combustible\/aire Lifeguard LG50 de Racor est\u00e1 dise\u00f1ado para instalarse utilizando el tanque de combustible y la manguera de ventilaci\u00f3n existentes.<\/p>\n<p>El separador de aire\/combustible Racor Lifeguard LG50 incluye p\u00faas de manguera macho est\u00e1ndar de 5\/8 de pulgada, abrazaderas de manguera e instrucciones.<\/p>\n<p>Aplicaci\u00f3n: Gasolina<\/p>\n<p>Dimensiones: 45 mm de profundidad x 150 mm de largo<\/p>\n<p>Tama\u00f1o de la l\u00ednea de ventilaci\u00f3n: 17 mm \/ 5\/8\u201d<\/p>","protected":false},"excerpt":{"rendered":"<p>Part Number: LG50<\/p>\n<p>Manufacturer: Parker Racor<\/p>\n<p>Fuel\/Air separator<\/p>\n<p>Fuel Vent Line &#8211; Racor Lifeguard Series<\/p>","protected":false},"featured_media":1948,"comment_status":"closed","ping_status":"closed","template":"","meta":{"_seopress_robots_primary_cat":"none","_seopress_titles_title":"","_seopress_titles_desc":"","_seopress_robots_index":""},"product_brand":[1926,1927],"product_cat":[1893,188],"product_tag":[1894],"class_list":{"0":"post-1943","1":"product","2":"type-product","3":"status-publish","4":"has-post-thumbnail","6":"product_brand-parker","7":"product_brand-racor","8":"product_cat-fuel-air-separator","9":"product_cat-racor-fuel-filter","10":"product_tag-fuel-ventilation","12":"first","13":"onbackorder","14":"taxable","15":"shipping-taxable","16":"purchasable","17":"product-type-simple"},"acpt":{"meta":[{"meta_box":"product-links","meta_fields":[{"name":"product-documents","type":"Post","options":[],"value":null,"default":"","required":false,"showInAdmin":false,"advancedOptions":[]},{"name":"product-videos","type":"Post","options":[],"value":null,"default":"","required":false,"showInAdmin":false,"advancedOptions":[]}]}],"wc_product_data":[]},"_links":{"self":[{"href":"https:\/\/racorshop.de\/es\/wp-json\/wp\/v2\/product\/1943","targetHints":{"allow":["GET"]}}],"collection":[{"href":"https:\/\/racorshop.de\/es\/wp-json\/wp\/v2\/product"}],"about":[{"href":"https:\/\/racorshop.de\/es\/wp-json\/wp\/v2\/types\/product"}],"replies":[{"embeddable":true,"href":"https:\/\/racorshop.de\/es\/wp-json\/wp\/v2\/comments?post=1943"}],"wp:featuredmedia":[{"embeddable":true,"href":"https:\/\/racorshop.de\/es\/wp-json\/wp\/v2\/media\/1948"}],"wp:attachment":[{"href":"https:\/\/racorshop.de\/es\/wp-json\/wp\/v2\/media?parent=1943"}],"wp:term":[{"taxonomy":"product_brand","embeddable":true,"href":"https:\/\/racorshop.de\/es\/wp-json\/wp\/v2\/product_brand?post=1943"},{"taxonomy":"product_cat","embeddable":true,"href":"https:\/\/racorshop.de\/es\/wp-json\/wp\/v2\/product_cat?post=1943"},{"taxonomy":"product_tag","embeddable":true,"href":"https:\/\/racorshop.de\/es\/wp-json\/wp\/v2\/product_tag?post=1943"}],"curies":[{"name":"wp","href":"https:\/\/api.w.org\/{rel}","templated":true}]}}