{"id":1778,"date":"2025-02-06T17:19:41","date_gmt":"2025-02-06T17:19:41","guid":{"rendered":"https:\/\/racorshop.de\/?post_type=product&#038;p=1778"},"modified":"2025-03-06T20:41:06","modified_gmt":"2025-03-06T20:41:06","slug":"racor-lg100-tank-vent-filter","status":"publish","type":"product","link":"https:\/\/racorshop.de\/es\/product\/filtro-de-ventilacion-del-tanque-racor-lg100\/","title":{"rendered":"Filtro de ventilaci\u00f3n de tanque Racor LG100"},"content":{"rendered":"<p>El separador de aire y combustible Racor LG100 separa eficazmente el aire del combustible en la l\u00ednea de ventilaci\u00f3n del tanque durante el reabastecimiento. A medida que se purga el aire, el combustible regresa al tanque mediante un proceso de dos etapas. El separador de aire y combustible Racor Lifeguard LG100 se puede utilizar para combustibles di\u00e9sel y gasolina.<\/p>\n<p>El reabastecimiento de combustible de un barco suele provocar que el combustible se derrame por la borda. El derrame de combustible no solo es costoso, sino que tambi\u00e9n es absolutamente mortal para lagos, r\u00edos y v\u00edas fluviales fr\u00e1giles. Adem\u00e1s, en los Estados Unidos, la Guardia Costera de los Estados Unidos y otras regulaciones proh\u00edben el vertido de petr\u00f3leo en v\u00edas fluviales y los infractores podr\u00edan enfrentarse a sanciones civiles y penales. El separador de combustible\/aire Lifeguard LG100 de Racor est\u00e1 dise\u00f1ado para instalarse utilizando el tanque de combustible y la manguera de ventilaci\u00f3n existentes.<\/p>\n<p>La unidad LG100 incluye p\u00faas de manguera macho est\u00e1ndar de 5\/8 de pulgada, abrazaderas de manguera e instrucciones.<\/p>\n<ul>\n<li>Aplicaci\u00f3n: Gasolina\/Gasolina o Diesel<\/li>\n<li>Caudal: 17 CFM (flujo de aire)<\/li>\n<li>Tama\u00f1o del puerto: 16 mm (5\/8\u2033)<\/li>\n<li>Drenaje: No<\/li>\n<li>Dimensiones: 250 mm de alto x 100 mm de di\u00e1metro (9 7\/8\u2033 de alto x 4\u2033 de di\u00e1metro)<\/li>\n<\/ul>","protected":false},"excerpt":{"rendered":"<p>Article number: LG100<\/p>\n<p>Manufacturer: Parker Racor<\/p>\n<p>Fuel\/Air separator<\/p>\n<p>Fuel Vent Line &#8211; Racor Lifeguard Series<\/p>","protected":false},"featured_media":1949,"comment_status":"open","ping_status":"closed","template":"","meta":{"_seopress_robots_primary_cat":"","_seopress_titles_title":"","_seopress_titles_desc":"","_seopress_robots_index":""},"product_brand":[1926,1927],"product_cat":[1893,188,21],"product_tag":[1894],"class_list":{"0":"post-1778","1":"product","2":"type-product","3":"status-publish","4":"has-post-thumbnail","6":"product_brand-parker","7":"product_brand-racor","8":"product_cat-fuel-air-separator","9":"product_cat-racor-fuel-filter","10":"product_cat-z-poa","11":"product_tag-fuel-ventilation","13":"first","14":"onbackorder","15":"taxable","16":"shipping-taxable","17":"purchasable","18":"product-type-simple"},"acpt":{"meta":[{"meta_box":"product-links","meta_fields":[{"name":"product-documents","type":"Post","options":[],"value":null,"default":"","required":false,"showInAdmin":false,"advancedOptions":[]},{"name":"product-videos","type":"Post","options":[],"value":null,"default":"","required":false,"showInAdmin":false,"advancedOptions":[]}]}],"wc_product_data":[]},"_links":{"self":[{"href":"https:\/\/racorshop.de\/es\/wp-json\/wp\/v2\/product\/1778","targetHints":{"allow":["GET"]}}],"collection":[{"href":"https:\/\/racorshop.de\/es\/wp-json\/wp\/v2\/product"}],"about":[{"href":"https:\/\/racorshop.de\/es\/wp-json\/wp\/v2\/types\/product"}],"replies":[{"embeddable":true,"href":"https:\/\/racorshop.de\/es\/wp-json\/wp\/v2\/comments?post=1778"}],"wp:featuredmedia":[{"embeddable":true,"href":"https:\/\/racorshop.de\/es\/wp-json\/wp\/v2\/media\/1949"}],"wp:attachment":[{"href":"https:\/\/racorshop.de\/es\/wp-json\/wp\/v2\/media?parent=1778"}],"wp:term":[{"taxonomy":"product_brand","embeddable":true,"href":"https:\/\/racorshop.de\/es\/wp-json\/wp\/v2\/product_brand?post=1778"},{"taxonomy":"product_cat","embeddable":true,"href":"https:\/\/racorshop.de\/es\/wp-json\/wp\/v2\/product_cat?post=1778"},{"taxonomy":"product_tag","embeddable":true,"href":"https:\/\/racorshop.de\/es\/wp-json\/wp\/v2\/product_tag?post=1778"}],"curies":[{"name":"wp","href":"https:\/\/api.w.org\/{rel}","templated":true}]}}