{"id":1274,"date":"2025-02-06T17:16:16","date_gmt":"2025-02-06T17:16:16","guid":{"rendered":"https:\/\/racorshop.de\/?post_type=product&#038;p=1274"},"modified":"2025-03-06T20:40:59","modified_gmt":"2025-03-06T20:40:59","slug":"racor-2040149w-element-149w","status":"publish","type":"product","link":"https:\/\/racorshop.de\/es\/product\/elemento-racor-2040149w-de-149w\/","title":{"rendered":"Elemento Racor 2040149W 149W"},"content":{"rendered":"<p>Los filtros de combustible\/separadores de agua de la serie Turbine de Racor tienen una eficiencia excepcional en la eliminaci\u00f3n de agua libre y emulsionada, una baja restricci\u00f3n del flujo de combustible y una alta capacidad de retenci\u00f3n de suciedad. El coraz\u00f3n del sistema son las tres etapas de coalescencia y filtraci\u00f3n impulsadas por el elemento filtrante patentado Aquabloc\u00ae.<\/p>\n<p><strong>Etapas de filtraci\u00f3n:<\/strong><\/p>\n<ul>\n<li><strong>Separaci\u00f3n de la etapa 1<\/strong>:A medida que el combustible ingresa al conjunto del filtro, se mueve a trav\u00e9s de la centr\u00edfuga de turbina (estacionaria) y hace girar s\u00f3lidos grandes y gotas de agua que caen al fondo del recipiente recolector.<\/li>\n<li><strong>Etapa 2 Coalescencia<\/strong>:Peque\u00f1as gotas de agua se acumulan en la superficie del deflector c\u00f3nico y del elemento del cartucho. Cuando son lo suficientemente pesadas, caen al fondo del recipiente colector.<\/li>\n<li><strong>Filtraci\u00f3n de la etapa 3<\/strong>:Los elementos patentados del cartucho Aquabloc\u00ae repelen el agua y eliminan los contaminantes s\u00f3lidos del combustible con una eficiencia de 98% de su clasificaci\u00f3n en micrones. El agua que se acumula en la superficie del elemento se fusiona en gotas m\u00e1s grandes que caen en el recipiente colector.<\/li>\n<\/ul>\n<p><strong>Caracter\u00edsticas y beneficios:<\/strong><\/p>\n<ul>\n<li>Un asa de agarre integrada facilita el cambio.<\/li>\n<li>El medio Aquabloc\u00ae es una mezcla de celulosa de alto grado combinada con resinas y un tratamiento qu\u00edmico especial.<\/li>\n<li>Los elementos originales de la serie Turbine de Racor son compatibles con las carcasas de turbinas aprobadas por UL<\/li>\n<li>El n\u00famero gratuito de Racor se muestra en la tapa del extremo para responder cualquier pregunta sobre disponibilidad, aplicaci\u00f3n o servicio.<\/li>\n<\/ul>","protected":false},"excerpt":{"rendered":"<p>Part Number: 2040-149W<\/p>\n<p>Made By: Parker Racor<\/p>\n<p>Element 149W<\/p>\n<p>Replacement Cartridge Filter Element for Turbine Series Filters &#8211; Racor<\/p>","protected":false},"featured_media":1296,"comment_status":"open","ping_status":"closed","template":"","meta":{"_seopress_robots_primary_cat":"","_seopress_titles_title":"","_seopress_titles_desc":"","_seopress_robots_index":""},"product_brand":[1926,1927],"product_cat":[264,188],"product_tag":[1025],"class_list":{"0":"post-1274","1":"product","2":"type-product","3":"status-publish","4":"has-post-thumbnail","6":"product_brand-parker","7":"product_brand-racor","8":"product_cat-elements-cartridge","9":"product_cat-racor-fuel-filter","10":"product_tag-racor-replacement-elements-turbine-series","12":"first","13":"instock","14":"taxable","15":"shipping-taxable","16":"purchasable","17":"product-type-simple"},"acpt":{"meta":[{"meta_box":"product-links","meta_fields":[{"name":"product-documents","type":"Post","options":[],"value":null,"default":"","required":false,"showInAdmin":false,"advancedOptions":[]},{"name":"product-videos","type":"Post","options":[],"value":null,"default":"","required":false,"showInAdmin":false,"advancedOptions":[]}]}],"wc_product_data":[]},"_links":{"self":[{"href":"https:\/\/racorshop.de\/es\/wp-json\/wp\/v2\/product\/1274","targetHints":{"allow":["GET"]}}],"collection":[{"href":"https:\/\/racorshop.de\/es\/wp-json\/wp\/v2\/product"}],"about":[{"href":"https:\/\/racorshop.de\/es\/wp-json\/wp\/v2\/types\/product"}],"replies":[{"embeddable":true,"href":"https:\/\/racorshop.de\/es\/wp-json\/wp\/v2\/comments?post=1274"}],"wp:featuredmedia":[{"embeddable":true,"href":"https:\/\/racorshop.de\/es\/wp-json\/wp\/v2\/media\/1296"}],"wp:attachment":[{"href":"https:\/\/racorshop.de\/es\/wp-json\/wp\/v2\/media?parent=1274"}],"wp:term":[{"taxonomy":"product_brand","embeddable":true,"href":"https:\/\/racorshop.de\/es\/wp-json\/wp\/v2\/product_brand?post=1274"},{"taxonomy":"product_cat","embeddable":true,"href":"https:\/\/racorshop.de\/es\/wp-json\/wp\/v2\/product_cat?post=1274"},{"taxonomy":"product_tag","embeddable":true,"href":"https:\/\/racorshop.de\/es\/wp-json\/wp\/v2\/product_tag?post=1274"}],"curies":[{"name":"wp","href":"https:\/\/api.w.org\/{rel}","templated":true}]}}