{"id":3075,"date":"2025-04-03T08:37:40","date_gmt":"2025-04-03T08:37:40","guid":{"rendered":"https:\/\/racorshop.de\/legal_information\/"},"modified":"2026-02-02T09:51:06","modified_gmt":"2026-02-02T09:51:06","slug":"legal_information","status":"publish","type":"page","link":"https:\/\/racorshop.de\/es\/legal_information\/","title":{"rendered":"Legal Information"},"content":{"rendered":"<p>Car-In Automotive GmbH<br>Daniel-Fahrenheit-Str. 4, Telgte<br>48291 Germany<\/p>\n\n\n\n<p>Managing Director: Thorsten Brungert<\/p>\n\n\n\n<p>Telephone number: +492504984990<br>Email address:&nbsp;info@car-in-automotive.de<\/p>\n\n\n\n<p>Registro de empresa: Handelsregister<br>Ciudad de registro: Amtsgericht M\u00fcnster<br>N\u00famero de registro: HRB 9961<br>Asociaci\u00f3n profesional: IHK M\u00fcnster<\/p>\n\n\n\n<p>VAT identification number: DE 814364826<\/p>\n\n\n\n<p>Responsible for content: Thorsten Brungert, address as above.<\/p>\n\n\n\n<p>European Commission consumer platform for Online Dispute Resolution (ODR): https:\/\/ec.europa.eu\/consumers\/odr\/. We are neither willing nor obliged to participate in dispute resolution proceedings in front of a consumer arbitration board.<\/p>","protected":false},"excerpt":{"rendered":"<p>Car-In Automotive GmbHDaniel-Fahrenheit-Str. 4, Telgte48291 Germany Managing Director: Thorsten Brungert Telephone number: +492504984990Email address:&nbsp;info@car-in-automotive.de Company Register: HandelsregisterRegister City: Amtsgericht M\u00fcnsterRegister number: HRB 9961Professional Assoc.: IHK M\u00fcnster VAT identification number: DE 814364826 Responsible for content: Thorsten Brungert, address as above. European Commission consumer platform for Online Dispute Resolution (ODR): https:\/\/ec.europa.eu\/consumers\/odr\/. We are neither willing nor obliged [&hellip;]<\/p>","protected":false},"author":1,"featured_media":0,"parent":0,"menu_order":0,"comment_status":"closed","ping_status":"closed","template":"","meta":{"_seopress_robots_primary_cat":"","_seopress_titles_title":"","_seopress_titles_desc":"","_seopress_robots_index":"","footnotes":""},"class_list":["post-3075","page","type-page","status-publish","hentry"],"acpt":null,"_links":{"self":[{"href":"https:\/\/racorshop.de\/es\/wp-json\/wp\/v2\/pages\/3075","targetHints":{"allow":["GET"]}}],"collection":[{"href":"https:\/\/racorshop.de\/es\/wp-json\/wp\/v2\/pages"}],"about":[{"href":"https:\/\/racorshop.de\/es\/wp-json\/wp\/v2\/types\/page"}],"author":[{"embeddable":true,"href":"https:\/\/racorshop.de\/es\/wp-json\/wp\/v2\/users\/1"}],"replies":[{"embeddable":true,"href":"https:\/\/racorshop.de\/es\/wp-json\/wp\/v2\/comments?post=3075"}],"version-history":[{"count":5,"href":"https:\/\/racorshop.de\/es\/wp-json\/wp\/v2\/pages\/3075\/revisions"}],"predecessor-version":[{"id":3689,"href":"https:\/\/racorshop.de\/es\/wp-json\/wp\/v2\/pages\/3075\/revisions\/3689"}],"wp:attachment":[{"href":"https:\/\/racorshop.de\/es\/wp-json\/wp\/v2\/media?parent=3075"}],"curies":[{"name":"wp","href":"https:\/\/api.w.org\/{rel}","templated":true}]}}