{"id":2379,"date":"2025-02-26T10:23:22","date_gmt":"2025-02-26T10:23:22","guid":{"rendered":"https:\/\/racorshop.de\/?page_id=2379"},"modified":"2025-11-06T22:28:14","modified_gmt":"2025-11-06T22:28:14","slug":"about-us","status":"publish","type":"page","link":"https:\/\/racorshop.de\/es\/sobre-nosotros\/","title":{"rendered":"Sobre nosotros"},"content":{"rendered":"<div class=\"wp-block-group alignfull has-background is-layout-flow wp-block-group-is-layout-flow\" style=\"background-color:#f2f0e9;padding-right:var(--wp--preset--spacing--50);padding-left:var(--wp--preset--spacing--50)\">\n<div style=\"height:70px\" aria-hidden=\"true\" class=\"wp-block-spacer\"><\/div>\n\n\n\n<div class=\"wp-block-columns alignwide are-vertically-aligned-center is-layout-flex wp-container-core-columns-is-layout-28f84493 wp-block-columns-is-layout-flex\">\n<div class=\"wp-block-column is-layout-flow wp-block-column-is-layout-flow\" style=\"flex-basis:50%\">\n<p class=\"has-text-align-left has-text-color\" style=\"color:#000000;font-size:clamp(18.959px, 1.185rem + ((1vw - 3.2px) * 1.255), 30px);line-height:1.1\"><strong>Car-In Automotive<\/strong><\/p>\n<\/div>\n\n\n\n<div class=\"wp-block-column is-layout-flow wp-block-column-is-layout-flow\" style=\"flex-basis:50%\">\n<hr class=\"wp-block-separator has-text-color has-css-opacity has-background is-style-wide is-style-wide--1\" style=\"background-color:#000000;color:#000000\"\/>\n<\/div>\n<\/div>\n\n\n\n<div class=\"wp-block-columns alignwide is-layout-flex wp-container-core-columns-is-layout-28f84493 wp-block-columns-is-layout-flex\">\n<div class=\"wp-block-column is-layout-flow wp-block-column-is-layout-flow\"><\/div>\n\n\n\n<div class=\"wp-block-column is-layout-flow wp-block-column-is-layout-flow\">\n<p class=\"has-text-color has-extra-small-font-size\" style=\"color:#000000\">Somos un distribuidor especializado en repuestos para autom\u00f3viles con sede en Telgte, Alemania. Contamos con una amplia selecci\u00f3n de los filtros Racor m\u00e1s populares para aplicaciones marinas y de servicio pesado. Nuestra gama incluye filtros de combustible enroscables para motores de gasolina y di\u00e9sel, los famosos conjuntos de turbinas y elementos de repuesto de Racor.<\/p>\n<\/div>\n\n\n\n<div class=\"wp-block-column is-layout-flow wp-block-column-is-layout-flow\">\n<p class=\"has-text-color has-extra-small-font-size\" style=\"color:#000000\">La gama Racor de Parker Hannifin es conocida en todo el mundo como l\u00edder del mercado en materia de filtraci\u00f3n. Desde 1969, Racor fabrica soluciones de filtraci\u00f3n para sistemas de aire, CCV, refrigerantes, combustibles, hidr\u00e1ulicos y de aceite lubricante.<\/p>\n<\/div>\n<\/div>\n\n\n\n<div style=\"height:40px\" aria-hidden=\"true\" class=\"wp-block-spacer\"><\/div>\n<\/div>\n\n\n\n<div class=\"wp-block-group alignfull has-global-padding is-layout-constrained wp-block-group-is-layout-constrained\" style=\"margin-top:0;margin-bottom:0\">\n<div class=\"wp-block-group alignwide is-layout-flow wp-container-core-group-is-layout-d58a0413 wp-block-group-is-layout-flow\" style=\"padding-top:var(--wp--preset--spacing--50);padding-bottom:var(--wp--preset--spacing--50)\">\n<h2 class=\"wp-block-heading has-x-large-font-size\">Preguntas frecuentes<\/h2>\n\n\n\n<div class=\"wp-block-columns is-layout-flex wp-container-core-columns-is-layout-cbe57604 wp-block-columns-is-layout-flex\">\n<div class=\"wp-block-column is-layout-flow wp-block-column-is-layout-flow\">\n<div class=\"wp-block-group is-layout-flow wp-block-group-is-layout-flow\" style=\"border-top-color:var(--wp--preset--color--accent-6);border-top-width:1px;padding-top:var(--wp--preset--spacing--30);padding-bottom:var(--wp--preset--spacing--30)\">\n<h3 class=\"wp-block-heading\">\u00bfOfrecen env\u00edo gratuito?<\/h3>\n\n\n\n<p>Ofrecemos opciones de env\u00edo sin portes en Alemania para pedidos elegibles cuyo valor sea igual o superior a 75,00 euros. Sin embargo, pueden aplicarse ciertas restricciones en cuanto al peso, el destino de entrega y\/o las dimensiones.<\/p>\n<\/div>\n<\/div>\n\n\n\n<div class=\"wp-block-column is-layout-flow wp-block-column-is-layout-flow\">\n<div class=\"wp-block-group is-layout-flow wp-block-group-is-layout-flow\" style=\"border-top-color:var(--wp--preset--color--accent-6);border-top-width:1px;padding-top:var(--wp--preset--spacing--30);padding-bottom:var(--wp--preset--spacing--30)\">\n<h3 class=\"wp-block-heading\">\u00bfQu\u00e9 m\u00e9todos de env\u00edo est\u00e1n disponibles?<\/h3>\n\n\n\n<p>Ofrecemos una selecci\u00f3n de empresas de mensajer\u00eda para su pedido en l\u00ednea en funci\u00f3n del valor, el peso y las dimensiones del pedido. Para art\u00edculos peque\u00f1os o pedidos de bajo valor, podemos utilizar la oficina de correos.<\/p>\n<\/div>\n<\/div>\n<\/div>\n\n\n\n<div class=\"wp-block-columns is-layout-flex wp-container-core-columns-is-layout-cbe57604 wp-block-columns-is-layout-flex\">\n<div class=\"wp-block-column is-layout-flow wp-block-column-is-layout-flow\">\n<div class=\"wp-block-group is-layout-flow wp-block-group-is-layout-flow\" style=\"border-top-color:var(--wp--preset--color--accent-6);border-top-width:1px;padding-top:var(--wp--preset--spacing--30);padding-bottom:var(--wp--preset--spacing--30)\">\n<h3 class=\"wp-block-heading\">\u00bfQu\u00e9 pasa con la pol\u00edtica de devoluciones?<\/h3>\n\n\n\n<p>Aceptaremos devoluciones si el problema con tu pedido se debe a un error nuestro o si recibes el art\u00edculo equivocado. Nuestro equipo de atenci\u00f3n al cliente revisar\u00e1 y procesar\u00e1 tu solicitud lo antes posible. Los productos da\u00f1ados durante el transporte deben ser tratados por el servicio de mensajer\u00eda.<\/p>\n<\/div>\n<\/div>\n\n\n\n<div class=\"wp-block-column is-layout-flow wp-block-column-is-layout-flow\">\n<div class=\"wp-block-group is-layout-flow wp-block-group-is-layout-flow\" style=\"border-top-color:var(--wp--preset--color--accent-6);border-top-width:1px;padding-top:var(--wp--preset--spacing--30);padding-bottom:var(--wp--preset--spacing--30)\">\n<h3 class=\"wp-block-heading\">\u00bfA qu\u00e9 pa\u00edses vend\u00e9is?<\/h3>\n\n\n\n<p>Para pedidos en la tienda online, podemos realizar env\u00edos a la mayor\u00eda de los pa\u00edses de Europa y el Reino Unido, con algunas restricciones. Sin embargo, es posible que podamos realizar env\u00edos a otros pa\u00edses si nos contactas por tel\u00e9fono o correo electr\u00f3nico con tu solicitud.<\/p>\n<\/div>\n<\/div>\n<\/div>\n\n\n\n<div class=\"wp-block-columns is-layout-flex wp-container-core-columns-is-layout-cbe57604 wp-block-columns-is-layout-flex\">\n<div class=\"wp-block-column is-layout-flow wp-block-column-is-layout-flow\">\n<div class=\"wp-block-group is-layout-flow wp-block-group-is-layout-flow\" style=\"border-top-color:var(--wp--preset--color--accent-6);border-top-width:1px;padding-top:var(--wp--preset--spacing--30);padding-bottom:var(--wp--preset--spacing--30)\">\n<h3 class=\"wp-block-heading\">\u00bfCu\u00e1ndo se env\u00eda mi pedido?<\/h3>\n\n\n\n<p>Si recibimos tu pedido antes de las 14:00 horas y el producto est\u00e1 en stock, enviaremos tu pedido el mismo d\u00eda. Si el producto est\u00e1 agotado o es un pedido especial, te informaremos la fecha de env\u00edo estimada.<\/p>\n<\/div>\n<\/div>\n\n\n\n<div class=\"wp-block-column is-layout-flow wp-block-column-is-layout-flow\">\n<div class=\"wp-block-group is-layout-flow wp-block-group-is-layout-flow\" style=\"border-top-color:var(--wp--preset--color--accent-6);border-top-width:1px;padding-top:var(--wp--preset--spacing--30);padding-bottom:var(--wp--preset--spacing--30)\">\n<h3 class=\"wp-block-heading\">\u00bfNecesitas m\u00e1s informaci\u00f3n?<\/h3>\n\n\n\n<p>Si tiene alguna pregunta que no haya sido respondida aqu\u00ed, env\u00edela a nuestro <a href=\"https:\/\/racorshop.de\/es\/contacto\/\" data-type=\"page\" data-id=\"2128\">Formulario de contacto<\/a> o p\u00f3ngase en contacto por tel\u00e9fono o correo electr\u00f3nico con su solicitud.<\/p>\n<\/div>\n<\/div>\n<\/div>\n\n\n\n<div class=\"wp-block-columns is-layout-flex wp-container-core-columns-is-layout-cbe57604 wp-block-columns-is-layout-flex\">\n<div class=\"wp-block-column is-layout-flow wp-block-column-is-layout-flow\">\n<div class=\"wp-block-group is-layout-flow wp-block-group-is-layout-flow\" style=\"border-top-color:var(--wp--preset--color--accent-6);border-top-width:1px;padding-top:var(--wp--preset--spacing--30);padding-bottom:var(--wp--preset--spacing--30)\">\n<h3 class=\"wp-block-heading\">\u00bfQu\u00e9 cambi\u00f3 en los elementos filtrantes Racor 2020 o 2040 con tapas de extremo negras?<\/h3>\n\n\n\n<p>En 2015, Racor cambi\u00f3 el proceso de sellado del medio filtrante por uno m\u00e1s parecido a un proceso de incrustaci\u00f3n. El tipo y la cantidad de medio filtrante Aquabloc, as\u00ed como el rendimiento de filtraci\u00f3n superior, siguen siendo los mismos. El di\u00e1metro del elemento de la tapa del extremo negro es ligeramente menor, lo que mejora el flujo y ayuda a eliminar el agua.<\/p>\n<\/div>\n<\/div>\n\n\n\n<div class=\"wp-block-column is-layout-flow wp-block-column-is-layout-flow\">\n<div class=\"wp-block-group is-layout-flow wp-block-group-is-layout-flow\" style=\"border-top-color:var(--wp--preset--color--accent-6);border-top-width:1px;padding-top:var(--wp--preset--spacing--30);padding-bottom:var(--wp--preset--spacing--30)\">\n<h3 class=\"wp-block-heading\">\u00bfCu\u00e1l es la diferencia entre UL y TUL impreso en los filtros Racor?<\/h3>\n\n\n\n<p>\u201cUL\u201d significa Underwriters Laboratory. Los filtros utilizados para aplicaciones marinas a bordo requieren certificaci\u00f3n UL. \u201cTUL\u201d significa que el filtro tiene una clasificaci\u00f3n de 10 micrones.<\/p>\n<\/div>\n<\/div>\n<\/div>\n\n\n\n<div class=\"wp-block-columns is-layout-flex wp-container-core-columns-is-layout-cbe57604 wp-block-columns-is-layout-flex\">\n<div class=\"wp-block-column is-layout-flow wp-block-column-is-layout-flow\">\n<div class=\"wp-block-group is-layout-flow wp-block-group-is-layout-flow\" style=\"border-top-color:var(--wp--preset--color--accent-6);border-top-width:1px;padding-top:var(--wp--preset--spacing--30);padding-bottom:var(--wp--preset--spacing--30)\">\n<h3 class=\"wp-block-heading\">\u00bfC\u00f3mo puedo quitar el elemento de los tazones pl\u00e1sticos Spin-on?<\/h3>\n\n\n\n<p id=\"viewer-a9g8q834872\">Los recipientes de pl\u00e1stico utilizados con el elemento giratorio Racor se pueden quitar con la llave para recipientes de pl\u00e1stico; n\u00famero de pieza RK 22628.<\/p>\n\n\n\n<p id=\"viewer-c1pz4834873\">Si tiene que sujetar el elemento con una llave de correa blanda porque est\u00e1 demasiado apretado para quitarlo con la mano, evite da\u00f1arlo sujet\u00e1ndolo solo por el \u00e1rea cerca del recipiente adjunto.<\/p>\n\n\n\n<p id=\"viewer-cxuql834874\">Al instalar un nuevo conjunto de filtro, es una buena idea desmontar el elemento del cabezal y el recipiente del filtro, lubricarlo y volver a ensamblarlo a mano de acuerdo con las instrucciones impresas en la lata.<\/p>\n<\/div>\n<\/div>\n\n\n\n<div class=\"wp-block-column is-layout-flow wp-block-column-is-layout-flow\">\n<div class=\"wp-block-group is-layout-flow wp-block-group-is-layout-flow\" style=\"border-top-color:var(--wp--preset--color--accent-6);border-top-width:1px;padding-top:var(--wp--preset--spacing--30);padding-bottom:var(--wp--preset--spacing--30)\">\n<h3 class=\"wp-block-heading\">\u00bfPor qu\u00e9 el elemento de reemplazo Racor 2010 no encaja en la carcasa de la turbina de la serie 500?<\/h3>\n\n\n\n<p>En la serie 500 Turbine anterior, era necesario colocar un espaciador de anillo de goma debajo del elemento para mantener la altura adecuada dentro de la carcasa. Meta la mano dentro de la carcasa vac\u00eda y retire el espaciador de goma.<\/p>\n\n\n\n<p>Los nuevos elementos Racor 2010 tienen un anillo inferior que sirve como espaciador, lo que significa que no es necesario el espaciador de goma.<\/p>\n<\/div>\n<\/div>\n<\/div>\n\n\n\n<div class=\"wp-block-columns is-layout-flex wp-container-core-columns-is-layout-cbe57604 wp-block-columns-is-layout-flex\">\n<div class=\"wp-block-column is-layout-flow wp-block-column-is-layout-flow\">\n<div class=\"wp-block-group is-layout-flow wp-block-group-is-layout-flow\" style=\"border-top-color:var(--wp--preset--color--accent-6);border-top-width:1px;padding-top:var(--wp--preset--spacing--30);padding-bottom:var(--wp--preset--spacing--30)\">\n<h3 class=\"wp-block-heading\">\u00bfSe puede utilizar un filtro di\u00e9sel Racor en una aplicaci\u00f3n de gasolina?<\/h3>\n\n\n\n<p>Si bien los materiales utilizados en los filtros de combustible Racor para carcasas y sellos son compatibles tanto con di\u00e9sel como con gasolina, existen algunas regulaciones gubernamentales que impiden el uso de filtros di\u00e9sel no aprobados en aplicaciones de gasolina.<\/p>\n\n\n\n<p>Nota importante: El contenido de etanol de gasolina no debe superar los 20%; los filtros de la serie Racor con botones pulsadores de cebador manual de pl\u00e1stico no son adecuados para su uso en aplicaciones de gasolina.<\/p>\n<\/div>\n<\/div>\n\n\n\n<div class=\"wp-block-column is-layout-flow wp-block-column-is-layout-flow\">\n<div class=\"wp-block-group is-layout-flow wp-block-group-is-layout-flow\" style=\"border-top-color:var(--wp--preset--color--accent-6);border-top-width:1px;padding-top:var(--wp--preset--spacing--30);padding-bottom:var(--wp--preset--spacing--30)\">\n<h3 class=\"wp-block-heading\">\u00bfEn qu\u00e9 direcci\u00f3n se coloca la junta de bola de retenci\u00f3n en las turbinas de las series Racor 500, 900 o 1000?<\/h3>\n\n\n\n<p>En las series de turbinas 500 y 900\/1000, el lado plano de la junta va hacia la bola y la bola queda debajo de la junta.<\/p>\n\n\n\n<p id=\"viewer-2xstp834901\">Al volver a ensamblar la serie 500, coloque la bola en la turbina de pl\u00e1stico y coloque la junta con el lado plano hacia abajo, en el \u00e1rea plana superior que rodea la abertura de la turbina.<\/p>\n\n\n\n<p>Para la serie 900\/1000, coloque la bola en la turbina e instale la junta en el orificio de entrada de la carcasa superior. Un borde sostiene la junta. Luego, enrosque la turbina de pl\u00e1stico en la carcasa superior.<\/p>\n<\/div>\n<\/div>\n<\/div>\n<\/div>\n<\/div>","protected":false},"excerpt":{"rendered":"<p>Car-In Automotive We are an specialist automotive parts distributor based in Telgte, Germany. We carry a large selection of popular Racor filters for marine and other heavy duty applications. Our range includes spin-on fuel filters for both petrol and diesel engines, Racor\u2019s famous Turbine assemblies &amp; replacement elements. The Racor range from Parker Hannifin is [&hellip;]<\/p>","protected":false},"author":1,"featured_media":2592,"parent":0,"menu_order":0,"comment_status":"closed","ping_status":"closed","template":"wp-custom-template-pages-wide-featured-image","meta":{"_seopress_robots_primary_cat":"","_seopress_titles_title":"","_seopress_titles_desc":"","_seopress_robots_index":"","footnotes":""},"class_list":["post-2379","page","type-page","status-publish","has-post-thumbnail","hentry"],"acpt":null,"_links":{"self":[{"href":"https:\/\/racorshop.de\/es\/wp-json\/wp\/v2\/pages\/2379","targetHints":{"allow":["GET"]}}],"collection":[{"href":"https:\/\/racorshop.de\/es\/wp-json\/wp\/v2\/pages"}],"about":[{"href":"https:\/\/racorshop.de\/es\/wp-json\/wp\/v2\/types\/page"}],"author":[{"embeddable":true,"href":"https:\/\/racorshop.de\/es\/wp-json\/wp\/v2\/users\/1"}],"replies":[{"embeddable":true,"href":"https:\/\/racorshop.de\/es\/wp-json\/wp\/v2\/comments?post=2379"}],"version-history":[{"count":25,"href":"https:\/\/racorshop.de\/es\/wp-json\/wp\/v2\/pages\/2379\/revisions"}],"predecessor-version":[{"id":3482,"href":"https:\/\/racorshop.de\/es\/wp-json\/wp\/v2\/pages\/2379\/revisions\/3482"}],"wp:featuredmedia":[{"embeddable":true,"href":"https:\/\/racorshop.de\/es\/wp-json\/wp\/v2\/media\/2592"}],"wp:attachment":[{"href":"https:\/\/racorshop.de\/es\/wp-json\/wp\/v2\/media?parent=2379"}],"curies":[{"name":"wp","href":"https:\/\/api.w.org\/{rel}","templated":true}]}}