{"id":953,"date":"2025-02-06T17:14:12","date_gmt":"2025-02-06T17:14:12","guid":{"rendered":"https:\/\/racorshop.de\/?post_type=product&#038;p=953"},"modified":"2025-03-06T20:40:59","modified_gmt":"2025-03-06T20:40:59","slug":"racor-s3216p-spin-on-element","status":"publish","type":"product","link":"https:\/\/racorshop.de\/de\/product\/racor-s3216p-spin-on-element\/","title":{"rendered":"Racor S3216P Aufschraubelement"},"content":{"rendered":"<p>Die Ersatzelemente der Spin-on-Serie sind mit der Reihe der Kraftstofffilter-\/Wasserabscheiderbaugruppen der Spin-on-Serie von Racor kompatibel. Die Elemente weisen eine au\u00dfergew\u00f6hnliche Effizienz bei der Entfernung von sowohl fl\u00fcssigem als auch emulgiertem Wasser auf, weisen eine geringe Einschr\u00e4nkung des Kraftstoffflusses auf und haben eine hohe Schmutzaufnahmekapazit\u00e4t. Dank ihres einzigartigen Designs sind sie f\u00fcr den Einsatz in modernen Diesel- und Benzinmotoren geeignet, wo Hochdruckbedingungen dazu f\u00fchren k\u00f6nnen, dass winzige Schmutz- und Wasserpartikel Pr\u00e4zisionskomponenten besch\u00e4digen und erodieren, was zu Motorsch\u00e4den und l\u00e4ngeren Ausfallzeiten f\u00fchrt.<\/p>\n<p>Der Filterk\u00f6rper ist mit einer langlebigen elektrostatisch aufgetragenen Pulverbeschichtung f\u00fcr \u00fcberragende Korrosionsbest\u00e4ndigkeit gesch\u00fctzt. Das Spin-On-Filterdesign ist einfach zu warten und verf\u00fcgt \u00fcber eine wiederverwendbare Schmutzsammelschale aus durchsichtigem technischem Kunststoff oder Metall mit einem selbstentl\u00fcftenden Abfluss zum Ablassen der gesammelten Schadstoffe und des Wassers.<\/p>\n<p>Alle Ersatzfilterelemente der Racor Spin-on-Serie verwenden das hocheffiziente Aquabloc\u00ae-Filtermedium von Racor. Aquabloc\u00ae ist eine Mischung aus hochwertiger Zellulose, die mit Harzen und einer speziellen chemischen Behandlung vermischt wird. Es enth\u00e4lt Falten und eine abgestufte Porenstruktur, um die Schmutzaufnahmekapazit\u00e4t zu erh\u00f6hen und die Filterlebensdauer zu verl\u00e4ngern. Das Filtermedium ist wasser- und rostbest\u00e4ndig und f\u00e4ngt Verunreinigungen ein, w\u00e4hrend die speziell behandelte Oberfl\u00e4che Wasser vom Kraftstoff trennt und vereinigt, wodurch sich das Wasser in gro\u00dfen Tropfen sammelt, die dann in die Auffangschale des Kraftstofffilters fallen.<\/p>","protected":false},"excerpt":{"rendered":"<p>Part Number: S3216P<br \/>\nMade By: Parker Racor<br \/>\nSpin-on Element 3&#8243; Dia<br \/>\nMarine Replacement Cartridge Filter Elements &#8211; Racor Marine Spin-on Series<\/p>","protected":false},"featured_media":983,"comment_status":"open","ping_status":"closed","template":"","meta":{"_seopress_robots_primary_cat":"","_seopress_titles_title":"","_seopress_titles_desc":"","_seopress_robots_index":""},"product_brand":[1926,1927],"product_cat":[717,188],"product_tag":[932],"class_list":{"0":"post-953","1":"product","2":"type-product","3":"status-publish","4":"has-post-thumbnail","6":"product_brand-parker","7":"product_brand-racor","8":"product_cat-elements-spin-on","9":"product_cat-racor-fuel-filter","10":"product_tag-marine-racor-replacement-elements-spin-on-series","12":"first","13":"onbackorder","14":"taxable","15":"shipping-taxable","16":"purchasable","17":"product-type-simple"},"acpt":{"meta":[{"meta_box":"product-links","meta_fields":[{"name":"product-documents","type":"Post","options":[],"value":null,"default":"","required":false,"showInAdmin":false,"advancedOptions":[]},{"name":"product-videos","type":"Post","options":[],"value":null,"default":"","required":false,"showInAdmin":false,"advancedOptions":[]}]}],"wc_product_data":[]},"_links":{"self":[{"href":"https:\/\/racorshop.de\/de\/wp-json\/wp\/v2\/product\/953","targetHints":{"allow":["GET"]}}],"collection":[{"href":"https:\/\/racorshop.de\/de\/wp-json\/wp\/v2\/product"}],"about":[{"href":"https:\/\/racorshop.de\/de\/wp-json\/wp\/v2\/types\/product"}],"replies":[{"embeddable":true,"href":"https:\/\/racorshop.de\/de\/wp-json\/wp\/v2\/comments?post=953"}],"wp:featuredmedia":[{"embeddable":true,"href":"https:\/\/racorshop.de\/de\/wp-json\/wp\/v2\/media\/983"}],"wp:attachment":[{"href":"https:\/\/racorshop.de\/de\/wp-json\/wp\/v2\/media?parent=953"}],"wp:term":[{"taxonomy":"product_brand","embeddable":true,"href":"https:\/\/racorshop.de\/de\/wp-json\/wp\/v2\/product_brand?post=953"},{"taxonomy":"product_cat","embeddable":true,"href":"https:\/\/racorshop.de\/de\/wp-json\/wp\/v2\/product_cat?post=953"},{"taxonomy":"product_tag","embeddable":true,"href":"https:\/\/racorshop.de\/de\/wp-json\/wp\/v2\/product_tag?post=953"}],"curies":[{"name":"wp","href":"https:\/\/api.w.org\/{rel}","templated":true}]}}