{"id":679,"date":"2025-02-06T17:12:16","date_gmt":"2025-02-06T17:12:16","guid":{"rendered":"https:\/\/racorshop.de\/?post_type=product&#038;p=679"},"modified":"2025-07-09T21:29:50","modified_gmt":"2025-07-09T21:29:50","slug":"racor-r90p-aquabloc-spin-on-element","status":"publish","type":"product","link":"https:\/\/racorshop.de\/de\/product\/racor-r90p-aquabloc-aufdrehelement\/","title":{"rendered":"Racor R90P Aquabloc Aufschraubelement"},"content":{"rendered":"<p><strong>30 Mikron Aquabloc\u00ae Spin-on-Element f\u00fcr die Serien 790R, 690R, 490R, 390RC<\/strong><\/p>\n<p>Die Ersatz-Kartuschenfilterelemente der Spin-on-Serie sind mit den Kraftstofffilter-\/Wasserabscheider-Baugruppen der Spin-on-Serie von Racor kompatibel. Die Elemente zeichnen sich durch eine au\u00dfergew\u00f6hnliche Abscheideleistung sowohl von fl\u00fcssigem als auch von emulgiertem Wasser, eine geringe Durchflussbeschr\u00e4nkung und eine hohe Schmutzaufnahmekapazit\u00e4t aus. Dank ihres einzigartigen Designs eignen sie sich f\u00fcr den Einsatz in modernen Diesel- und Benzinmotoren, wo Hochdruckbedingungen dazu f\u00fchren k\u00f6nnen, dass winzige Schmutz- und Wasserpartikel Pr\u00e4zisionskomponenten besch\u00e4digen und erodieren, was zu Motorsch\u00e4den und l\u00e4ngeren Ausfallzeiten f\u00fchrt.<\/p>\n<p>Der Filterk\u00f6rper ist mit einer langlebigen elektrostatisch aufgetragenen Pulverbeschichtung f\u00fcr \u00fcberragende Korrosionsbest\u00e4ndigkeit gesch\u00fctzt. Das Spin-On-Filterdesign ist einfach zu warten und verf\u00fcgt \u00fcber eine wiederverwendbare Schmutzsammelschale aus durchsichtigem technischem Kunststoff oder Metall mit einem selbstentl\u00fcftenden Abfluss zum Ablassen der gesammelten Schadstoffe und des Wassers.<\/p>\n<p>Alle Ersatzpatronenfilterelemente der Spin-on-Serie verwenden das hocheffiziente Aquabloc\u00ae-Filtermedium von Racor. Aquabloc\u00ae ist eine Mischung aus hochwertiger Zellulose, die mit Harzen und einer speziellen chemischen Behandlung vermischt wird. Es enth\u00e4lt Falten und eine abgestufte Porenstruktur, um die Schmutzaufnahmekapazit\u00e4t zu erh\u00f6hen und die Filterlebensdauer zu verl\u00e4ngern. Das Filtermedium ist wasser- und rostbest\u00e4ndig und f\u00e4ngt Verunreinigungen ein, w\u00e4hrend die speziell behandelte Oberfl\u00e4che Wasser vom Kraftstoff trennt und vereinigt, wodurch sich das Wasser in gro\u00dfen Tropfen sammelt, die dann in die Auffangschale des Kraftstofffilters fallen.<\/p>\n<p>Aquabloc\u00ae-Elemente weisen Wasser ab und entfernen feste Verunreinigungen aus dem Kraftstoff mit einer Effizienz von 98% ihrer Mikron-Klassifizierung. Um den individuellen Anforderungen der Motoren unserer Kunden gerecht zu werden, sind drei verschiedene Mikron-Klassifizierungen erh\u00e4ltlich, darunter:<\/p>\n<ul>\n<li><a href=\"http:\/\/localhost\/racorshop\/product\/racor-r90s-aquabloc-anschraubelement\/\">R90S: \u201e2\u201c Mikrometer (98%@4 Mikrometer)<\/a> \u2013 Sorgt f\u00fcr maximale Wasserentfernung und -filtration und kann alle modernen Einspritzsysteme sch\u00fctzen, w\u00e4hrend es gleichzeitig die Lebensdauer schwer zu wartender Motorfilter erheblich verl\u00e4ngert.<\/li>\n<li><a href=\"http:\/\/localhost\/racorshop\/product\/racor-r90t-aquabloc-anschraubelement\/\">R90T: 10 Mikron (98%@10 Mikron)<\/a> \u2013 F\u00e4ngt mehr Verunreinigungen ein als 30-Mikron-Elemente und h\u00e4lt Wasser effektiver zur\u00fcck. Verl\u00e4ngert die Lebensdauer des gesamten Kraftstoffsystems.<\/li>\n<li><a href=\"http:\/\/localhost\/racorshop\/product\/racor-r90p-aquabloc-anschraubelement\/\">R90P: 30 Mikron (98%@30 Mikron)<\/a> \u2013 Ideal geeignet als Vorfilter zum Schutz nachgeschalteter Filter vor \u00fcberm\u00e4\u00dfiger Verschmutzung. Verl\u00e4ngert die Lebensdauer motorseitiger Filter.<\/li>\n<\/ul>\n<p><strong>Und so geht&#039;s:<\/strong><\/p>\n<p>Filter der Racor Spin-on-Serie verwenden Aquabloc\u00ae-Medien, um Schmutz und Wasser zuverl\u00e4ssig aus Diesel und Benzin zu entfernen. Aquabloc\u00ae-Medien sind gefaltet, gewellt und so angeordnet, dass sie eine hohe Wasserabweisung und lange Lebensdauer gew\u00e4hrleisten. In den Filterkopf eintretender Kraftstoff wird nach unten an den vertikalen Medienfalten vorbeigeleitet, sodass gr\u00f6\u00dfere Wassertropfen und Schmutzpartikel direkt in die Auffangschale fallen. Kleinere Wassertropfen laufen zusammen und vereinigen sich auf der speziell behandelten Medienoberfl\u00e4che, bis sie gro\u00df genug sind, um ebenfalls in die Auffangschale zu fallen. Kleine Schmutzpartikel werden an der Oberfl\u00e4che des Aquabloc\u00ae-Mediums aufgehalten, w\u00e4hrend noch kleinere Partikel tiefer in seinen Schichten zur\u00fcckgehalten werden.<\/p>\n<p><strong>Hinweise zur Verwendung:<\/strong><\/p>\n<p>Die Ersatzteilnummern f\u00fcr Kraftstofffilterelemente sind speziell f\u00fcr die jeweilige Serienbaugruppe und Kraftstoffart ausgelegt. Obwohl Ersatzelemente verschiedener Serien \u00e4u\u00dferlich \u00e4hnlich aussehen k\u00f6nnen, k\u00f6nnen sie unterschiedliche innere Strukturen aufweisen. Versuchen Sie nicht, ein Ersatzelement einer Serie f\u00fcr einen anderen Serientyp zu verwenden.<\/p>\n<p>Klare Beh\u00e4lter sind ein Inspektionspunkt des Kraftstoffsystems. \u00dcberpr\u00fcfen Sie sie regelm\u00e4\u00dfig auf Besch\u00e4digungen, Verformungen und Verf\u00e4rbungen und ersetzen Sie sie bei Bedarf.<\/p>\n<p>Um sicherzustellen, dass Sie das richtige Ersatzelement der Spin-on-Serie ausw\u00e4hlen, befolgen Sie die unten aufgef\u00fchrten Schritte:<\/p>\n<p>1. Suchen Sie die Racor-Serie, die zu Ihrem Filter passt. Informationen zur Identifizierung Ihrer Serie finden Sie in der Brosch\u00fcre RSL7529 auf der Registerkarte \u201eProduktsupport\u201c.<\/p>\n<p>2. Best\u00e4tigen Sie den Verbindungstyp basierend auf dem Durchmesser und dem Gewindetyp der unteren \u00d6ffnung.<\/p>\n<p>3. W\u00e4hlen Sie die Gesamtelementh\u00f6he, die zum auszutauschenden Filterelement passt.<\/p>\n<p>4. W\u00e4hlen Sie die Au\u00dfendurchmessergr\u00f6\u00dfe, die zum auszutauschenden Filterelement passt.<\/p>\n<p>5. W\u00e4hlen Sie den Elementtyp (Mikron-Bewertung) aus, der dem auszutauschenden Filterelement entspricht.<\/p>\n<p>6. Best\u00e4tigen Sie den Gewindetyp (Anschluss oberes Gewinde).<\/p>\n<p>7. Die oben aufgef\u00fchrten Attribute k\u00f6nnen in beliebiger Reihenfolge ausgew\u00e4hlt werden.<\/p>\n<p><strong>M\u00e4rkte:<\/strong><\/p>\n<ul>\n<li>Landwirtschaft<\/li>\n<li>Konstruktion<\/li>\n<li>Stromerzeugung<\/li>\n<li>\u00d6l und Gas<\/li>\n<li>On- oder Off-Highway<\/li>\n<\/ul>\n<p><strong>Anwendungen:<\/strong><\/p>\n<ul>\n<li>Diesel- und Biodieselmotoren<\/li>\n<li>Benzinmotoren<\/li>\n<\/ul>\n<p><strong>Vorteile:<\/strong><\/p>\n<ul>\n<li>Hocheffiziente Aquabloc\u00ae-Medien helfen OEM-Dieselmotoren, die strengen gesetzlichen Emissionsstandards einzuhalten<\/li>\n<li>Bietet eine hervorragende Entfernung von Wasser, das durch Kondensation oder auf andere Weise im Kraftstofftank in das System gelangt. Wasser im Kraftstoffstrom f\u00f6rdert Bakterienwachstum, was zu verstopften Filtern und der Bildung \u00e4tzender S\u00e4uren f\u00fchren kann. Anf\u00e4llige Komponenten rosten und korrodieren, was zu Erosion und Verschlei\u00df kritischer Kraftstoffsystemkomponenten f\u00fchrt.<\/li>\n<li>Verhindert kostspielige Injektorsch\u00e4den und erh\u00f6ht die Lebensdauer nachgeschalteter Filter.<\/li>\n<li>Entfernt harte Schmutzpartikel aus der Luft, die beim Tanken eingebracht werden, wie beispielsweise Sand und Kiesels\u00e4ure.<\/li>\n<li>Spart Zeit und Geld durch Vermeidung ungeplanter Wartungsarbeiten und ungeplanter Ausfallzeiten durch Ausf\u00e4lle von Systemkomponenten.<\/li>\n<\/ul>\n<p><strong>Merkmale:<\/strong><\/p>\n<ul>\n<li>Verschiedene Gr\u00f6\u00dfen, Durchflussraten und Mikronwerte (98%-Effizienz bei 4, 10 oder 30 Mikron) verf\u00fcgbar, um die individuellen Anforderungen der Filtersysteme der Kunden zu erf\u00fcllen.<\/li>\n<li>Der Aufdruck auf den Dosen ist farbkodiert, um eine einfache Identifizierung und Anwendung zu erm\u00f6glichen \u2013 rote Schrift f\u00fcr 30 Mikron Prim\u00e4rfiltration, blaue Schrift f\u00fcr 10 Mikron Prim\u00e4r- oder Sekund\u00e4rfiltration und braune Schrift f\u00fcr 2 Mikron Sekund\u00e4r-\/Endfiltration<\/li>\n<li>Erstellt in einer ISO TS 16949-Qualit\u00e4tssystemumgebung gem\u00e4\u00df den Umweltanforderungen von ISO 14001.<\/li>\n<li>Korrosionsbest\u00e4ndige Beschichtungen und Konstruktion<\/li>\n<li>Elemente weisen eine hohe Schmutzaufnahmekapazit\u00e4t und lange Lebensdauer auf<\/li>\n<li>Wiederverwendbare, durchsichtige Auffangschale aus technischem Kunststoff oder Metall mit selbstentl\u00fcftendem Abfluss<\/li>\n<\/ul>","protected":false},"excerpt":{"rendered":"<p>Part Number: R90P<br \/>\nMade By: Parker Racor<br \/>\nAquabloc Spin-on Element 4.25&#8243;<br \/>\nReplacement Cartridge Filter Elements &#8211; Racor Spin-on Series<\/p>","protected":false},"featured_media":744,"comment_status":"open","ping_status":"closed","template":"","meta":{"_seopress_robots_primary_cat":"","_seopress_titles_title":"","_seopress_titles_desc":"","_seopress_robots_index":""},"product_brand":[1926,1927],"product_cat":[717,188],"product_tag":[718],"class_list":{"0":"post-679","1":"product","2":"type-product","3":"status-publish","4":"has-post-thumbnail","6":"product_brand-parker","7":"product_brand-racor","8":"product_cat-elements-spin-on","9":"product_cat-racor-fuel-filter","10":"product_tag-racor-replacement-elements-spin-on-series","12":"first","13":"instock","14":"taxable","15":"shipping-taxable","16":"purchasable","17":"product-type-simple"},"acpt":{"meta":[{"meta_box":"product-links","meta_fields":[{"name":"product-documents","type":"Post","options":[],"value":[2961],"default":"","required":false,"showInAdmin":false,"advancedOptions":[]},{"name":"product-videos","type":"Post","options":[],"value":null,"default":"","required":false,"showInAdmin":false,"advancedOptions":[]}]}],"wc_product_data":[]},"_links":{"self":[{"href":"https:\/\/racorshop.de\/de\/wp-json\/wp\/v2\/product\/679","targetHints":{"allow":["GET"]}}],"collection":[{"href":"https:\/\/racorshop.de\/de\/wp-json\/wp\/v2\/product"}],"about":[{"href":"https:\/\/racorshop.de\/de\/wp-json\/wp\/v2\/types\/product"}],"replies":[{"embeddable":true,"href":"https:\/\/racorshop.de\/de\/wp-json\/wp\/v2\/comments?post=679"}],"wp:featuredmedia":[{"embeddable":true,"href":"https:\/\/racorshop.de\/de\/wp-json\/wp\/v2\/media\/744"}],"wp:attachment":[{"href":"https:\/\/racorshop.de\/de\/wp-json\/wp\/v2\/media?parent=679"}],"wp:term":[{"taxonomy":"product_brand","embeddable":true,"href":"https:\/\/racorshop.de\/de\/wp-json\/wp\/v2\/product_brand?post=679"},{"taxonomy":"product_cat","embeddable":true,"href":"https:\/\/racorshop.de\/de\/wp-json\/wp\/v2\/product_cat?post=679"},{"taxonomy":"product_tag","embeddable":true,"href":"https:\/\/racorshop.de\/de\/wp-json\/wp\/v2\/product_tag?post=679"}],"curies":[{"name":"wp","href":"https:\/\/api.w.org\/{rel}","templated":true}]}}