{"id":609,"date":"2025-02-06T17:11:53","date_gmt":"2025-02-06T17:11:53","guid":{"rendered":"https:\/\/racorshop.de\/?post_type=product&#038;p=609"},"modified":"2025-03-06T20:40:57","modified_gmt":"2025-03-06T20:40:57","slug":"racor-r12p-aquabloc-spin-on-element","status":"publish","type":"product","link":"https:\/\/racorshop.de\/de\/product\/racor-r12p-aquabloc-aufdrehelement\/","title":{"rendered":"Racor R12P Aquabloc Aufschraubelement"},"content":{"rendered":"<p><strong>Ersatz-Andreh-Kraftstofffilterelement Racor R12P (30 Mikron) f\u00fcr den Einsatz in Filterbaugruppen der Serien 120A oder 140R.<br \/>\n<\/strong><\/p>\n<p>Die Ersatzelemente der Spin-on-Serie sind mit der Reihe der Kraftstofffilter-\/Wasserabscheiderbaugruppen der Spin-on-Serie von Racor kompatibel. Die Elemente weisen eine au\u00dfergew\u00f6hnliche Effizienz bei der Entfernung von sowohl fl\u00fcssigem als auch emulgiertem Wasser auf, weisen eine geringe Einschr\u00e4nkung des Kraftstoffflusses auf und haben eine hohe Schmutzaufnahmekapazit\u00e4t. Dank ihres einzigartigen Designs sind sie f\u00fcr den Einsatz in modernen Diesel- und Benzinmotoren geeignet, wo Hochdruckbedingungen dazu f\u00fchren k\u00f6nnen, dass winzige Schmutz- und Wasserpartikel Pr\u00e4zisionskomponenten besch\u00e4digen und erodieren, was zu Motorsch\u00e4den und l\u00e4ngeren Ausfallzeiten f\u00fchrt.<\/p>\n<p>Der Filterk\u00f6rper ist mit einer langlebigen elektrostatisch aufgetragenen Pulverbeschichtung f\u00fcr \u00fcberragende Korrosionsbest\u00e4ndigkeit gesch\u00fctzt. Das Spin-On-Filterdesign ist einfach zu warten und verf\u00fcgt \u00fcber eine wiederverwendbare Schmutzsammelschale aus durchsichtigem technischem Kunststoff oder Metall mit einem selbstentl\u00fcftenden Abfluss zum Ablassen der gesammelten Schadstoffe und des Wassers.<\/p>\n<p>Alle Ersatzfilterelemente der Racor Spin-on-Serie verwenden das hocheffiziente Aquabloc\u00ae-Filtermedium von Racor. Aquabloc\u00ae ist eine Mischung aus hochwertiger Zellulose, die mit Harzen und einer speziellen chemischen Behandlung vermischt wird. Es enth\u00e4lt Falten und eine abgestufte Porenstruktur, um die Schmutzaufnahmekapazit\u00e4t zu erh\u00f6hen und die Filterlebensdauer zu verl\u00e4ngern. Das Filtermedium ist wasser- und rostbest\u00e4ndig und f\u00e4ngt Verunreinigungen ein, w\u00e4hrend die speziell behandelte Oberfl\u00e4che Wasser vom Kraftstoff trennt und vereinigt, wodurch sich das Wasser in gro\u00dfen Tropfen sammelt, die dann in die Auffangschale des Kraftstofffilters fallen.<\/p>\n<p>Aquabloc\u00ae-Elemente weisen Wasser ab und entfernen feste Verunreinigungen aus dem Kraftstoff mit einer Effizienz von 98% ihrer Mikron-Klassifizierung. Um den individuellen Anforderungen der Motoren unserer Kunden gerecht zu werden, sind drei verschiedene Mikron-Klassifizierungen erh\u00e4ltlich, darunter:<\/p>\n<p>Siehe auch <a href=\"http:\/\/localhost\/racorshop\/product\/racor-r12t-aquabloc-anschraubelement\/\">Racor R12T<\/a> \u2013 10 Mikron (98%@10 Mikron) \u2013 F\u00e4ngt mehr Verunreinigungen ein als 30-Mikron-Elemente und h\u00e4lt Wasser wirksamer zur\u00fcck. Verl\u00e4ngert die Lebensdauer des gesamten Kraftstoffsystems.<\/p>\n<p>Siehe auch <a href=\"http:\/\/localhost\/racorshop\/product\/racor-r12s-aquabloc-anschraubelement\/\">Racor R12S<\/a> \u2013 \u201e2\u201c Mikron (98%@4 Mikron) \u2013 Sorgt f\u00fcr maximale Wasserentfernung und -filterung und kann alle modernen Einspritzsysteme sch\u00fctzen und gleichzeitig die Lebensdauer schwer zu wartender Motorfilter erheblich verl\u00e4ngern.<\/p>","protected":false},"excerpt":{"rendered":"<p>Part Number: R12P<\/p>\n<p>Made By: Parker Racor<\/p>\n<p>Aquabloc Spin-on Element 3&#8243; Dia<\/p>\n<p>Replacement Cartridge Filter Elements &#8211; Racor Spin-on Series<\/p>","protected":false},"featured_media":642,"comment_status":"open","ping_status":"closed","template":"","meta":{"_seopress_robots_primary_cat":"","_seopress_titles_title":"","_seopress_titles_desc":"","_seopress_robots_index":""},"product_brand":[1926,1927],"product_cat":[717,188],"product_tag":[718],"class_list":{"0":"post-609","1":"product","2":"type-product","3":"status-publish","4":"has-post-thumbnail","6":"product_brand-parker","7":"product_brand-racor","8":"product_cat-elements-spin-on","9":"product_cat-racor-fuel-filter","10":"product_tag-racor-replacement-elements-spin-on-series","12":"first","13":"instock","14":"taxable","15":"shipping-taxable","16":"purchasable","17":"product-type-simple"},"acpt":{"meta":[{"meta_box":"product-links","meta_fields":[{"name":"product-documents","type":"Post","options":[],"value":null,"default":"","required":false,"showInAdmin":false,"advancedOptions":[]},{"name":"product-videos","type":"Post","options":[],"value":null,"default":"","required":false,"showInAdmin":false,"advancedOptions":[]}]}],"wc_product_data":[]},"_links":{"self":[{"href":"https:\/\/racorshop.de\/de\/wp-json\/wp\/v2\/product\/609","targetHints":{"allow":["GET"]}}],"collection":[{"href":"https:\/\/racorshop.de\/de\/wp-json\/wp\/v2\/product"}],"about":[{"href":"https:\/\/racorshop.de\/de\/wp-json\/wp\/v2\/types\/product"}],"replies":[{"embeddable":true,"href":"https:\/\/racorshop.de\/de\/wp-json\/wp\/v2\/comments?post=609"}],"wp:featuredmedia":[{"embeddable":true,"href":"https:\/\/racorshop.de\/de\/wp-json\/wp\/v2\/media\/642"}],"wp:attachment":[{"href":"https:\/\/racorshop.de\/de\/wp-json\/wp\/v2\/media?parent=609"}],"wp:term":[{"taxonomy":"product_brand","embeddable":true,"href":"https:\/\/racorshop.de\/de\/wp-json\/wp\/v2\/product_brand?post=609"},{"taxonomy":"product_cat","embeddable":true,"href":"https:\/\/racorshop.de\/de\/wp-json\/wp\/v2\/product_cat?post=609"},{"taxonomy":"product_tag","embeddable":true,"href":"https:\/\/racorshop.de\/de\/wp-json\/wp\/v2\/product_tag?post=609"}],"curies":[{"name":"wp","href":"https:\/\/api.w.org\/{rel}","templated":true}]}}