{"id":546,"date":"2025-02-06T17:11:38","date_gmt":"2025-02-06T17:11:38","guid":{"rendered":"https:\/\/racorshop.de\/?post_type=product&#038;p=546"},"modified":"2026-01-28T12:46:43","modified_gmt":"2026-01-28T12:46:43","slug":"racor-500fg30-fuel-water-separator-500fg","status":"publish","type":"product","link":"https:\/\/racorshop.de\/de\/product\/racor-500fg30-kraftstoff-wasserabscheider-500fg\/","title":{"rendered":"Racor 500FG30 Fuel Water Separator"},"content":{"rendered":"<p><a href=\"https:\/\/racorshop.de\/wp-content\/uploads\/2025\/02\/500FG-Teile-mit-link-de.pdf\">500FG Einzelteile_deutsch de<\/a><br \/>\n<a href=\"https:\/\/racorshop.de\/wp-content\/uploads\/2025\/02\/500FG-Teile-mit-links.pdf\">500FG spareparts_english<\/a><\/p>\n<p>Der Racor 500FG30 Marine-Diesel-Wasserabscheider und Kraftstofffilter wird mit einem 30-Mikron-Filter und einer Glasschale zur sichtbaren Wassererkennung geliefert. Er ist nur f\u00fcr die Installation eines Prim\u00e4rfilters vorgesehen. Die Filterbaugruppen der Turbinenserie von Racor sind f\u00fcr die Installation auf der Vakuumseite der Kraftstofftransferpumpe vorgesehen, um optimale Effizienz zu erzielen und pr\u00e4zise Motorkomponenten vor Schmutz, Rost, Algen, Asphalt, Lacken und insbesondere Wasser zu sch\u00fctzen, das in Kraftstoffen f\u00fcr Bootsmotoren h\u00e4ufig vorkommt.<\/p>\n<ul>\n<li>30 Mikron (98%@30 Mikron)<\/li>\n<li>Kann als Vorfilter verwendet werden, um nachgeschaltete Filter vor \u00fcberm\u00e4\u00dfiger Verschmutzung zu sch\u00fctzen<\/li>\n<li>Verl\u00e4ngert die Lebensdauer vorhandener Motorfilter<\/li>\n<\/ul>","protected":false},"excerpt":{"rendered":"<p>Part Number: 500FG30<\/p>\n<p>Made By: Parker Racor<\/p>\n<p>Fuel Filter\/Water Separator-500FG<\/p>\n<p>Fuel Filter Water Separator &#8211; Racor Turbine Series<\/p>","protected":false},"featured_media":569,"comment_status":"closed","ping_status":"closed","template":"","meta":{"_seopress_robots_primary_cat":"none","_seopress_titles_title":"","_seopress_titles_desc":"","_seopress_robots_index":""},"product_brand":[1926,1927],"product_cat":[188,189,21],"product_tag":[651],"class_list":{"0":"post-546","1":"product","2":"type-product","3":"status-publish","4":"has-post-thumbnail","6":"product_brand-parker","7":"product_brand-racor","8":"product_cat-racor-fuel-filter","9":"product_cat-water-separators","10":"product_cat-z-poa","11":"product_tag-fuel-filter-water-separator-turbine-series","13":"first","14":"onbackorder","15":"taxable","16":"shipping-taxable","17":"purchasable","18":"product-type-simple"},"acpt":{"meta":[{"meta_box":"product-links","meta_fields":[{"name":"product-documents","type":"Post","options":[],"value":null,"default":"","required":false,"showInAdmin":false,"advancedOptions":[]},{"name":"product-videos","type":"Post","options":[],"value":["2800","2801"],"default":"","required":false,"showInAdmin":false,"advancedOptions":[]}]}],"wc_product_data":[]},"_links":{"self":[{"href":"https:\/\/racorshop.de\/de\/wp-json\/wp\/v2\/product\/546","targetHints":{"allow":["GET"]}}],"collection":[{"href":"https:\/\/racorshop.de\/de\/wp-json\/wp\/v2\/product"}],"about":[{"href":"https:\/\/racorshop.de\/de\/wp-json\/wp\/v2\/types\/product"}],"replies":[{"embeddable":true,"href":"https:\/\/racorshop.de\/de\/wp-json\/wp\/v2\/comments?post=546"}],"wp:featuredmedia":[{"embeddable":true,"href":"https:\/\/racorshop.de\/de\/wp-json\/wp\/v2\/media\/569"}],"wp:attachment":[{"href":"https:\/\/racorshop.de\/de\/wp-json\/wp\/v2\/media?parent=546"}],"wp:term":[{"taxonomy":"product_brand","embeddable":true,"href":"https:\/\/racorshop.de\/de\/wp-json\/wp\/v2\/product_brand?post=546"},{"taxonomy":"product_cat","embeddable":true,"href":"https:\/\/racorshop.de\/de\/wp-json\/wp\/v2\/product_cat?post=546"},{"taxonomy":"product_tag","embeddable":true,"href":"https:\/\/racorshop.de\/de\/wp-json\/wp\/v2\/product_tag?post=546"}],"curies":[{"name":"wp","href":"https:\/\/api.w.org\/{rel}","templated":true}]}}