{"id":436,"date":"2025-02-06T17:10:57","date_gmt":"2025-02-06T17:10:57","guid":{"rendered":"https:\/\/racorshop.de\/?post_type=product&#038;p=436"},"modified":"2026-04-30T06:28:54","modified_gmt":"2026-04-30T06:28:54","slug":"racor-2010pmor-fuel-cartridge-30-micron","status":"publish","type":"product","link":"https:\/\/racorshop.de\/de\/product\/racor-2010pmor-tankpatrone-30-mikron\/","title":{"rendered":"Racor 2010PMOR-Kraftstoffkartusche (30 Mikron)"},"content":{"rendered":"<p><strong>Ersatz-Kartuschenfilterelement f\u00fcr Turbinenfiltergeh\u00e4use der Serie Racor 500.<\/strong><\/p>\n<ul>\n<li>Diesel\/Biodiesel B20-Motoren<\/li>\n<li>Original Racor Aquabloc Filterkartusche<\/li>\n<li>Mikron-Bewertung: 98% bei 30 Mikron<\/li>\n<li>Rot farbcodierte Endkappen<\/li>\n<li>Dichtungen inklusive<\/li>\n<\/ul>\n<p>Ideal als Vorfilter zum Schutz nachgeschalteter Filter vor \u00fcberm\u00e4\u00dfiger Verschmutzung. Verl\u00e4ngert die Lebensdauer der Hauptkraftstofffilter.<\/p>","protected":false},"excerpt":{"rendered":"<p>Part Number: 2010PM-OR<\/p>\n<p>Made By: Parker Racor<\/p>\n<p>Portable Filter Cart Elements 2000-2040<\/p>\n<p>Replacement Cartridge Filter Element for Turbine Series Filters &#8211; Racor<\/p>","protected":false},"featured_media":1285,"comment_status":"closed","ping_status":"closed","template":"","meta":{"_seopress_robots_primary_cat":"none","_seopress_titles_title":"","_seopress_titles_desc":"","_seopress_robots_index":""},"product_brand":[1926,1927],"product_cat":[264,188],"product_tag":[1025],"class_list":{"0":"post-436","1":"product","2":"type-product","3":"status-publish","4":"has-post-thumbnail","6":"product_brand-parker","7":"product_brand-racor","8":"product_cat-elements-cartridge","9":"product_cat-racor-fuel-filter","10":"product_tag-racor-replacement-elements-turbine-series","12":"first","13":"instock","14":"taxable","15":"shipping-taxable","16":"purchasable","17":"product-type-simple"},"acpt":{"meta":[{"meta_box":"product-links","meta_fields":[{"name":"product-documents","type":"Post","options":[],"value":["2961"],"default":"","required":false,"showInAdmin":false,"advancedOptions":[]},{"name":"product-videos","type":"Post","options":[],"value":[3612],"default":"","required":false,"showInAdmin":false,"advancedOptions":[]}]}],"wc_product_data":[]},"_links":{"self":[{"href":"https:\/\/racorshop.de\/de\/wp-json\/wp\/v2\/product\/436","targetHints":{"allow":["GET"]}}],"collection":[{"href":"https:\/\/racorshop.de\/de\/wp-json\/wp\/v2\/product"}],"about":[{"href":"https:\/\/racorshop.de\/de\/wp-json\/wp\/v2\/types\/product"}],"replies":[{"embeddable":true,"href":"https:\/\/racorshop.de\/de\/wp-json\/wp\/v2\/comments?post=436"}],"wp:featuredmedia":[{"embeddable":true,"href":"https:\/\/racorshop.de\/de\/wp-json\/wp\/v2\/media\/1285"}],"wp:attachment":[{"href":"https:\/\/racorshop.de\/de\/wp-json\/wp\/v2\/media?parent=436"}],"wp:term":[{"taxonomy":"product_brand","embeddable":true,"href":"https:\/\/racorshop.de\/de\/wp-json\/wp\/v2\/product_brand?post=436"},{"taxonomy":"product_cat","embeddable":true,"href":"https:\/\/racorshop.de\/de\/wp-json\/wp\/v2\/product_cat?post=436"},{"taxonomy":"product_tag","embeddable":true,"href":"https:\/\/racorshop.de\/de\/wp-json\/wp\/v2\/product_tag?post=436"}],"curies":[{"name":"wp","href":"https:\/\/api.w.org\/{rel}","templated":true}]}}