{"id":372,"date":"2025-02-06T17:10:36","date_gmt":"2025-02-06T17:10:36","guid":{"rendered":"https:\/\/racorshop.de\/?post_type=product&#038;p=372"},"modified":"2025-03-11T22:54:55","modified_gmt":"2025-03-11T22:54:55","slug":"racor-pff5607-p-series-fuel-filter","status":"publish","type":"product","link":"https:\/\/racorshop.de\/de\/product\/kraftstofffilter-der-racor-pff5607-p-serie\/","title":{"rendered":"Racor PFF5607 Kraftstofffilter der P-Serie"},"content":{"rendered":"<p>Die Ersatz-Kartuschenfilterelemente der P-Serie sind mit den Dieselkraftstoffaufbereitungsmodulen (DFCM) der Racor-Serien P3, P4 und P5 kompatibel. Die Elemente verwenden das propriet\u00e4re Aquabloc\u00ae-Material, das eine hervorragende Wasserabscheidung und Schmutzaufnahme erm\u00f6glicht.<\/p>\n<p>Diese Elemente zeichnen sich durch eine au\u00dfergew\u00f6hnliche Entfernungseffizienz von Wasser und Emulsionen, eine geringe Einschr\u00e4nkung des Kraftstoffflusses und eine hohe Schmutzaufnahmekapazit\u00e4t aus. Dank ihres einzigartigen Designs eignen sie sich hervorragend f\u00fcr moderne Diesel- und Benzinmotoren, wo Hochdruckbedingungen dazu f\u00fchren k\u00f6nnen, dass winzige Schmutz- und Wasserpartikel Pr\u00e4zisionskomponenten besch\u00e4digen und erodieren, was zu Motorsch\u00e4den und l\u00e4ngeren Ausfallzeiten f\u00fchrt.<\/p>\n<p>Die Ersatzfilterpatronen der P-Serie verwenden das hocheffiziente Aquabloc\u00ae-Filtermedium von Racor. Aquabloc\u00ae ist eine Mischung aus hochwertiger Zellulose, Harzen und einer speziellen chemischen Behandlung. Es verf\u00fcgt \u00fcber Falten und eine abgestufte Porenstruktur, um die Schmutzaufnahmekapazit\u00e4t zu erh\u00f6hen und die Filterlebensdauer zu verl\u00e4ngern. Das Filtermedium ist wasser- und rostbest\u00e4ndig und f\u00e4ngt Verunreinigungen ein, w\u00e4hrend die speziell behandelte Oberfl\u00e4che Wasser vom Kraftstoff trennt und vereinigt. Dadurch sammelt sich das Wasser zu gro\u00dfen Tropfen, die in die transparente Auffangschale des Kraftstofffilters fallen.<\/p>\n<p>Aquabloc\u00ae-Elemente weisen Wasser ab und entfernen feste Verunreinigungen aus dem Kraftstoff mit einer Effizienz von 98% ihrer Mikron-Bewertung.<\/p>\n<p><strong>Filtrationsoptionen:<\/strong><\/p>\n<ul>\n<li>30 Mikron (98%@30 Mikron) \u2013 Ideal als Vorfilter geeignet, um nachgeschaltete Filter vor \u00fcberm\u00e4\u00dfiger Verschmutzung zu sch\u00fctzen. Verl\u00e4ngert die Lebensdauer von Motorfiltern.<\/li>\n<li>10 Mikron (98%@10 Mikron) \u2013 F\u00e4ngt mehr Verunreinigungen ein als 30-Mikron-Elemente und h\u00e4lt Wasser wirksamer zur\u00fcck. Verl\u00e4ngert die Lebensdauer des gesamten Kraftstoffsystems.<\/li>\n<li>\u201e2\u201c Mikron (98%@4 Mikron) \u2013 Sorgt f\u00fcr maximale Wasserentfernung und -filtration und kann alle modernen Einspritzsysteme sch\u00fctzen, w\u00e4hrend es gleichzeitig die Lebensdauer schwer zu wartender Motorfilter erheblich verl\u00e4ngert.<\/li>\n<\/ul>\n<p><strong>So funktionieren sie:<\/strong><\/p>\n<p>Die Kraftstoffaufbereitungsmodule der P-Serie verf\u00fcgen \u00fcber eine prim\u00e4re, gefaltete Kraftstofffilterpatrone, die Partikelverunreinigungen und freies Wasser abh\u00e4lt. Sauberer, trockener Kraftstoff gelangt dann in die integrierte Kraftstoffpumpe, die das restliche Kraftstoffsystem mit Durchfluss und Druck versorgt.<\/p>\n<p>Die Kraftstoffaufbereitungsmodul-Version wird in einem geschlossenen Kreislaufsystem oder als Kraftstofftransfersystem mit einem maximalen Ausgangsdruck von 179 kPa (26 psi) eingesetzt. Durch Zirkulation und Filterung des Kraftstoffs im Tank wird dieser sauber und trocken gehalten, bevor er in ein Fahrzeug oder einen station\u00e4ren Kraftstofftank geleitet wird.<\/p>\n<p>Beide Module der P-Serie enthalten leistungsstarke Aquabloc\u00ae-Medien in einem Kartuschendesign, das eine hervorragende Filterung bietet und gleichzeitig umweltfreundlich ist.<\/p>","protected":false},"excerpt":{"rendered":"<p>Part Number: PFF5607<\/p>\n<p>Made By: Parker Racor<\/p>\n<p>P Series Replacement Fuel Filter Cartridge-Parfit<\/p>\n<p>Replacement Cartridge Filter Elements &#8211; Racor P Series<\/p>","protected":false},"featured_media":367,"comment_status":"open","ping_status":"closed","template":"","meta":{"_seopress_robots_primary_cat":"","_seopress_titles_title":"","_seopress_titles_desc":"","_seopress_robots_index":""},"product_brand":[1926,1927],"product_cat":[264,188],"product_tag":[518],"class_list":{"0":"post-372","1":"product","2":"type-product","3":"status-publish","4":"has-post-thumbnail","6":"product_brand-parker","7":"product_brand-racor","8":"product_cat-elements-cartridge","9":"product_cat-racor-fuel-filter","10":"product_tag-racor-replacement-elements-p-series","12":"first","13":"instock","14":"taxable","15":"shipping-taxable","16":"purchasable","17":"product-type-simple"},"acpt":{"meta":[{"meta_box":"product-links","meta_fields":[{"name":"product-documents","type":"Post","options":[],"value":[2300],"default":"","required":false,"showInAdmin":false,"advancedOptions":[]},{"name":"product-videos","type":"Post","options":[],"value":null,"default":"","required":false,"showInAdmin":false,"advancedOptions":[]}]}],"wc_product_data":[]},"_links":{"self":[{"href":"https:\/\/racorshop.de\/de\/wp-json\/wp\/v2\/product\/372","targetHints":{"allow":["GET"]}}],"collection":[{"href":"https:\/\/racorshop.de\/de\/wp-json\/wp\/v2\/product"}],"about":[{"href":"https:\/\/racorshop.de\/de\/wp-json\/wp\/v2\/types\/product"}],"replies":[{"embeddable":true,"href":"https:\/\/racorshop.de\/de\/wp-json\/wp\/v2\/comments?post=372"}],"wp:featuredmedia":[{"embeddable":true,"href":"https:\/\/racorshop.de\/de\/wp-json\/wp\/v2\/media\/367"}],"wp:attachment":[{"href":"https:\/\/racorshop.de\/de\/wp-json\/wp\/v2\/media?parent=372"}],"wp:term":[{"taxonomy":"product_brand","embeddable":true,"href":"https:\/\/racorshop.de\/de\/wp-json\/wp\/v2\/product_brand?post=372"},{"taxonomy":"product_cat","embeddable":true,"href":"https:\/\/racorshop.de\/de\/wp-json\/wp\/v2\/product_cat?post=372"},{"taxonomy":"product_tag","embeddable":true,"href":"https:\/\/racorshop.de\/de\/wp-json\/wp\/v2\/product_tag?post=372"}],"curies":[{"name":"wp","href":"https:\/\/api.w.org\/{rel}","templated":true}]}}