{"id":359,"date":"2025-02-06T17:10:26","date_gmt":"2025-02-06T17:10:26","guid":{"rendered":"https:\/\/racorshop.de\/?post_type=product&#038;p=359"},"modified":"2025-03-06T20:42:17","modified_gmt":"2025-03-06T20:42:17","slug":"racor-r580392-greenmax-filter-cartridge","status":"publish","type":"product","link":"https:\/\/racorshop.de\/de\/product\/racor-r580392-greenmax-filterpatrone\/","title":{"rendered":"Racor R580392 GreenMax-Filterkartusche"},"content":{"rendered":"<p>GreenMAX\u2122 Ersatzpatronenfilterelemente sind f\u00fcr den Einsatz in GreenMAX-Kraftstofffiltergeh\u00e4usen (6600, 4400) konzipiert. Die Elemente verwenden propriet\u00e4re Aquabloc\u00ae-Medien, die ihnen eine hervorragende Wasserentfernung und Schmutzaufnahmef\u00e4higkeit verleihen.<\/p>\n<p>Die Ersatzelemente weisen eine au\u00dfergew\u00f6hnliche Entfernungseffizienz sowohl von fl\u00fcssigem als auch emulgiertem Wasser auf, weisen eine geringe Einschr\u00e4nkung des Kraftstoffflusses und eine hohe Schmutzaufnahmekapazit\u00e4t auf. Das einzigartige Design der GreenMax-Kartuschen macht sie ideal f\u00fcr moderne Dieselmotorenanwendungen, bei denen Hochdruckbedingungen dazu f\u00fchren k\u00f6nnen, dass winzige Schmutz- und Wasserpartikel Pr\u00e4zisionskomponenten besch\u00e4digen und erodieren, was zu Motorsch\u00e4den und l\u00e4ngeren Ausfallzeiten f\u00fchrt.<\/p>\n<p>Alle Ersatzpatronenfilterelemente der GreenMAX-Serie verwenden das hocheffiziente Aquabloc\u00ae-Filtermedium von Racor. Aquabloc\u00ae ist eine Mischung aus hochwertiger Zellulose, die mit Harzen und einer speziellen chemischen Behandlung vermischt wird. Es enth\u00e4lt Falten und eine abgestufte Porenstruktur, um die Schmutzaufnahmekapazit\u00e4t zu erh\u00f6hen und die Filterlebensdauer zu verl\u00e4ngern. Das Filtermedium ist wasser- und rostbest\u00e4ndig und f\u00e4ngt Verunreinigungen ein, w\u00e4hrend die speziell behandelte Oberfl\u00e4che Wasser vom Kraftstoff trennt und vereinigt, wodurch sich das Wasser in gro\u00dfen Tropfen sammelt, die dann in die durchsichtige Auffangschale des Kraftstofffilters fallen.<\/p>\n<p><strong>Filtrationsoptionen:<\/strong><\/p>\n<p>30 Mikron (98%@30 Mikron) \u2013 Ideal als Vorfilter geeignet, um nachgeschaltete Filter vor \u00fcberm\u00e4\u00dfiger Verschmutzung zu sch\u00fctzen. Verl\u00e4ngert die Lebensdauer von Motorfiltern.<\/p>\n<p>10 Mikron (98%@10 Mikron) \u2013 F\u00e4ngt mehr Verunreinigungen ein als 30-Mikron-Elemente und h\u00e4lt Wasser wirksamer zur\u00fcck. Verl\u00e4ngert die Lebensdauer des gesamten Kraftstoffsystems.<\/p>\n<p>\u201e2\u201c Mikron (98%@4 Mikron) \u2013 Sorgt f\u00fcr maximale Wasserentfernung und -filtration und kann alle modernen Einspritzsysteme sch\u00fctzen, w\u00e4hrend es gleichzeitig die Lebensdauer schwer zu wartender Motorfilter erheblich verl\u00e4ngert.<\/p>\n<p>Tiefenkoaleszer (98%@4 Mikrometer) \u2013 Das Aquabloc\u00ae-Tiefenkoaleszermedium wurde f\u00fcr OEM-Kunden entwickelt, die eine un\u00fcbertroffene Effizienz bei der Entfernung von emulgiertem Wasser aus Kraftstoffen schlechter Qualit\u00e4t und mit Biodiesel vermischten Kraftstoffen ben\u00f6tigen. Tiefenkoaleszer verwenden ein mehrstufiges System, das aus einem Prim\u00e4relement besteht, bei dem Kraftstoff und emulgiertes Wasser durch mehrere Schichten ultrafeiner und dicht gepackter Fasern flie\u00dfen. Diese Fasern ziehen das emulgierte Wasser aus dem Kraftstoff an, sodass sich beim Durchflie\u00dfen von Kraftstoff und Wasser feine Wassertr\u00f6pfchen entlang der Fasern bilden k\u00f6nnen. Wenn die feinen Wassertr\u00f6pfchen auf der anderen Seite austreten, sammelt eine letzte Siebschicht die Wassertropfen zu gr\u00f6\u00dferen Gr\u00f6\u00dfen. Als n\u00e4chstes stellt ein Sekund\u00e4relement ein letztes Barrieremedium dar, das die Wassertropfen stoppt und sammelt, bis sie gro\u00df genug sind, um in die Schale zu fallen. Die Partikelerfassung erfolgt w\u00e4hrend der gesamten Prim\u00e4rstufe.<\/p>","protected":false},"excerpt":{"rendered":"<p>Part Number: R58039-2<br \/>\nMade By: Parker Racor<br \/>\nGreenMax Replacement Fuel Filter Cartridge<br \/>\nReplacement Cartridge Filter Elements &#8211; Racor P Series<\/p>","protected":false},"featured_media":368,"comment_status":"open","ping_status":"closed","template":"","meta":{"_seopress_robots_primary_cat":"","_seopress_titles_title":"","_seopress_titles_desc":"","_seopress_robots_index":""},"product_brand":[1926,1927],"product_cat":[264,188,21],"product_tag":[518],"class_list":{"0":"post-359","1":"product","2":"type-product","3":"status-publish","4":"has-post-thumbnail","6":"product_brand-parker","7":"product_brand-racor","8":"product_cat-elements-cartridge","9":"product_cat-racor-fuel-filter","10":"product_cat-z-poa","11":"product_tag-racor-replacement-elements-p-series","13":"first","14":"outofstock","15":"taxable","16":"shipping-taxable","17":"product-type-simple"},"acpt":{"meta":[{"meta_box":"product-links","meta_fields":[{"name":"product-documents","type":"Post","options":[],"value":null,"default":"","required":false,"showInAdmin":false,"advancedOptions":[]},{"name":"product-videos","type":"Post","options":[],"value":[3384],"default":"","required":false,"showInAdmin":false,"advancedOptions":[]}]}],"wc_product_data":[]},"_links":{"self":[{"href":"https:\/\/racorshop.de\/de\/wp-json\/wp\/v2\/product\/359","targetHints":{"allow":["GET"]}}],"collection":[{"href":"https:\/\/racorshop.de\/de\/wp-json\/wp\/v2\/product"}],"about":[{"href":"https:\/\/racorshop.de\/de\/wp-json\/wp\/v2\/types\/product"}],"replies":[{"embeddable":true,"href":"https:\/\/racorshop.de\/de\/wp-json\/wp\/v2\/comments?post=359"}],"wp:featuredmedia":[{"embeddable":true,"href":"https:\/\/racorshop.de\/de\/wp-json\/wp\/v2\/media\/368"}],"wp:attachment":[{"href":"https:\/\/racorshop.de\/de\/wp-json\/wp\/v2\/media?parent=359"}],"wp:term":[{"taxonomy":"product_brand","embeddable":true,"href":"https:\/\/racorshop.de\/de\/wp-json\/wp\/v2\/product_brand?post=359"},{"taxonomy":"product_cat","embeddable":true,"href":"https:\/\/racorshop.de\/de\/wp-json\/wp\/v2\/product_cat?post=359"},{"taxonomy":"product_tag","embeddable":true,"href":"https:\/\/racorshop.de\/de\/wp-json\/wp\/v2\/product_tag?post=359"}],"curies":[{"name":"wp","href":"https:\/\/api.w.org\/{rel}","templated":true}]}}