{"id":290,"date":"2025-02-06T17:10:05","date_gmt":"2025-02-06T17:10:05","guid":{"rendered":"https:\/\/racorshop.de\/?post_type=product&#038;p=290"},"modified":"2025-03-06T20:40:47","modified_gmt":"2025-03-06T20:40:47","slug":"racor-s2502-025-series-filter-cartridge","status":"publish","type":"product","link":"https:\/\/racorshop.de\/de\/product\/filterpatrone-der-serie-racor-s2502-025\/","title":{"rendered":"Racor S2502 (Serie 025) Filterkartusche"},"content":{"rendered":"<p>Die kompakten, hochbelastbaren Vorfilter und Siebe der Racor-Reihe lassen sich schnell installieren und tragen zum Schutz von Motoren bei und verl\u00e4ngern die Lebensdauer des Filtersystems, indem sie feste Verunreinigungen und freies Wasser aus Dieselkraftstoff und Benzin entfernen.<\/p>\n<p>S2502 \u2013 10 Mikron Sekund\u00e4r-Ersatzkartusche f\u00fcr die Racor 025-Serie. F\u00fcr noch besseren Schutz verwenden Sie den S2501 \u2013 250 Mikron Racor Inline-Kraftstoffvorfilter als ersten Schritt, um Ihren Kraftstoff sauber zu halten. Schmutz und Ru\u00df im Kraftstoff k\u00f6nnen eine Katastrophe bedeuten.<\/p>\n<p>Der sekund\u00e4re oder endg\u00fcltige Racor-Filter S2502 bietet in Verbindung mit dem Vorfilter S2501 hervorragenden Schutz.<\/p>\n<p>Typische mobile Anwendungen:<\/p>\n<ul>\n<li>Jeder kleine Motor<\/li>\n<li>ATV (Vierr\u00e4der)<\/li>\n<li>Kleine Stromaggregate<\/li>\n<li>Kleine Traktoren<\/li>\n<\/ul>\n<p>Produkteigenschaften:<\/p>\n<p><strong>Wird in den Einheiten 025-RAC-01 und 025-RAC-02 verwendet<\/strong><\/p>\n<ul>\n<li>1\/4\u2033-18 NPTF-Anschl\u00fcsse<\/li>\n<li>15 GPH (57 LPH) mit Diesel<\/li>\n<li>25 GPH (95 LPH) mit Benzin<\/li>\n<li>Einfache Installation<\/li>\n<li>Einfache Spin-On-Wartung<\/li>\n<li>Propriet\u00e4re Aquabloc\u00aeII-Medien<\/li>\n<\/ul>","protected":false},"excerpt":{"rendered":"<p>Part Number: S2502<\/p>\n<p>Made By: Parker Racor<\/p>\n<p>Secondary or Final Fuel Filter Element<\/p>\n<p>Fuel Prefilters and Strainers \u2013 Racor 025 Series<\/p>","protected":false},"featured_media":1953,"comment_status":"open","ping_status":"closed","template":"","meta":{"_seopress_robots_primary_cat":"","_seopress_titles_title":"","_seopress_titles_desc":"","_seopress_robots_index":""},"product_brand":[1926,1927],"product_cat":[264,188,21],"product_tag":[1895],"class_list":{"0":"post-290","1":"product","2":"type-product","3":"status-publish","4":"has-post-thumbnail","6":"product_brand-parker","7":"product_brand-racor","8":"product_cat-elements-cartridge","9":"product_cat-racor-fuel-filter","10":"product_cat-z-poa","11":"product_tag-racor-replacement-elements-025-series","13":"first","14":"onbackorder","15":"taxable","16":"shipping-taxable","17":"purchasable","18":"product-type-simple"},"acpt":{"meta":[{"meta_box":"product-links","meta_fields":[{"name":"product-documents","type":"Post","options":[],"value":null,"default":"","required":false,"showInAdmin":false,"advancedOptions":[]},{"name":"product-videos","type":"Post","options":[],"value":null,"default":"","required":false,"showInAdmin":false,"advancedOptions":[]}]}],"wc_product_data":[]},"_links":{"self":[{"href":"https:\/\/racorshop.de\/de\/wp-json\/wp\/v2\/product\/290","targetHints":{"allow":["GET"]}}],"collection":[{"href":"https:\/\/racorshop.de\/de\/wp-json\/wp\/v2\/product"}],"about":[{"href":"https:\/\/racorshop.de\/de\/wp-json\/wp\/v2\/types\/product"}],"replies":[{"embeddable":true,"href":"https:\/\/racorshop.de\/de\/wp-json\/wp\/v2\/comments?post=290"}],"wp:featuredmedia":[{"embeddable":true,"href":"https:\/\/racorshop.de\/de\/wp-json\/wp\/v2\/media\/1953"}],"wp:attachment":[{"href":"https:\/\/racorshop.de\/de\/wp-json\/wp\/v2\/media?parent=290"}],"wp:term":[{"taxonomy":"product_brand","embeddable":true,"href":"https:\/\/racorshop.de\/de\/wp-json\/wp\/v2\/product_brand?post=290"},{"taxonomy":"product_cat","embeddable":true,"href":"https:\/\/racorshop.de\/de\/wp-json\/wp\/v2\/product_cat?post=290"},{"taxonomy":"product_tag","embeddable":true,"href":"https:\/\/racorshop.de\/de\/wp-json\/wp\/v2\/product_tag?post=290"}],"curies":[{"name":"wp","href":"https:\/\/api.w.org\/{rel}","templated":true}]}}