{"id":266,"date":"2025-02-06T17:09:54","date_gmt":"2025-02-06T17:09:54","guid":{"rendered":"https:\/\/racorshop.de\/?post_type=product&#038;p=266"},"modified":"2025-03-06T20:42:15","modified_gmt":"2025-03-06T20:42:15","slug":"racor-fc101-fc-10-1-portable-filter-caddy","status":"publish","type":"product","link":"https:\/\/racorshop.de\/de\/product\/racor-fc101-fc-10-1-tragbarer-filterwagen\/","title":{"rendered":"Racor FC101 FC-10-1 Tragbarer Filterwagen"},"content":{"rendered":"<p><strong>Die tragbaren Kraftstofffilterwagen der Racor-Reihe sind hocheffiziente mobile Filtersysteme zum Entfernen von Wasser und anderen Verunreinigungen aus Kraftstoff, die w\u00e4hrend der Handhabung, des Transfers und der Lagerung in die Lagertanks gelangt sein k\u00f6nnen.<\/strong><\/p>\n<p>Egal wie sorgf\u00e4ltig Benzin und Diesel raffiniert und gehandhabt werden, bei der \u00dcbertragung und Lagerung gelangen Verunreinigungen in den Kraftstoff. Wasser ist der gr\u00f6\u00dfte Feind eines Motors und kann w\u00e4hrend normaler Tag-\/Nacht-Heiz- und K\u00fchlzyklen direkt aus der Luft kondensieren. Die Anwesenheit von Wasser f\u00f6rdert mikrobielles Wachstum, was zu Verschmutzung, erh\u00f6hter Korrosion und Sch\u00e4den an den Komponenten des Kraftstoffsystems f\u00fchrt. Dar\u00fcber hinaus k\u00f6nnen Rostpartikel und Sp\u00e4ne von korrodierenden Tanks und Rohrleitungen sowie durch die Luft geblasene Kiesels\u00e4ure und Schmutz zu verstopften Filtern, verringerter Verbrennungseffizienz und sogar zu Motorausf\u00e4llen f\u00fchren.<\/p>\n<p>Racor Filter Carts sind tragbare Wartungswerkzeuge f\u00fcr den Au\u00dfendienst, die dazu beitragen, die Leistung und Zuverl\u00e4ssigkeit moderner Diesel- und Verbrennungsmotoren sicherzustellen, indem sie Wasser und Verunreinigungen entfernen, die bei Handhabung, Transport und Lagerung h\u00e4ufig in den Kraftstoff gelangen. Die Wagen dienen als wertvolles Werkzeug zur vorbeugenden Wartung und sind ideal f\u00fcr den Einsatz mit Generators\u00e4tzen mit integrierten Basistanks oder Tagestanks, in denen Kraftstoff \u00fcber lange Zeit gelagert wurde und durch Wasser- und Partikelverunreinigungen beeintr\u00e4chtigt sein kann.<\/p>\n<p>Racor bietet zwei Modelle tragbarer Kraftstofffilterwagen an:<\/p>\n<p><strong>FC-10-01 CLEANDiesel Filter Caddy<\/strong><\/p>\n<ul>\n<li>Der FC-10-01 wird zum Reinigen von Kraftstoff verwendet, der \u00fcber l\u00e4ngere Zeit in kleinen Kraftstofftanks gelagert wurde.<\/li>\n<li>Typische Anwendungen sind Generator-Basistanks, Generator-Tagestanks und kleine Gro\u00dflagertanks mit bis zu 2.000 Gallonen.<\/li>\n<li>Racor Filter Caddys sind vollst\u00e4ndig tragbar und in sich geschlossen.<\/li>\n<li>Hierzu geh\u00f6rt beispielsweise der Kraftstofffilter FBO-14, der f\u00fcr den Filterwechsel keine Werkzeuge ben\u00f6tigt und Ersatzfilteroptionen f\u00fcr verschiedene Anwendungen bietet.<\/li>\n<li>Racor-Wagen k\u00f6nnen auf der Baustelle problemlos von einer Person bewegt werden.<\/li>\n<li>Zu den Einheiten geh\u00f6ren eine Pumpe mit 10 gpm (37,9 l\/min) und ein Filtersystem, das in ein Geh\u00e4use auf R\u00e4dern eingebaut ist.<\/li>\n<li>Das System verwendet ein 40-Maschen-Sieb und einen 5-Mikron-Wasserkoaleszenzfilter sowie ein Bedienfeld mit Wassererkennung, Filteranzeige und Alarm.<\/li>\n<\/ul>\n<p><strong>M\u00e4rkte:<\/strong><\/p>\n<ul>\n<li>Landwirtschaft<\/li>\n<li>Konstruktion<\/li>\n<li>\u00d6l und Gas<\/li>\n<li>Marine<\/li>\n<li>Stromerzeugung<\/li>\n<\/ul>\n<p><strong>Anwendungen:<\/strong><\/p>\n<ul>\n<li>Diesel und Biodiesel<\/li>\n<li>Benzin<\/li>\n<li>Heiz\u00f6l<\/li>\n<li>Kerosin<\/li>\n<\/ul>\n<p><strong>Vorteile:<\/strong><\/p>\n<ul>\n<li>Entfernt freies Wasser in Kraftstofftanks und -f\u00e4ssern. Freies Wasser entsteht, wenn feuchte Luft in einem Beh\u00e4lter oder Tank soweit abk\u00fchlt, dass Wasser aus der Luft kondensiert.<\/li>\n<li>Entfernt harte Partikel (z. B. Sand und Kiesels\u00e4ure) aus der Luft, die w\u00e4hrend der \u00dcbertragung und Verteilung eindringen.<\/li>\n<li>Spart Zeit und Geld durch Vermeidung ungeplanter Wartungsarbeiten und ungeplanter Ausfallzeiten durch Ausf\u00e4lle von Systemkomponenten.<\/li>\n<li>Das mobile Design erm\u00f6glicht den einfachen Einsatz vor Ort<\/li>\n<\/ul>\n<p><strong>Merkmale:<\/strong><\/p>\n<p><strong>FC-10-01 CLEANDiesel Filter Caddy<\/strong><\/p>\n<p>\u2022 Tragbares Geh\u00e4use, Aluminiumkonstruktion, sicherheitsgelb lackiert<\/p>\n<p>\u2022 Ausgestattet mit R\u00e4dern, F\u00fc\u00dfen und Griff<\/p>\n<p>\u2022 Oberes Bedienfeld mit Schutzabdeckung und Aufbewahrungsfach f\u00fcr Schl\u00e4uche und St\u00e4be<\/p>\n<p>\u2022 10 Fu\u00df lange Zu- und R\u00fccklaufschl\u00e4uche sowie 3 Fu\u00df lange St\u00e4be<\/p>\n<p>\u2022 \u00be-Zoll-Einlass- und Auslasskugelh\u00e4hne und Schnellverschlusskupplungen<\/p>\n<p>\u2022 10 gpm, \u00bd PS 120 V Gusseisen-Zahnradpumpe<\/p>\n<p>\u2022 Motorsteuerungsrelais und Start-\/Stopp-Drucktasten<\/p>\n<p>\u2022 18-Zoll-Kabel mit Stecker, 120\u00a0V, 15\u00a0A<\/p>\n<p>\u2022 40-Maschen-Korbsieb mit Vakuummeter<\/p>\n<p>\u2022 Racor FBO 5-Mikron-Wasserkoaleszenzabscheider mit Auffangwanne und Wassererkennungssensor<\/p>\n<p>\u2022 6 Gallonen-Sammeltank mit Schwimmerschalter<\/p>\n<p>\u2022 Neonanzeigen: Einschalten, Abwassertank voll und Wasserauffangbeh\u00e4lter voll<\/p>","protected":false},"excerpt":{"rendered":"<p>Part Number: FC-10-1<\/p>\n<p>Made By: Parker Racor<\/p>\n<p>FC-10-1 Portable Filter Caddy<\/p>\n<p>Portable Fuel Filtration Carts &#8211; Racor<\/p>","protected":false},"featured_media":275,"comment_status":"closed","ping_status":"closed","template":"","meta":{"_seopress_robots_primary_cat":"","_seopress_titles_title":"","_seopress_titles_desc":"","_seopress_robots_index":""},"product_brand":[1926,1927],"product_cat":[361,188,21],"product_tag":[362],"class_list":{"0":"post-266","1":"product","2":"type-product","3":"status-publish","4":"has-post-thumbnail","6":"product_brand-parker","7":"product_brand-racor","8":"product_cat-caddys-carts","9":"product_cat-racor-fuel-filter","10":"product_cat-z-poa","11":"product_tag-portable-fuel-filtration-carts","13":"first","14":"outofstock","15":"taxable","16":"shipping-taxable","17":"product-type-simple"},"acpt":{"meta":[{"meta_box":"product-links","meta_fields":[{"name":"product-documents","type":"Post","options":[],"value":null,"default":"","required":false,"showInAdmin":false,"advancedOptions":[]},{"name":"product-videos","type":"Post","options":[],"value":null,"default":"","required":false,"showInAdmin":false,"advancedOptions":[]}]}],"wc_product_data":[]},"_links":{"self":[{"href":"https:\/\/racorshop.de\/de\/wp-json\/wp\/v2\/product\/266","targetHints":{"allow":["GET"]}}],"collection":[{"href":"https:\/\/racorshop.de\/de\/wp-json\/wp\/v2\/product"}],"about":[{"href":"https:\/\/racorshop.de\/de\/wp-json\/wp\/v2\/types\/product"}],"replies":[{"embeddable":true,"href":"https:\/\/racorshop.de\/de\/wp-json\/wp\/v2\/comments?post=266"}],"wp:featuredmedia":[{"embeddable":true,"href":"https:\/\/racorshop.de\/de\/wp-json\/wp\/v2\/media\/275"}],"wp:attachment":[{"href":"https:\/\/racorshop.de\/de\/wp-json\/wp\/v2\/media?parent=266"}],"wp:term":[{"taxonomy":"product_brand","embeddable":true,"href":"https:\/\/racorshop.de\/de\/wp-json\/wp\/v2\/product_brand?post=266"},{"taxonomy":"product_cat","embeddable":true,"href":"https:\/\/racorshop.de\/de\/wp-json\/wp\/v2\/product_cat?post=266"},{"taxonomy":"product_tag","embeddable":true,"href":"https:\/\/racorshop.de\/de\/wp-json\/wp\/v2\/product_tag?post=266"}],"curies":[{"name":"wp","href":"https:\/\/api.w.org\/{rel}","templated":true}]}}