{"id":265,"date":"2025-02-06T17:09:54","date_gmt":"2025-02-06T17:09:54","guid":{"rendered":"https:\/\/racorshop.de\/?post_type=product&#038;p=265"},"modified":"2025-03-12T10:21:12","modified_gmt":"2025-03-12T10:21:12","slug":"racor-800d14ce230v-fbo-14-portable-filter-trolley-230v","status":"publish","type":"product","link":"https:\/\/racorshop.de\/de\/product\/racor-800d14ce230v-fbo-14-tragbarer-filterwagen-230-v\/","title":{"rendered":"Racor 800D14CE230V FBO 14 Tragbarer Filterwagen 230 V"},"content":{"rendered":"<p><strong>Die Caddys und Karren der tragbaren Kraftstofffiltrationsserie von Racor sind hocheffiziente mobile Filtersysteme, die Kraftstoff reinigen, indem sie Wasser und Verunreinigungen entfernen, die bei Handhabung, Transfer und Lagerung in die Tanks gelangen.<\/strong><\/p>\n<p>Racor Filterwagen sind ideal als tragbare Wartungswerkzeuge f\u00fcr den Au\u00dfendienst, die dazu beitragen, die Leistung und Zuverl\u00e4ssigkeit moderner Dieselmotoren sicherzustellen. Die Wagen dienen als wertvolles Werkzeug zur vorbeugenden Wartung und eignen sich hervorragend f\u00fcr den Einsatz mit Generators\u00e4tzen oder station\u00e4ren Motoren mit integrierten Basistanks oder Tagestanks, in denen Kraftstoff \u00fcber lange Zeit gelagert wurde und dessen Qualit\u00e4t durch Wasser- und Partikelverunreinigungen beeintr\u00e4chtigt worden sein k\u00f6nnte.<\/p>\n<p><strong>Racor bietet zwei Modelle tragbarer Kraftstofffilterwagen an:<\/strong><\/p>\n<p>FC-10-01 CLEANDiesel Filter Caddy \u2013 Der FC-10-01 wird zum Reinigen von Kraftstoff verwendet, der \u00fcber l\u00e4ngere Zeit in kleinen Kraftstofftanks gelagert wurde. Typische Anwendungen sind Generator-Basistanks, Generator-Tagestanks und kleine Gro\u00dftanks mit bis zu 2.000 Gallonen. Racor Filter Caddys sind vollst\u00e4ndig tragbar und in sich geschlossen. Sie enthalten den FBO-14-Kraftstofffilter, der ohne Werkzeug ausgetauscht werden kann und Ersatzfilteroptionen f\u00fcr verschiedene Anwendungen bietet. Die Filterwagen k\u00f6nnen von einer Person problemlos am Einsatzort bewegt werden. Sie enthalten eine 10 gpm (37,9 lpm) Pumpe und ein Filtersystem, das in ein Geh\u00e4use auf R\u00e4dern eingebaut ist. Das System verwendet ein 40-Maschen-Sieb und einen 5-Mikron-Wasserkoaleszenzfilter sowie ein Bedienfeld mit Wassererkennung, Filteranzeige und Alarm.<\/p>\n<p>FC-20-1-120V und FC-20-1-120V-KIT Hochleistungs-Kraftstoffpolierwagen \u2013 FC-20-1 Kraftstoffpolierwagen k\u00f6nnen Kraftstoff mit bis zu 20 gpm (76 lpm) verarbeiten. Die Wagen sind mit 1-Zoll-Cam-Lock-Anschl\u00fcssen ausgestattet, die einen einfachen Anschluss erm\u00f6glichen. Sie verf\u00fcgen au\u00dferdem \u00fcber ein offenes Aluminium-Rahmendesign, das ihnen eine einzigartige Kombination aus Mobilit\u00e4t, Haltbarkeit und Korrosionsbest\u00e4ndigkeit verleiht. Wie der FC-10-01 enth\u00e4lt der FC-20-1-120V-Wagen einen FBO-14-Kraftstofffilter, der f\u00fcr den Filterwechsel kein Werkzeug erfordert und Ersatzfilteroptionen f\u00fcr eine breite Palette von Anwendungen bietet. Die tragbare Filtereinheit dient als \u00e4u\u00dferst kosteng\u00fcnstige M\u00f6glichkeit, Diesel, Biodieselmischungen und andere Erd\u00f6l-Kohlenwasserstofffl\u00fcssigkeiten bei Lagerung oder Transport zu filtern.<\/p>","protected":false},"excerpt":{"rendered":"<p>Part Number: 800D14CE230V<\/p>\n<p>Made By: Parker Racor<\/p>\n<p>FBO 14 Portable Filter Trolley 230V<\/p>\n<p>Portable Fuel Filtration Carts &#8211; Racor<\/p>","protected":false},"featured_media":274,"comment_status":"closed","ping_status":"closed","template":"","meta":{"_seopress_robots_primary_cat":"","_seopress_titles_title":"","_seopress_titles_desc":"","_seopress_robots_index":""},"product_brand":[1926,1927],"product_cat":[361,188,21],"product_tag":[362],"class_list":{"0":"post-265","1":"product","2":"type-product","3":"status-publish","4":"has-post-thumbnail","6":"product_brand-parker","7":"product_brand-racor","8":"product_cat-caddys-carts","9":"product_cat-racor-fuel-filter","10":"product_cat-z-poa","11":"product_tag-portable-fuel-filtration-carts","13":"first","14":"onbackorder","15":"taxable","16":"shipping-taxable","17":"purchasable","18":"product-type-simple"},"acpt":{"meta":[{"meta_box":"product-links","meta_fields":[{"name":"product-documents","type":"Post","options":[],"value":null,"default":"","required":false,"showInAdmin":false,"advancedOptions":[]},{"name":"product-videos","type":"Post","options":[],"value":[3370],"default":"","required":false,"showInAdmin":false,"advancedOptions":[]}]}],"wc_product_data":[]},"_links":{"self":[{"href":"https:\/\/racorshop.de\/de\/wp-json\/wp\/v2\/product\/265","targetHints":{"allow":["GET"]}}],"collection":[{"href":"https:\/\/racorshop.de\/de\/wp-json\/wp\/v2\/product"}],"about":[{"href":"https:\/\/racorshop.de\/de\/wp-json\/wp\/v2\/types\/product"}],"replies":[{"embeddable":true,"href":"https:\/\/racorshop.de\/de\/wp-json\/wp\/v2\/comments?post=265"}],"wp:featuredmedia":[{"embeddable":true,"href":"https:\/\/racorshop.de\/de\/wp-json\/wp\/v2\/media\/274"}],"wp:attachment":[{"href":"https:\/\/racorshop.de\/de\/wp-json\/wp\/v2\/media?parent=265"}],"wp:term":[{"taxonomy":"product_brand","embeddable":true,"href":"https:\/\/racorshop.de\/de\/wp-json\/wp\/v2\/product_brand?post=265"},{"taxonomy":"product_cat","embeddable":true,"href":"https:\/\/racorshop.de\/de\/wp-json\/wp\/v2\/product_cat?post=265"},{"taxonomy":"product_tag","embeddable":true,"href":"https:\/\/racorshop.de\/de\/wp-json\/wp\/v2\/product_tag?post=265"}],"curies":[{"name":"wp","href":"https:\/\/api.w.org\/{rel}","templated":true}]}}