{"id":264,"date":"2025-02-06T17:09:54","date_gmt":"2025-02-06T17:09:54","guid":{"rendered":"https:\/\/racorshop.de\/?post_type=product&#038;p=264"},"modified":"2026-02-17T18:07:50","modified_gmt":"2026-02-17T18:07:50","slug":"racor-fc201120v-portable-fuel-filtration-cart-fbo","status":"publish","type":"product","link":"https:\/\/racorshop.de\/de\/product\/racor-fc201120v-tragbarer-kraftstofffiltrationswagen-fbo\/","title":{"rendered":"Racor FC201120V Tragbarer Kraftstofffiltrationswagen-FBO"},"content":{"rendered":"<p><strong>Die tragbaren Kraftstofffilterwagen der Racor-Reihe sind hocheffiziente mobile Filtersysteme zum Entfernen von Wasser und anderen Verunreinigungen aus Kraftstoff, die w\u00e4hrend der Handhabung, des Transfers und der Lagerung in die Lagertanks gelangt sein k\u00f6nnen.<\/strong><\/p>\n<p>Egal wie sorgf\u00e4ltig Benzin und Diesel raffiniert und gehandhabt werden, bei der \u00dcbertragung und Lagerung gelangen Verunreinigungen in den Kraftstoff. Wasser ist der gr\u00f6\u00dfte Feind eines Motors und kann w\u00e4hrend normaler Tag-\/Nacht-Heiz- und K\u00fchlzyklen direkt aus der Luft kondensieren. Die Anwesenheit von Wasser f\u00f6rdert mikrobielles Wachstum, was zu Verschmutzung, erh\u00f6hter Korrosion und Sch\u00e4den an den Komponenten des Kraftstoffsystems f\u00fchrt. Dar\u00fcber hinaus k\u00f6nnen Rostpartikel und Sp\u00e4ne von korrodierenden Tanks und Rohrleitungen sowie durch die Luft geblasene Kiesels\u00e4ure und Schmutz zu verstopften Filtern, verringerter Verbrennungseffizienz und sogar zu Motorausf\u00e4llen f\u00fchren.<\/p>\n<p>Racor Filter Carts sind tragbare Wartungswerkzeuge f\u00fcr den Au\u00dfendienst, die dazu beitragen, die Leistung und Zuverl\u00e4ssigkeit moderner Diesel- und Verbrennungsmotoren sicherzustellen, indem sie Wasser und Verunreinigungen entfernen, die bei Handhabung, Transport und Lagerung h\u00e4ufig in den Kraftstoff gelangen. Die Wagen oder Caddys dienen als unsch\u00e4tzbares Werkzeug zur vorbeugenden Wartung und sind ideal f\u00fcr den Einsatz mit Generators\u00e4tzen mit integrierten Basistanks oder Tagestanks, in denen Kraftstoff \u00fcber lange Zeit gelagert wurde und durch Wasser- und Partikelverunreinigungen beeintr\u00e4chtigt sein kann.<\/p>\n<p>Racor bietet zwei Modelle tragbarer Kraftstofffilterwagen an:<\/p>\n<p><strong>FC-20-1-120V und FC-20-1-120V-KIT Hochleistungs-Kraftstoffpolierwagen<\/strong><\/p>\n<ul>\n<li style=\"text-align: left;\">FC-20-1-Kraftstoffaufbereitungswagen k\u00f6nnen Kraftstoff mit bis zu 20 gpm (76 lpm) verarbeiten.<\/li>\n<li style=\"text-align: left;\">Die Wagen sind mit 1-Zoll-Cam-Lock-Anschl\u00fcssen ausgestattet, die eine einfache Verbindung erm\u00f6glichen<\/li>\n<li style=\"text-align: left;\">Die Einheiten zeichnen sich au\u00dferdem durch ein offenes Aluminium-Rahmendesign aus, das ihnen eine einzigartige Kombination aus Mobilit\u00e4t, Haltbarkeit und Korrosionsbest\u00e4ndigkeit verleiht.<\/li>\n<li style=\"text-align: left;\">Wie der FC-10-01 enth\u00e4lt der FC-20-1-120V-Wagen einen FBO-14-Kraftstofffilter<\/li>\n<li style=\"text-align: left;\">F\u00fcr den Filterwechsel sind keine Werkzeuge erforderlich<\/li>\n<li style=\"text-align: left;\">Ersatzfilteroptionen f\u00fcr vielf\u00e4ltige Anwendungen<\/li>\n<li style=\"text-align: left;\">Die Anlage dient als \u00e4u\u00dferst kosteng\u00fcnstige Methode zum Filtern von Diesel, Biodieselmischungen und anderen Erd\u00f6l-Kohlenwasserstofffl\u00fcssigkeiten bei der Lagerung oder beim Transport.<\/li>\n<\/ul>\n<p><strong>M\u00e4rkte:<\/strong><\/p>\n<ul>\n<li>Landwirtschaft<\/li>\n<li>Konstruktion<\/li>\n<li>\u00d6l und Gas<\/li>\n<li>Marine<\/li>\n<li>Stromerzeugung<\/li>\n<\/ul>\n<p><strong>Anwendungen:<\/strong><\/p>\n<ul>\n<li>Diesel und Biodiesel<\/li>\n<li>Benzin<\/li>\n<li>Heiz\u00f6l<\/li>\n<li>Kerosin<\/li>\n<\/ul>\n<p><strong>Vorteile:<\/strong><\/p>\n<ul>\n<li>Entfernt freies Wasser in Kraftstofftanks und -f\u00e4ssern. Freies Wasser entsteht, wenn feuchte Luft in einem Beh\u00e4lter oder Tank soweit abk\u00fchlt, dass Wasser aus der Luft kondensiert.<\/li>\n<li>Entfernt harte Partikel (z. B. Sand und Kiesels\u00e4ure) aus der Luft, die w\u00e4hrend der \u00dcbertragung und Verteilung eindringen.<\/li>\n<li>Spart Zeit und Geld durch Vermeidung ungeplanter Wartungsarbeiten und ungeplanter Ausfallzeiten durch Ausf\u00e4lle von Systemkomponenten.<\/li>\n<li>Das mobile Design erm\u00f6glicht den einfachen Einsatz vor Ort<\/li>\n<\/ul>\n<p><strong>Design-Merkmale:<\/strong><\/p>\n<p><strong>Hochleistungs-Kraftstoffpolierwagen FC-20-1-120V und FC-20-1-120V-KIT<\/strong><\/p>\n<ul>\n<li>Bypassventil f\u00fcr den Filterelementwechsel w\u00e4hrend des Betriebs oder nur zur Fl\u00fcssigkeits\u00fcbertragung<\/li>\n<li>Bis zu 20 gpm (76 l\/min) Durchflussrate<\/li>\n<li>Robuste Aluminium-Rahmenkonstruktion mit Auffangwanne<\/li>\n<li>Gro\u00dfe Hinterr\u00e4der mit feststellbaren Vorderrollen<\/li>\n<li>1-Zoll-Cam-Lock-Anschl\u00fcsse f\u00fcr Serviceschl\u00e4uche und Sonden<\/li>\n<li>Racor FBO 10-Mikron-Wasserkoaleszenzabscheider<\/li>\n<li>Am Filter montiertes Manometer zeigt den Differenzdruck an, um den Filterelementwechsel anzuzeigen.<\/li>\n<li>Schauglas und Ablassventil zum Anzeigen und Entfernen von gesammeltem Wasser<\/li>\n<\/ul>\n<p><strong>Siehe auch <a href=\"http:\/\/localhost\/racorshop\/product\/racor-fc201120vkit-mobiler-kraftstofffilterwagen-fbo\/\">Racor FC-20-1-120V-KIT<\/a> das komplett mit zwei 25-Fu\u00df-Schl\u00e4uchen, zwei 4-Fu\u00df-Sonden und einem 25-Fu\u00df-Netzkabel geliefert wird (FC-20-1-120V: Schl\u00e4uche, Sonden und Netzkabel separat bestellen)<\/strong><\/p>","protected":false},"excerpt":{"rendered":"<p>Part Number: FC-20-1-120V<\/p>\n<p>Made By: Parker Racor<\/p>\n<p>Portable Fuel Filtration Cart-FBO<\/p>\n<p>Portable Fuel Filtration Carts &#8211; Racor<\/p>","protected":false},"featured_media":274,"comment_status":"closed","ping_status":"closed","template":"","meta":{"_seopress_robots_primary_cat":"","_seopress_titles_title":"","_seopress_titles_desc":"","_seopress_robots_index":""},"product_brand":[1926,1927],"product_cat":[361,188,21],"product_tag":[362],"class_list":{"0":"post-264","1":"product","2":"type-product","3":"status-publish","4":"has-post-thumbnail","6":"product_brand-parker","7":"product_brand-racor","8":"product_cat-caddys-carts","9":"product_cat-racor-fuel-filter","10":"product_cat-z-poa","11":"product_tag-portable-fuel-filtration-carts","13":"first","14":"outofstock","15":"taxable","16":"shipping-taxable","17":"product-type-simple"},"acpt":{"meta":[{"meta_box":"product-links","meta_fields":[{"name":"product-documents","type":"Post","options":[],"value":null,"default":"","required":false,"showInAdmin":false,"advancedOptions":[]},{"name":"product-videos","type":"Post","options":[],"value":[3370],"default":"","required":false,"showInAdmin":false,"advancedOptions":[]}]}],"wc_product_data":[]},"_links":{"self":[{"href":"https:\/\/racorshop.de\/de\/wp-json\/wp\/v2\/product\/264","targetHints":{"allow":["GET"]}}],"collection":[{"href":"https:\/\/racorshop.de\/de\/wp-json\/wp\/v2\/product"}],"about":[{"href":"https:\/\/racorshop.de\/de\/wp-json\/wp\/v2\/types\/product"}],"replies":[{"embeddable":true,"href":"https:\/\/racorshop.de\/de\/wp-json\/wp\/v2\/comments?post=264"}],"wp:featuredmedia":[{"embeddable":true,"href":"https:\/\/racorshop.de\/de\/wp-json\/wp\/v2\/media\/274"}],"wp:attachment":[{"href":"https:\/\/racorshop.de\/de\/wp-json\/wp\/v2\/media?parent=264"}],"wp:term":[{"taxonomy":"product_brand","embeddable":true,"href":"https:\/\/racorshop.de\/de\/wp-json\/wp\/v2\/product_brand?post=264"},{"taxonomy":"product_cat","embeddable":true,"href":"https:\/\/racorshop.de\/de\/wp-json\/wp\/v2\/product_cat?post=264"},{"taxonomy":"product_tag","embeddable":true,"href":"https:\/\/racorshop.de\/de\/wp-json\/wp\/v2\/product_tag?post=264"}],"curies":[{"name":"wp","href":"https:\/\/api.w.org\/{rel}","templated":true}]}}