{"id":1946,"date":"2025-02-06T17:21:02","date_gmt":"2025-02-06T17:21:02","guid":{"rendered":"https:\/\/racorshop.de\/?post_type=product&#038;p=1946"},"modified":"2026-04-13T13:13:04","modified_gmt":"2026-04-13T13:13:04","slug":"racor-2020v30-element-30-micron-with-seals","status":"publish","type":"product","link":"https:\/\/racorshop.de\/de\/product\/racor-2020v30-element-30-mikron-mit-dichtungen\/","title":{"rendered":"Racor 2020V30-Element (30 Mikron mit Dichtungen)"},"content":{"rendered":"<p><strong>Europ\u00e4ischer Ersatzkartuschenfilter f\u00fcr 2020PM-OR mit Original-Aquabloc\u00ae-Medium f\u00fcr Filtergeh\u00e4use der Racor Turbine-Serie.<\/strong><\/p>\n<p>Die Turbinen-Servicefilterkartuschen der Racor V-Serie sind f\u00fcr die neuen Turbinenbaugruppen 900FV, 1000FV, 900VMA und 1000VMA konzipiert.<\/p>\n<p>Die Kartuschenfilter der V-Serie sind abw\u00e4rtskompatibel zu den \u00e4lteren Kartuschenmodellen.<\/p>\n<p><strong>Notiz:<\/strong> \u00c4ltere Teilenummern f\u00fcr Patronenfilter (2020PM-OR usw.) funktionieren nicht in den neuen FV- und VMA-Turbinengeh\u00e4usen. Die neuen Teilenummern der V-Serie sind jedoch abw\u00e4rtskompatibel und funktionieren in fr\u00fcheren Turbinenbaugruppen oder -geh\u00e4usen.<\/p>\n<p><strong>\u00dcberblick<\/strong><\/p>\n<p>Die Toleranzen der Einspritzd\u00fcsen von Dieselmotoren liegen im Mikrometerbereich und die neuesten Motoren spritzen Kraftstoff bei einem Druck von \u00fcber 30.000 psi (207 kPa) ein. Unter diesen Bedingungen k\u00f6nnen kleinste Schmutz- oder Wasserpartikel Pr\u00e4zisionskomponenten besch\u00e4digen und erodieren, was zu Sch\u00e4den an Motoren, Betrieb und Rentabilit\u00e4t f\u00fchrt.<\/p>\n<p>Die Racor Turbinen der Serie FF\/WS zeichnen sich durch eine au\u00dfergew\u00f6hnliche Wasserentfernungseffizienz sowohl f\u00fcr fl\u00fcssiges als auch emulgiertes Wasser, geringe Einschr\u00e4nkung des Kraftstoffflusses und eine hohe Schmutzaufnahmekapazit\u00e4t aus. Das Herzst\u00fcck des Systems sind die drei Koaleszenz- und Filterstufen, die vom patentierten Aquabloc\u00ae-Filterelement angetrieben werden.<\/p>\n<p>Stufe 1 Trennung:<\/p>\n<p>Wenn der Kraftstoff in die Filterbaugruppe gelangt, bewegt er sich durch die (station\u00e4re) Turbinenzentrifuge und schleudert gro\u00dfe Feststoffe und Wassertropfen ab, die auf den Boden der Auffangschale fallen.<\/p>\n<p>Stufe 2: Zusammenf\u00fchrung:<\/p>\n<p>Kleine Wassertropfen perlen auf der Oberfl\u00e4che der konischen Blende und des Patronenelements ab. Wenn sie schwer genug sind, fallen sie auf den Boden der Auffangschale.<\/p>\n<p>Stufe 3 Filtration:<\/p>\n<p>Propriet\u00e4re Aquabloc\u00ae-Kartuschenelemente weisen Wasser ab und entfernen feste Verunreinigungen aus dem Kraftstoff mit einer Effizienz von 98% ihrer Mikron-Bewertung. Wasser, das sich auf der Oberfl\u00e4che des Elements sammelt, vereinigt sich zu gr\u00f6\u00dferen Tropfen, die in die Auffangschale fallen.<\/p>\n<p>Nur Original-Kartuschenfilterelemente von Racor verf\u00fcgen \u00fcber Aquabloc\u00ae Engineered Media f\u00fcr ultimativen Motorschutz.<\/p>\n<p><strong>Bestelloptionen:<\/strong><\/p>\n<p>1. W\u00e4hlen Sie den Geh\u00e4usetyp: Geh\u00e4use der Serien 500, 900 oder 1000. (W\u00e4hlen Sie zuerst die H\u00f6he, wenn der Geh\u00e4usetyp nicht bekannt ist)<\/p>\n<p>2. W\u00e4hlen Sie die Mikron-Bewertung:<\/p>\n<ul>\n<li><a href=\"http:\/\/localhost\/racorshop\/product\/racor-2020v2-element-2-micron-with-seals\/\">\u201e2\u201c Mikron Aquabloc\u00ae-Element mit einer Effizienz von 98% bei 4 Mikron<\/a><\/li>\n<li><a href=\"http:\/\/localhost\/racorshop\/product\/racor-2020v10-element-10-micron-with-seals\/\">\u201e10\u201c Mikron Aquabloc\u00ae-Element mit einer Effizienz von 98% bei 10 Mikron<\/a><\/li>\n<li><a href=\"http:\/\/localhost\/racorshop\/product\/racor-2020v30-element-30-micron-with-seals\/\">\u201e30\u201c Mikron Aquabloc\u00ae-Element mit einer Effizienz von 98% bei 30 Mikron<\/a><\/li>\n<\/ul>\n<p>3. W\u00e4hlen Sie die H\u00f6he, wenn der Geh\u00e4usetyp nicht bekannt ist.<\/p>\n<p>4. W\u00e4hlen Sie den Endkappenstil. F\u00fcr den US-Markt ist der schwarze geformte Endkappenstil verf\u00fcgbar. Der hellbraune vergossene Stil ist \u00fcberall sonst verf\u00fcgbar. Beide Stile haben die gleiche Filterleistung.<\/p>\n<p><strong>Wichtige Hinweise:<\/strong><\/p>\n<ul>\n<li>Bei 10- und 30-Mikron-Elementen ist nachgeschaltet ein Sekund\u00e4r- oder Endfilter erforderlich.<\/li>\n<li>Je niedriger die Mikron-Bewertung, desto feiner die Filterung. Niedrigere Mikron-Bewertungen sollten in Betracht gezogen werden, wenn keine zus\u00e4tzliche Filterung nachgeschaltet ist. Letztendlich ist die bevorzugte Mikron-Bewertung eine Funktion der Kraftstoffqualit\u00e4t, des Betriebsklimas und der Wartungspl\u00e4ne.<\/li>\n<li>Die Endkappen sind zur einfachen Identifizierung und Anwendung farbcodiert \u2013 rote Beschriftung f\u00fcr 30 Mikron Prim\u00e4rfiltration, blaue Beschriftung f\u00fcr 10 Mikron Prim\u00e4r- oder Sekund\u00e4rfiltration und braune Beschriftung f\u00fcr 2 Mikron Sekund\u00e4r-\/Endfiltration.<\/li>\n<\/ul>\n<p><strong>Funktionen und Vorteile:<\/strong><\/p>\n<ul>\n<li>Ein integrierter B\u00fcgelgriff erleichtert das Auswechseln.<\/li>\n<li>Passt auf fr\u00fchere Modelle von Racor-Turbinengeh\u00e4usen, einschlie\u00dflich Marineversionen.<\/li>\n<li>Werkzeugloses, leicht zu greifendes B\u00fcgeldesign f\u00fcr eine schnelle und bequeme Entnahme der Servicekartusche.<\/li>\n<li>Inklusive Deckeldichtung und T-Griff-O-Ring.<\/li>\n<li>Aquabloc\u00ae Synergy-Medien sind auf optimale Filterung ausgelegt, um den heutigen Kraftstoffherausforderungen gerecht zu werden.<\/li>\n<li>Original-Racor-Turbinenserien sind mit UL-zugelassenen Turbinengeh\u00e4usen kompatibel<\/li>\n<\/ul>\n<p><strong>Aquabloc\u00ae \u2013 Die Insider-Story:<\/strong><\/p>\n<p>Das ultrahocheffiziente Aquabloc\u00ae-Medium von Racor ist eine technische Mischung aus unterschiedlichen Medienformulierungen \u2013 hochwertige Zellulose kombiniert mit technischen Fasern und chemischen Behandlungen, die nachweislich Wasser blockieren.<\/p>\n<ul>\n<li>Durch die hohe Schadstoffkapazit\u00e4t sind weniger h\u00e4ufige Filterwechsel erforderlich, was die Wirtschaftlichkeit des Betriebs steigert.<\/li>\n<li>Aquabloc\u00ae-Medium ist sowohl gewellt als auch gefaltet, um die Falten offen zu halten und dem Dieselkraftstoffstrom eine gro\u00dfe effektive Filteroberfl\u00e4che zu bieten.<\/li>\n<li>Das Aquabloc\u00ae-Medium mit seiner hohen Schmutzaufnahmekapazit\u00e4t verl\u00e4ngert die Lebensdauer der Motorendfilter erheblich und senkt die Gesamtkosten f\u00fcr die Filterwartung.<\/li>\n<li>Aquabloc\u00ae-Kartuschenfilterelemente sind in den St\u00e4rken 2, 10 und 30 Mikron erh\u00e4ltlich, sodass der Schutz an die Anwendung, Kraftstoffqualit\u00e4t, Betriebsumgebung und Wartungspl\u00e4ne angepasst werden kann.<\/li>\n<li>Aquabloc\u00ae-Medien helfen OEM-Dieselmotoren dabei, die strengen gesetzlichen Emissionsstandards einzuhalten.<\/li>\n<li>Ein Kraftstofffilter\/Wasserabscheider mit austauschbarem Patronenelement ist die kosteng\u00fcnstigste Filterl\u00f6sung.<\/li>\n<\/ul>\n<p><strong>Anwendungen:<\/strong><\/p>\n<ul>\n<li>Alle Dieselmotoren mit einem Turbine Series-Filtersystem<\/li>\n<li>Marine<\/li>\n<li>Generator<\/li>\n<li>Konstruktion<\/li>\n<li>Auf der Autobahn<\/li>\n<li>Abseits der Autobahn.<\/li>\n<\/ul>","protected":false},"excerpt":{"rendered":"<p>Part Number: 2020V30<\/p>\n<p>Made By: Parker Racor<\/p>\n<p>Replacement Element-Std 30 Micron With Seals<\/p>\n<p>Replacement Cartridge Filter Element for Turbine Series Filters &#8211; Racor Europe<\/p>","protected":false},"featured_media":1952,"comment_status":"closed","ping_status":"closed","template":"","meta":{"_seopress_robots_primary_cat":"none","_seopress_titles_title":"","_seopress_titles_desc":"","_seopress_robots_index":""},"product_brand":[1926,1927],"product_cat":[2031,264,188],"product_tag":[1025],"class_list":{"0":"post-1946","1":"product","2":"type-product","3":"status-publish","4":"has-post-thumbnail","6":"product_brand-parker","7":"product_brand-racor","8":"product_cat-1000-series","9":"product_cat-elements-cartridge","10":"product_cat-racor-fuel-filter","11":"product_tag-racor-replacement-elements-turbine-series","13":"first","14":"instock","15":"taxable","16":"shipping-taxable","17":"purchasable","18":"product-type-simple"},"acpt":{"meta":[{"meta_box":"product-links","meta_fields":[{"name":"product-documents","type":"Post","options":[],"value":["3051","3054","3058","3061","3064","3067"],"default":"","required":false,"showInAdmin":false,"advancedOptions":[]},{"name":"product-videos","type":"Post","options":[],"value":null,"default":"","required":false,"showInAdmin":false,"advancedOptions":[]}]}],"wc_product_data":[]},"_links":{"self":[{"href":"https:\/\/racorshop.de\/de\/wp-json\/wp\/v2\/product\/1946","targetHints":{"allow":["GET"]}}],"collection":[{"href":"https:\/\/racorshop.de\/de\/wp-json\/wp\/v2\/product"}],"about":[{"href":"https:\/\/racorshop.de\/de\/wp-json\/wp\/v2\/types\/product"}],"replies":[{"embeddable":true,"href":"https:\/\/racorshop.de\/de\/wp-json\/wp\/v2\/comments?post=1946"}],"wp:featuredmedia":[{"embeddable":true,"href":"https:\/\/racorshop.de\/de\/wp-json\/wp\/v2\/media\/1952"}],"wp:attachment":[{"href":"https:\/\/racorshop.de\/de\/wp-json\/wp\/v2\/media?parent=1946"}],"wp:term":[{"taxonomy":"product_brand","embeddable":true,"href":"https:\/\/racorshop.de\/de\/wp-json\/wp\/v2\/product_brand?post=1946"},{"taxonomy":"product_cat","embeddable":true,"href":"https:\/\/racorshop.de\/de\/wp-json\/wp\/v2\/product_cat?post=1946"},{"taxonomy":"product_tag","embeddable":true,"href":"https:\/\/racorshop.de\/de\/wp-json\/wp\/v2\/product_tag?post=1946"}],"curies":[{"name":"wp","href":"https:\/\/api.w.org\/{rel}","templated":true}]}}