{"id":1943,"date":"2025-02-06T17:21:01","date_gmt":"2025-02-06T17:21:01","guid":{"rendered":"https:\/\/racorshop.de\/?post_type=product&#038;p=1943"},"modified":"2026-02-24T10:31:01","modified_gmt":"2026-02-24T10:31:01","slug":"racor-lg50-tank-vent-filter","status":"publish","type":"product","link":"https:\/\/racorshop.de\/de\/product\/racor-lg50-tankentluftungsfilter\/","title":{"rendered":"Racor LG50 Tankentl\u00fcftungsfilter"},"content":{"rendered":"<p>Der Kraftstoff-\/Luftabscheider Racor LG50 trennt effizient Luft vom Kraftstoff, die m\u00f6glicherweise in die Leitung gelangt ist. Beim Ablassen der Luft wird der Kraftstoff in einem zweistufigen Prozess in den Tank zur\u00fcckgef\u00fchrt. Wird f\u00fcr Benzinanwendungen verwendet. F\u00fcr Dieselanwendungen siehe <a href=\"http:\/\/localhost\/racorshop\/product\/racor-lg100-tankentluftungsfilter\/\">Racor LG100<\/a>.<\/p>\n<p>Beim Auftanken eines Bootes geht h\u00e4ufig Kraftstoff \u00fcber Bord. Ausgelaufener Kraftstoff ist nicht nur teuer, er ist auch absolut t\u00f6dlich f\u00fcr empfindliche Seen, Fl\u00fcsse und Wasserstra\u00dfen. In den USA verbieten au\u00dferdem die USCG und andere Vorschriften das Einleiten von \u00d6l in Wasserstra\u00dfen, und Verst\u00f6\u00dfe k\u00f6nnen zivil- und strafrechtlich verfolgt werden. Der Kraftstoff-\/Luftabscheider Lifeguard LG50 von Racor ist f\u00fcr die Installation unter Verwendung Ihres vorhandenen Kraftstofftanks und Entl\u00fcftungsschlauchs konzipiert.<\/p>\n<p>Der Kraftstoff-\/Luftabscheider Racor Lifeguard LG50 wird mit standardm\u00e4\u00dfigen 5\/8-Zoll-Schlauchanschl\u00fcssen (m\u00e4nnlich), Schlauchschellen und einer Anleitung geliefert.<\/p>\n<p>Anwendung: Benzin<\/p>\n<p>Abmessungen: 45 mm Tiefe x 150 mm L\u00e4nge<\/p>\n<p>Gr\u00f6\u00dfe der Entl\u00fcftungsleitung: 17 mm \/ 5\/8 Zoll<\/p>","protected":false},"excerpt":{"rendered":"<p>Part Number: LG50<\/p>\n<p>Manufacturer: Parker Racor<\/p>\n<p>Fuel\/Air separator<\/p>\n<p>Fuel Vent Line &#8211; Racor Lifeguard Series<\/p>","protected":false},"featured_media":1948,"comment_status":"closed","ping_status":"closed","template":"","meta":{"_seopress_robots_primary_cat":"none","_seopress_titles_title":"","_seopress_titles_desc":"","_seopress_robots_index":""},"product_brand":[1926,1927],"product_cat":[1893,188],"product_tag":[1894],"class_list":{"0":"post-1943","1":"product","2":"type-product","3":"status-publish","4":"has-post-thumbnail","6":"product_brand-parker","7":"product_brand-racor","8":"product_cat-fuel-air-separator","9":"product_cat-racor-fuel-filter","10":"product_tag-fuel-ventilation","12":"first","13":"onbackorder","14":"taxable","15":"shipping-taxable","16":"purchasable","17":"product-type-simple"},"acpt":{"meta":[{"meta_box":"product-links","meta_fields":[{"name":"product-documents","type":"Post","options":[],"value":null,"default":"","required":false,"showInAdmin":false,"advancedOptions":[]},{"name":"product-videos","type":"Post","options":[],"value":null,"default":"","required":false,"showInAdmin":false,"advancedOptions":[]}]}],"wc_product_data":[]},"_links":{"self":[{"href":"https:\/\/racorshop.de\/de\/wp-json\/wp\/v2\/product\/1943","targetHints":{"allow":["GET"]}}],"collection":[{"href":"https:\/\/racorshop.de\/de\/wp-json\/wp\/v2\/product"}],"about":[{"href":"https:\/\/racorshop.de\/de\/wp-json\/wp\/v2\/types\/product"}],"replies":[{"embeddable":true,"href":"https:\/\/racorshop.de\/de\/wp-json\/wp\/v2\/comments?post=1943"}],"wp:featuredmedia":[{"embeddable":true,"href":"https:\/\/racorshop.de\/de\/wp-json\/wp\/v2\/media\/1948"}],"wp:attachment":[{"href":"https:\/\/racorshop.de\/de\/wp-json\/wp\/v2\/media?parent=1943"}],"wp:term":[{"taxonomy":"product_brand","embeddable":true,"href":"https:\/\/racorshop.de\/de\/wp-json\/wp\/v2\/product_brand?post=1943"},{"taxonomy":"product_cat","embeddable":true,"href":"https:\/\/racorshop.de\/de\/wp-json\/wp\/v2\/product_cat?post=1943"},{"taxonomy":"product_tag","embeddable":true,"href":"https:\/\/racorshop.de\/de\/wp-json\/wp\/v2\/product_tag?post=1943"}],"curies":[{"name":"wp","href":"https:\/\/api.w.org\/{rel}","templated":true}]}}