{"id":1778,"date":"2025-02-06T17:19:41","date_gmt":"2025-02-06T17:19:41","guid":{"rendered":"https:\/\/racorshop.de\/?post_type=product&#038;p=1778"},"modified":"2025-03-06T20:41:06","modified_gmt":"2025-03-06T20:41:06","slug":"racor-lg100-tank-vent-filter","status":"publish","type":"product","link":"https:\/\/racorshop.de\/de\/product\/racor-lg100-tankentluftungsfilter\/","title":{"rendered":"Racor LG100 Tankentl\u00fcftungsfilter"},"content":{"rendered":"<p>Der Kraftstoff-\/Luftabscheider Racor LG100 trennt beim Tanken effizient Luft vom Kraftstoff in der Tankentl\u00fcftungsleitung. Beim Entl\u00fcften der Luft wird der Kraftstoff in einem zweistufigen Prozess in den Tank zur\u00fcckgef\u00fchrt. Der Kraftstoff-\/Luftabscheider Racor Lifeguard LG100 kann f\u00fcr Diesel- und Benzinkraftstoffe verwendet werden.<\/p>\n<p>Beim Auftanken eines Bootes geht h\u00e4ufig Kraftstoff \u00fcber Bord. Ausgelaufener Kraftstoff ist nicht nur teuer, er ist auch absolut t\u00f6dlich f\u00fcr empfindliche Seen, Fl\u00fcsse und Wasserstra\u00dfen. In den USA verbieten au\u00dferdem die USCG und andere Vorschriften das Einleiten von \u00d6l in Wasserstra\u00dfen, und Verst\u00f6\u00dfe k\u00f6nnen zivil- und strafrechtlich verfolgt werden. Der Kraftstoff-\/Luftabscheider Lifeguard LG100 von Racor ist f\u00fcr die Installation unter Verwendung Ihres vorhandenen Kraftstofftanks und Entl\u00fcftungsschlauchs konzipiert.<\/p>\n<p>Die LG100-Einheit enth\u00e4lt standardm\u00e4\u00dfige 5\/8-Zoll-Schlauchanschl\u00fcsse, Schlauchschellen und eine Anleitung.<\/p>\n<ul>\n<li>Anwendung: Benzin oder Diesel<\/li>\n<li>Durchflussrate: 17 CFM (Luftstrom)<\/li>\n<li>Anschlussgr\u00f6\u00dfe: 16 mm (5\/8 Zoll)<\/li>\n<li>Abfluss: Nein<\/li>\n<li>Abmessungen: 250 mm H\u00f6he x 100 mm Durchmesser (9 7\/8 Zoll H\u00f6he x 4 Zoll Durchmesser)<\/li>\n<\/ul>","protected":false},"excerpt":{"rendered":"<p>Article number: LG100<\/p>\n<p>Manufacturer: Parker Racor<\/p>\n<p>Fuel\/Air separator<\/p>\n<p>Fuel Vent Line &#8211; Racor Lifeguard Series<\/p>","protected":false},"featured_media":1949,"comment_status":"open","ping_status":"closed","template":"","meta":{"_seopress_robots_primary_cat":"","_seopress_titles_title":"","_seopress_titles_desc":"","_seopress_robots_index":""},"product_brand":[1926,1927],"product_cat":[1893,188,21],"product_tag":[1894],"class_list":{"0":"post-1778","1":"product","2":"type-product","3":"status-publish","4":"has-post-thumbnail","6":"product_brand-parker","7":"product_brand-racor","8":"product_cat-fuel-air-separator","9":"product_cat-racor-fuel-filter","10":"product_cat-z-poa","11":"product_tag-fuel-ventilation","13":"first","14":"onbackorder","15":"taxable","16":"shipping-taxable","17":"purchasable","18":"product-type-simple"},"acpt":{"meta":[{"meta_box":"product-links","meta_fields":[{"name":"product-documents","type":"Post","options":[],"value":null,"default":"","required":false,"showInAdmin":false,"advancedOptions":[]},{"name":"product-videos","type":"Post","options":[],"value":null,"default":"","required":false,"showInAdmin":false,"advancedOptions":[]}]}],"wc_product_data":[]},"_links":{"self":[{"href":"https:\/\/racorshop.de\/de\/wp-json\/wp\/v2\/product\/1778","targetHints":{"allow":["GET"]}}],"collection":[{"href":"https:\/\/racorshop.de\/de\/wp-json\/wp\/v2\/product"}],"about":[{"href":"https:\/\/racorshop.de\/de\/wp-json\/wp\/v2\/types\/product"}],"replies":[{"embeddable":true,"href":"https:\/\/racorshop.de\/de\/wp-json\/wp\/v2\/comments?post=1778"}],"wp:featuredmedia":[{"embeddable":true,"href":"https:\/\/racorshop.de\/de\/wp-json\/wp\/v2\/media\/1949"}],"wp:attachment":[{"href":"https:\/\/racorshop.de\/de\/wp-json\/wp\/v2\/media?parent=1778"}],"wp:term":[{"taxonomy":"product_brand","embeddable":true,"href":"https:\/\/racorshop.de\/de\/wp-json\/wp\/v2\/product_brand?post=1778"},{"taxonomy":"product_cat","embeddable":true,"href":"https:\/\/racorshop.de\/de\/wp-json\/wp\/v2\/product_cat?post=1778"},{"taxonomy":"product_tag","embeddable":true,"href":"https:\/\/racorshop.de\/de\/wp-json\/wp\/v2\/product_tag?post=1778"}],"curies":[{"name":"wp","href":"https:\/\/api.w.org\/{rel}","templated":true}]}}