{"id":1388,"date":"2025-02-06T17:17:10","date_gmt":"2025-02-06T17:17:10","guid":{"rendered":"https:\/\/racorshop.de\/?post_type=product&#038;p=1388"},"modified":"2025-03-06T20:41:57","modified_gmt":"2025-03-06T20:41:57","slug":"racor-pff4606-cartridge-fuel-filter","status":"publish","type":"product","link":"https:\/\/racorshop.de\/de\/product\/racor-pff4606-patronenkraftstofffilter\/","title":{"rendered":"Racor PFF4606-Kartuschen-Kraftstofffilter"},"content":{"rendered":"<p>Wenn Sie sich f\u00fcr ParFit-Filter entscheiden, wissen Sie, dass Sie alles tun, um Ihre Ausr\u00fcstung zu sch\u00fctzen, ihre Lebensdauer und Effektivit\u00e4t zu verl\u00e4ngern und Ihr Betriebsergebnis zu verbessern. Es sind Modelle f\u00fcr den direkten Austausch durch Anschrauben und mit integrierten K\u00f6pfen aus Aluminiumdruckguss erh\u00e4ltlich. Die komplette ParFit-Serie umfasst OEM-Ersatzfilter\/-abscheider f\u00fcr die g\u00e4ngigsten Dieselmotoren, darunter Caterpillar, Cummins, Detroit Diesel, Ford und Navistar.<\/p>","protected":false},"excerpt":{"rendered":"<p>Part Number: PFF4606<br \/>\nMade By: Parker Racor<br \/>\nParfit Cartridge Element<br \/>\nRacor Aftermarket<\/p>","protected":false},"featured_media":1378,"comment_status":"open","ping_status":"closed","template":"","meta":{"_seopress_robots_primary_cat":"","_seopress_titles_title":"","_seopress_titles_desc":"","_seopress_robots_index":""},"product_brand":[1926,1927],"product_cat":[264,188,21],"product_tag":[1121],"class_list":{"0":"post-1388","1":"product","2":"type-product","3":"status-publish","4":"has-post-thumbnail","6":"product_brand-parker","7":"product_brand-racor","8":"product_cat-elements-cartridge","9":"product_cat-racor-fuel-filter","10":"product_cat-z-poa","11":"product_tag-racor-aftermarket","13":"first","14":"outofstock","15":"taxable","16":"shipping-taxable","17":"product-type-simple"},"acpt":{"meta":[{"meta_box":"product-links","meta_fields":[{"name":"product-documents","type":"Post","options":[],"value":null,"default":"","required":false,"showInAdmin":false,"advancedOptions":[]},{"name":"product-videos","type":"Post","options":[],"value":null,"default":"","required":false,"showInAdmin":false,"advancedOptions":[]}]}],"wc_product_data":[]},"_links":{"self":[{"href":"https:\/\/racorshop.de\/de\/wp-json\/wp\/v2\/product\/1388","targetHints":{"allow":["GET"]}}],"collection":[{"href":"https:\/\/racorshop.de\/de\/wp-json\/wp\/v2\/product"}],"about":[{"href":"https:\/\/racorshop.de\/de\/wp-json\/wp\/v2\/types\/product"}],"replies":[{"embeddable":true,"href":"https:\/\/racorshop.de\/de\/wp-json\/wp\/v2\/comments?post=1388"}],"wp:featuredmedia":[{"embeddable":true,"href":"https:\/\/racorshop.de\/de\/wp-json\/wp\/v2\/media\/1378"}],"wp:attachment":[{"href":"https:\/\/racorshop.de\/de\/wp-json\/wp\/v2\/media?parent=1388"}],"wp:term":[{"taxonomy":"product_brand","embeddable":true,"href":"https:\/\/racorshop.de\/de\/wp-json\/wp\/v2\/product_brand?post=1388"},{"taxonomy":"product_cat","embeddable":true,"href":"https:\/\/racorshop.de\/de\/wp-json\/wp\/v2\/product_cat?post=1388"},{"taxonomy":"product_tag","embeddable":true,"href":"https:\/\/racorshop.de\/de\/wp-json\/wp\/v2\/product_tag?post=1388"}],"curies":[{"name":"wp","href":"https:\/\/api.w.org\/{rel}","templated":true}]}}