{"id":1308,"date":"2025-02-06T17:16:34","date_gmt":"2025-02-06T17:16:34","guid":{"rendered":"https:\/\/racorshop.de\/?post_type=product&#038;p=1308"},"modified":"2025-03-11T22:43:52","modified_gmt":"2025-03-11T22:43:52","slug":"racor-eaf202000ulex-eco-air-cleaner","status":"publish","type":"product","link":"https:\/\/racorshop.de\/de\/product\/racor-eaf202000ulex-oko-luftreiniger\/","title":{"rendered":"Racor EAF202000ULEX ECO-Luftreiniger"},"content":{"rendered":"<p>Racor-Luftfilter beweisen ihre Zuverl\u00e4ssigkeit selbst in den anspruchsvollsten Klimazonen der Erde. W\u00e4hrend spezielle Vorfiltermodelle Wasser und Schnee effizient aus dem Luftstrom abscheiden, setzen alle Varianten auf das wasserabweisende Aquabloc-Medium. Dieses verhindert zuverl\u00e4ssig ein S\u00e4ttigen oder Vereisen der Filterelemente und garantiert so einen dauerhaft sauberen und trockenen Luftstrom.\u201c<br \/>\nOb im harten Gel\u00e4ndeeinsatz, in der W\u00fcste, auf hoher See oder auf der Stra\u00dfe: Ihr Motor ist auf saubere und trockene Luft angewiesen. Luftfiltersysteme von Racor garantieren hierbei ein H\u00f6chstma\u00df an Filtrationseffizienz und Standzeit. Dank leistungsstarker Vorfilter werden \u00fcber 85 % der Schmutzpartikel bereits abgeschieden, bevor sie das eigentliche Filterelement erreichen \u2013 f\u00fcr maximalen Motorschutz und verl\u00e4ngerte Wartungsintervalle.<br \/>\nVielf\u00e4ltige Konfigurationsm\u00f6glichkeiten f\u00fcr eine sichere und effiziente Wartung weltweit. Weitere Informationen erhalten Sie direkt bei Car-In Automotive in Deutschland.<\/p>","protected":false},"excerpt":{"rendered":"<p>Part Number: EAF202000ULEX<br \/>\nMade By: Parker Racor<br \/>\nECO 2 Tl Ext Air Cleaner Straight Out<br \/>\nCartridge Engine Air Filters &#8211; Racor ECO TL Series<\/p>","protected":false},"featured_media":84,"comment_status":"open","ping_status":"closed","template":"","meta":{"_seopress_robots_primary_cat":"","_seopress_titles_title":"","_seopress_titles_desc":"","_seopress_robots_index":""},"product_brand":[1926,1927],"product_cat":[25,19,21],"product_tag":[1048],"class_list":{"0":"post-1308","1":"product","2":"type-product","3":"status-publish","4":"has-post-thumbnail","6":"product_brand-parker","7":"product_brand-racor","8":"product_cat-cleaners","9":"product_cat-racor-air-filter","10":"product_cat-z-poa","11":"product_tag-engine-air-filters-cartridge-eco-tl-series","13":"first","14":"onbackorder","15":"taxable","16":"shipping-taxable","17":"purchasable","18":"product-type-simple"},"acpt":{"meta":[{"meta_box":"product-links","meta_fields":[{"name":"product-documents","type":"Post","options":[],"value":null,"default":"","required":false,"showInAdmin":false,"advancedOptions":[]},{"name":"product-videos","type":"Post","options":[],"value":null,"default":"","required":false,"showInAdmin":false,"advancedOptions":[]}]}],"wc_product_data":[]},"_links":{"self":[{"href":"https:\/\/racorshop.de\/de\/wp-json\/wp\/v2\/product\/1308","targetHints":{"allow":["GET"]}}],"collection":[{"href":"https:\/\/racorshop.de\/de\/wp-json\/wp\/v2\/product"}],"about":[{"href":"https:\/\/racorshop.de\/de\/wp-json\/wp\/v2\/types\/product"}],"replies":[{"embeddable":true,"href":"https:\/\/racorshop.de\/de\/wp-json\/wp\/v2\/comments?post=1308"}],"wp:featuredmedia":[{"embeddable":true,"href":"https:\/\/racorshop.de\/de\/wp-json\/wp\/v2\/media\/84"}],"wp:attachment":[{"href":"https:\/\/racorshop.de\/de\/wp-json\/wp\/v2\/media?parent=1308"}],"wp:term":[{"taxonomy":"product_brand","embeddable":true,"href":"https:\/\/racorshop.de\/de\/wp-json\/wp\/v2\/product_brand?post=1308"},{"taxonomy":"product_cat","embeddable":true,"href":"https:\/\/racorshop.de\/de\/wp-json\/wp\/v2\/product_cat?post=1308"},{"taxonomy":"product_tag","embeddable":true,"href":"https:\/\/racorshop.de\/de\/wp-json\/wp\/v2\/product_tag?post=1308"}],"curies":[{"name":"wp","href":"https:\/\/api.w.org\/{rel}","templated":true}]}}