{"id":1232,"date":"2025-02-06T17:15:55","date_gmt":"2025-02-06T17:15:55","guid":{"rendered":"https:\/\/racorshop.de\/?post_type=product&#038;p=1232"},"modified":"2025-03-06T20:40:59","modified_gmt":"2025-03-06T20:40:59","slug":"racor-2040v2-element-2-micron-with-seals","status":"publish","type":"product","link":"https:\/\/racorshop.de\/de\/product\/racor-2040v2-element-2-mikron-mit-dichtungen\/","title":{"rendered":"Racor 2040V2-Element (2 Mikron mit Dichtungen)"},"content":{"rendered":"<p><strong>Europ\u00e4ischer Ersatzkartuschenfilter f\u00fcr 2040SM-OR mit Original-Aquabloc\u00ae-Medium f\u00fcr Filtergeh\u00e4use der Racor Turbine-Serie.<\/strong><\/p>\n<p><strong>\u00dcberblick<\/strong><br \/>\nDie Toleranzen der Einspritzd\u00fcsen von Dieselmotoren liegen im Mikrometerbereich und die neuesten Motoren spritzen Kraftstoff bei einem Druck von \u00fcber 30.000 psi (207 kPa) ein. Unter diesen Bedingungen k\u00f6nnen kleinste Schmutz- oder Wasserpartikel Pr\u00e4zisionskomponenten besch\u00e4digen und erodieren, was zu Sch\u00e4den an Motoren, Betrieb und Rentabilit\u00e4t f\u00fchrt.<\/p>\n<p>Kraftstofffilter\/Wasserabscheider der Racor Turbine-Serie zeichnen sich durch eine au\u00dfergew\u00f6hnliche Wasserentfernungseffizienz sowohl f\u00fcr freies als auch emulgiertes Wasser, geringe Einschr\u00e4nkung des Kraftstoffflusses und eine hohe Schmutzaufnahmekapazit\u00e4t aus. Das Herzst\u00fcck des Systems sind die drei Koaleszenz- und Filterstufen, die vom patentierten Aquabloc\u00ae-Filterelement angetrieben werden.<\/p>\n<p>Stufe 1 Trennung:<br \/>\nWenn der Kraftstoff in die Filterbaugruppe gelangt, bewegt er sich durch die (station\u00e4re) Turbinenzentrifuge und schleudert gro\u00dfe Feststoffe und Wassertropfen ab, die auf den Boden der Auffangschale fallen.<\/p>\n<p>Stufe 2: Zusammenf\u00fchrung:<br \/>\nKleine Wassertropfen perlen auf der Oberfl\u00e4che der konischen Blende und des Patronenelements ab. Wenn sie schwer genug sind, fallen sie auf den Boden der Auffangschale.<\/p>\n<p>Stufe 3 Filtration:<br \/>\nPropriet\u00e4re Aquabloc\u00ae-Kartuschenelemente weisen Wasser ab und entfernen feste Verunreinigungen aus dem Kraftstoff mit einer Effizienz von 98% ihrer Mikron-Bewertung. Wasser, das sich auf der Oberfl\u00e4che des Elements sammelt, vereinigt sich zu gr\u00f6\u00dferen Tropfen, die in die Auffangschale fallen.<\/p>\n<p>Nur Original-Kartuschenfilterelemente von Racor verf\u00fcgen \u00fcber Aquabloc\u00ae Engineered Media f\u00fcr ultimativen Motorschutz.<\/p>\n<p><strong>Bestelloptionen:<\/strong><br \/>\n1. W\u00e4hlen Sie den Geh\u00e4usetyp: Geh\u00e4use der Serien 500, 900 oder 1000. (W\u00e4hlen Sie zuerst die H\u00f6he, wenn der Geh\u00e4usetyp nicht bekannt ist)<\/p>\n<p>2. W\u00e4hlen Sie die Mikron-Bewertung:<\/p>\n<ul>\n<li><a href=\"http:\/\/localhost\/racorshop\/product\/racor-2040v2-element-2-micron-with-seals\/\">\u201e2\u201c Mikron Aquabloc\u00ae-Element mit einer Effizienz von 98% bei 4 Mikron<\/a><\/li>\n<li><a href=\"http:\/\/localhost\/racorshop\/product\/racor-2040v10-element-10-micron-with-seals\/\">\u201e10\u201c Mikron Aquabloc\u00ae-Element mit einer Effizienz von 98% bei 10 Mikron<\/a><\/li>\n<li><a href=\"http:\/\/localhost\/racorshop\/product\/racor-2040v30-element-30-micron-with-seals\/\">\u201e30\u201c Mikron Aquabloc\u00ae-Element mit einer Effizienz von 98% bei 30 Mikron<\/a><\/li>\n<\/ul>\n<p>3. W\u00e4hlen Sie die H\u00f6he, wenn der Geh\u00e4usetyp nicht bekannt ist.<\/p>\n<p>4. W\u00e4hlen Sie den Endkappenstil. F\u00fcr den US-Markt ist der schwarze geformte Endkappenstil verf\u00fcgbar. Der hellbraune vergossene Stil ist in einigen M\u00e4rkten verf\u00fcgbar. Beide Stile haben die gleiche Filterleistung.<\/p>\n<p><strong>Wichtige Hinweise:<\/strong><\/p>\n<ul>\n<li>Bei 10- und 30-Mikron-Elementen ist nachgeschaltet ein Sekund\u00e4r- oder Endfilter erforderlich.<\/li>\n<li>Die Endkappen sind zur einfachen Identifizierung und Anwendung farbcodiert \u2013 rote Beschriftung f\u00fcr 30 Mikron Prim\u00e4rfiltration, blaue Beschriftung f\u00fcr 10 Mikron Prim\u00e4r- oder Sekund\u00e4rfiltration und braune Beschriftung f\u00fcr 2 Mikron Sekund\u00e4r-\/Endfiltration.<\/li>\n<li>Ersatzdichtungen im Lieferumfang enthalten<\/li>\n<li>Je niedriger die Mikron-Bewertung, desto feiner die Filterung. Niedrigere Mikron-Bewertungen sollten in Betracht gezogen werden, wenn keine zus\u00e4tzliche Filterung nachgeschaltet ist. Letztendlich ist die bevorzugte Mikron-Bewertung eine Funktion der Kraftstoffqualit\u00e4t, des Betriebsklimas und der Wartungspl\u00e4ne.<\/li>\n<\/ul>\n<p><strong>Funktionen und Vorteile:<\/strong><\/p>\n<ul>\n<li>Ein integrierter B\u00fcgelgriff erleichtert das Auswechseln.<\/li>\n<li>Aquabloc\u00ae-Medium ist eine Mischung aus hochwertiger Zellulose, die mit Harzen und einer speziellen chemischen Behandlung vermischt wird.<\/li>\n<li>Original-Racor-Turbinenserien sind mit UL-zugelassenen Turbinengeh\u00e4usen kompatibel<\/li>\n<li>Die geb\u00fchrenfreie Nummer von Racor finden Sie auf der Endkappe. Sie verbindet Sie mit dem technischen Servicepersonal von Racor, das Ihnen alle Fragen zu Verf\u00fcgbarkeit, Anwendung und Service beantworten kann.<\/li>\n<\/ul>\n<p><strong>Aquabloc\u00ae \u2013 Die Insider-Story:<\/strong><br \/>\nDas ultrahocheffiziente Aquabloc\u00ae-Medium von Racor ist eine technische Mischung aus unterschiedlichen Medienformulierungen \u2013 hochwertige Zellulose kombiniert mit technischen Fasern und chemischen Behandlungen, die nachweislich Wasser blockieren.<\/p>\n<ul>\n<li>Ein Kraftstofffilter\/Wasserabscheider mit austauschbarem Patronenelement ist die kosteng\u00fcnstigste Filterl\u00f6sung.<\/li>\n<li>Aquabloc\u00ae-Medium ist sowohl gewellt als auch gefaltet, um die Falten offen zu halten und dem Dieselkraftstoffstrom eine gro\u00dfe effektive Filteroberfl\u00e4che zu bieten.<\/li>\n<li>Da Aquabloc\u00ae-Kartuschenfilterelemente in den St\u00e4rken 2, 10 und 30 Mikron erh\u00e4ltlich sind, kann der Schutz individuell an die Anwendung, Kraftstoffqualit\u00e4t, Betriebsumgebung und Wartungspl\u00e4ne angepasst werden.<\/li>\n<li>Aquabloc\u00ae-Medien helfen OEM-Dieselmotoren dabei, die strengen gesetzlichen Emissionsstandards einzuhalten.<\/li>\n<li>Durch die hohe Schadstoffkapazit\u00e4t sind weniger h\u00e4ufige Filterwechsel erforderlich, was die Wirtschaftlichkeit des Betriebs steigert.<\/li>\n<li>Das Aquabloc\u00ae-Medium mit seiner hohen Schmutzaufnahmekapazit\u00e4t verl\u00e4ngert die Lebensdauer der Motorendfilter erheblich und senkt die Gesamtkosten f\u00fcr die Filterwartung.<\/li>\n<\/ul>\n<p><strong>Anwendungen:<\/strong><\/p>\n<ul>\n<li>Alle Dieselmotoren mit einem Turbine Series-Filtersystem<\/li>\n<li>Schifffahrt, Generatoren, Bauwesen, auf der Autobahn oder im Gel\u00e4nde.<\/li>\n<\/ul>","protected":false},"excerpt":{"rendered":"<p>Part Number: 2040V2<br \/>\nMade By: Parker Racor<br \/>\nReplacement Element-Std 2 Micron<br \/>\nCartridge Filter for Racor Turbine Series Filters &#8211; Europe<\/p>","protected":false},"featured_media":1292,"comment_status":"open","ping_status":"closed","template":"","meta":{"_seopress_robots_primary_cat":"","_seopress_titles_title":"","_seopress_titles_desc":"","_seopress_robots_index":""},"product_brand":[1926,1927],"product_cat":[264,188],"product_tag":[1025],"class_list":{"0":"post-1232","1":"product","2":"type-product","3":"status-publish","4":"has-post-thumbnail","6":"product_brand-parker","7":"product_brand-racor","8":"product_cat-elements-cartridge","9":"product_cat-racor-fuel-filter","10":"product_tag-racor-replacement-elements-turbine-series","12":"first","13":"instock","14":"taxable","15":"shipping-taxable","16":"purchasable","17":"product-type-simple"},"acpt":{"meta":[{"meta_box":"product-links","meta_fields":[{"name":"product-documents","type":"Post","options":[],"value":[3051,3054,3058,3061],"default":"","required":false,"showInAdmin":false,"advancedOptions":[]},{"name":"product-videos","type":"Post","options":[],"value":null,"default":"","required":false,"showInAdmin":false,"advancedOptions":[]}]}],"wc_product_data":[]},"_links":{"self":[{"href":"https:\/\/racorshop.de\/de\/wp-json\/wp\/v2\/product\/1232","targetHints":{"allow":["GET"]}}],"collection":[{"href":"https:\/\/racorshop.de\/de\/wp-json\/wp\/v2\/product"}],"about":[{"href":"https:\/\/racorshop.de\/de\/wp-json\/wp\/v2\/types\/product"}],"replies":[{"embeddable":true,"href":"https:\/\/racorshop.de\/de\/wp-json\/wp\/v2\/comments?post=1232"}],"wp:featuredmedia":[{"embeddable":true,"href":"https:\/\/racorshop.de\/de\/wp-json\/wp\/v2\/media\/1292"}],"wp:attachment":[{"href":"https:\/\/racorshop.de\/de\/wp-json\/wp\/v2\/media?parent=1232"}],"wp:term":[{"taxonomy":"product_brand","embeddable":true,"href":"https:\/\/racorshop.de\/de\/wp-json\/wp\/v2\/product_brand?post=1232"},{"taxonomy":"product_cat","embeddable":true,"href":"https:\/\/racorshop.de\/de\/wp-json\/wp\/v2\/product_cat?post=1232"},{"taxonomy":"product_tag","embeddable":true,"href":"https:\/\/racorshop.de\/de\/wp-json\/wp\/v2\/product_tag?post=1232"}],"curies":[{"name":"wp","href":"https:\/\/api.w.org\/{rel}","templated":true}]}}