{"id":1224,"date":"2025-02-06T17:15:54","date_gmt":"2025-02-06T17:15:54","guid":{"rendered":"https:\/\/racorshop.de\/?post_type=product&#038;p=1224"},"modified":"2025-03-06T20:40:53","modified_gmt":"2025-03-06T20:40:53","slug":"racor-2010149w-fuel-cartridge-100-micron","status":"publish","type":"product","link":"https:\/\/racorshop.de\/de\/product\/racor-2010149w-brennstoffpatrone-100-mikron\/","title":{"rendered":"Racor 2010149W Brennstoffkartusche (100 Mikron)"},"content":{"rendered":"<p>Kraftstofffilter\/Wasserabscheider der Racor Turbine-Serie zeichnen sich durch eine au\u00dfergew\u00f6hnliche Wasserentfernungseffizienz sowohl f\u00fcr freies als auch emulgiertes Wasser, geringe Einschr\u00e4nkung des Kraftstoffflusses und eine hohe Schmutzaufnahmekapazit\u00e4t aus. Das Herzst\u00fcck des Systems sind die drei Koaleszenz- und Filterstufen, die vom patentierten Aquabloc\u00ae-Filterelement angetrieben werden.<\/p>\n<p><strong>Filtrationsstufen:<\/strong><\/p>\n<ul>\n<li><strong>Stufe 1 Trennung<\/strong>: Wenn der Kraftstoff in die Filterbaugruppe gelangt, bewegt er sich durch die (station\u00e4re) Turbinenzentrifuge und schleudert gro\u00dfe Feststoffe und Wassertropfen ab, die auf den Boden der Auffangschale fallen.<\/li>\n<li><strong>Stufe 2: Koaleszenz<\/strong>: Kleine Wassertropfen perlen auf der Oberfl\u00e4che der konischen Blende und des Patronenelements ab. Wenn sie schwer genug sind, fallen sie auf den Boden der Auffangschale.<\/li>\n<li><strong>Stufe 3 Filtration<\/strong>: Propriet\u00e4re Aquabloc\u00ae-Kartuschenelemente weisen Wasser ab und entfernen feste Verunreinigungen aus dem Kraftstoff mit einer Effizienz von 98% ihrer Mikron-Bewertung. Wasser, das sich auf der Oberfl\u00e4che des Elements sammelt, vereinigt sich zu gr\u00f6\u00dferen Tropfen, die in die Auffangschale fallen.<\/li>\n<\/ul>\n<p><strong>Funktionen und Vorteile:<\/strong><\/p>\n<ul>\n<li>Ein integrierter B\u00fcgelgriff erleichtert das Wechseln.<\/li>\n<li>Aquabloc\u00ae-Medium ist eine Mischung aus hochwertiger Zellulose, die mit Harzen und einer speziellen chemischen Behandlung vermischt wird.<\/li>\n<li>Originalelemente der Racor Turbine-Serie sind mit UL-zugelassenen Turbinengeh\u00e4usen kompatibel<\/li>\n<li>Die geb\u00fchrenfreie Nummer von Racor ist auf der Endkappe angegeben und beantwortet alle Fragen zu Verf\u00fcgbarkeit, Anwendung oder Service.<\/li>\n<\/ul>","protected":false},"excerpt":{"rendered":"<p>Part Number: 2010-149W<\/p>\n<p>Made By: Parker Racor<\/p>\n<p>Element 149W<\/p>\n<p>Replacement Cartridge Filter Element for Turbine Series Filters &#8211; Racor<\/p>","protected":false},"featured_media":1300,"comment_status":"closed","ping_status":"closed","template":"","meta":{"_seopress_robots_primary_cat":"","_seopress_titles_title":"","_seopress_titles_desc":"","_seopress_robots_index":""},"product_brand":[1926,1927],"product_cat":[264,188],"product_tag":[1025],"class_list":{"0":"post-1224","1":"product","2":"type-product","3":"status-publish","4":"has-post-thumbnail","6":"product_brand-parker","7":"product_brand-racor","8":"product_cat-elements-cartridge","9":"product_cat-racor-fuel-filter","10":"product_tag-racor-replacement-elements-turbine-series","12":"first","13":"onbackorder","14":"taxable","15":"shipping-taxable","16":"purchasable","17":"product-type-simple"},"acpt":{"meta":[{"meta_box":"product-links","meta_fields":[{"name":"product-documents","type":"Post","options":[],"value":null,"default":"","required":false,"showInAdmin":false,"advancedOptions":[]},{"name":"product-videos","type":"Post","options":[],"value":[3612],"default":"","required":false,"showInAdmin":false,"advancedOptions":[]}]}],"wc_product_data":[]},"_links":{"self":[{"href":"https:\/\/racorshop.de\/de\/wp-json\/wp\/v2\/product\/1224","targetHints":{"allow":["GET"]}}],"collection":[{"href":"https:\/\/racorshop.de\/de\/wp-json\/wp\/v2\/product"}],"about":[{"href":"https:\/\/racorshop.de\/de\/wp-json\/wp\/v2\/types\/product"}],"replies":[{"embeddable":true,"href":"https:\/\/racorshop.de\/de\/wp-json\/wp\/v2\/comments?post=1224"}],"wp:featuredmedia":[{"embeddable":true,"href":"https:\/\/racorshop.de\/de\/wp-json\/wp\/v2\/media\/1300"}],"wp:attachment":[{"href":"https:\/\/racorshop.de\/de\/wp-json\/wp\/v2\/media?parent=1224"}],"wp:term":[{"taxonomy":"product_brand","embeddable":true,"href":"https:\/\/racorshop.de\/de\/wp-json\/wp\/v2\/product_brand?post=1224"},{"taxonomy":"product_cat","embeddable":true,"href":"https:\/\/racorshop.de\/de\/wp-json\/wp\/v2\/product_cat?post=1224"},{"taxonomy":"product_tag","embeddable":true,"href":"https:\/\/racorshop.de\/de\/wp-json\/wp\/v2\/product_tag?post=1224"}],"curies":[{"name":"wp","href":"https:\/\/api.w.org\/{rel}","templated":true}]}}