{"id":3081,"date":"2025-04-03T08:37:40","date_gmt":"2025-04-03T08:37:40","guid":{"rendered":"https:\/\/racorshop.de\/terms_and_conditions\/"},"modified":"2026-02-02T09:48:54","modified_gmt":"2026-02-02T09:48:54","slug":"terms_and_conditions","status":"publish","type":"page","link":"https:\/\/racorshop.de\/de\/terms_and_conditions\/","title":{"rendered":"Allgemeine Gesch\u00e4ftsbedingungen (AGB)"},"content":{"rendered":"<p><strong>Allgemeine Gesch\u00e4ftsbedingungen (inkl. Informationen f\u00fcr Kunden)<\/strong><\/p>\n\n\n\n<p>1. Geltungsbereich<br>2. Angebote und Leistungsbeschreibungen<br>3. Bestellvorgang, Vertragsschluss\n4. Preise, Versandkosten<br>5. Lieferung, Warenverf\u00fcgbarkeit<br>6. Zahlungsbedingungen 7. Eigentumsvorbehalt 8. Produktgew\u00e4hrleistung, Garantie 9. Haftung<br>10. Speicherung des Vertragstextes<br>11. Schlussbemerkungen<\/p>\n\n\n\n<p><\/p>\n\n\n\n<p><strong>1. Geltungsbereich<\/strong><em><br><\/em><br>1.1. F\u00fcr die Gesch\u00e4ftsbeziehung zwischen der [Car-In Automotive GmbH, Inhaber: Thorsten Brungert, Daniel-Fahrenheit-Str. 4, 48291 Telgte] (nachfolgend \u201eAnbieter\u201c genannt) und dem Kunden (nachfolgend \u201eKunde\u201c genannt) gelten ausschlie\u00dflich die nachfolgenden Allgemeinen Gesch\u00e4ftsbedingungen in ihrer zum Zeitpunkt der Bestellung g\u00fcltigen Fassung.<\/p>\n\n\n\n<p>1.2. Bitte richten Sie Fragen oder Beanstandungen an unseren Kundenservice, den Sie werktags von [08:00 Uhr] bis [17:30 Uhr] unter der Telefonnummer [+492504\/984990] erreichen k\u00f6nnen. Alternativ k\u00f6nnen Sie uns auch eine E-Mail an [info@car-in-automotive.de] senden.<\/p>\n\n\n\n<p>1.3. Verbraucher im Sinne dieser Allgemeinen Gesch\u00e4ftsbedingungen ist jede nat\u00fcrliche Person, die ein Rechtsgesch\u00e4ft zu Zwecken abschlie\u00dft, die \u00fcberwiegend weder ihrer gewerblichen noch ihrer selbstst\u00e4ndigen beruflichen T\u00e4tigkeit zugerechnet werden k\u00f6nnen (\u00a7 13 BGB).<\/p>\n\n\n\n<p>1.4. Unternehmer im Sinne dieser Allgemeinen Gesch\u00e4ftsbedingungen ist eine nat\u00fcrliche oder juristische Person oder eine rechtsf\u00e4hige Personengesellschaft, die bei Abschluss eines Rechtsgesch\u00e4fts in Aus\u00fcbung ihrer gewerblichen oder selbstst\u00e4ndigen beruflichen T\u00e4tigkeit handelt (\u00a7 14 BGB).<\/p>\n\n\n\n<p><strong>2. Angebote und Leistungsbeschreibungen<\/strong><\/p>\n\n\n\n<p><br>Die Pr\u00e4sentation der Produkte im Online-Shop stellt kein rechtlich bindendes Angebot, sondern eine Aufforderung zur Abgabe einer Bestellung dar. Leistungsbeschreibungen in Katalogen oder auf den Websites des Anbieters haben nicht den Charakter einer Zusicherung oder Garantie.<br>2.1. Alle Angebote gelten \u201esolange der Vorrat reicht\u201c, sofern bei den Produkten nichts anderes vermerkt ist. Im \u00dcbrigen bleiben Irrt\u00fcmer vorbehalten.<\/p>\n\n\n\n<p><br><strong>3. Bestellvorgang, Vertragsschluss<\/strong><\/p>\n\n\n\n<p><br>3.1. Der Kunde kann aus dem Sortiment des Anbieters Produkte unverbindlich ausw\u00e4hlen und diese \u00fcber die Schaltfl\u00e4che [In den Warenkorb] in einem so genannten \u201eWarenkorb\u201c sammeln. Innerhalb des Warenkorbs kann die Produktauswahl ver\u00e4ndert, z. B. Produkte gel\u00f6scht werden. Anschlie\u00dfend kann der Kunde innerhalb des Warenkorbs \u00fcber die Schaltfl\u00e4che [Weiter zur Kasse] zum Abschluss des Bestellvorgangs schreiten.<\/p>\n\n\n\n<p>3.2. \u00dcber die Schaltfl\u00e4che [Zahlungspflichtig bestellen] gibt der Kunde einen verbindlichen Antrag zum Kauf der im Warenkorb befindlichen Waren ab. Vor Abschicken der Bestellung kann der Kunde die Daten jederzeit \u00e4ndern und einsehen sowie mithilfe der Browserfunktion \u201ezur\u00fcck\u201c zum Warenkorb gelangen oder den Bestellvorgang insgesamt abbrechen. Notwendige Angaben sind mit einem Sternchen (*) gekennzeichnet.<\/p>\n\n\n\n<p><br>3.3. Der Anbieter schickt daraufhin dem Kunden eine automatische Empfangsbest\u00e4tigung per E-Mail zu, in welcher die Bestellung des Kunden nochmals aufgef\u00fchrt wird und die der Kunde \u00fcber die Funktion \u201eDrucken\u201c ausdrucken kann (Bestellbest\u00e4tigung). Die automatische Empfangsbest\u00e4tigung dokumentiert lediglich, dass die Bestellung des Kunden beim Anbieter eingegangen ist und stellt keine Annahme des Antrags dar. Ein verbindlicher Kaufvertrag kommt erst dann zustande, wenn der Anbieter das bestellte Produkt innerhalb von 2 Tagen an den Kunden versendet, \u00fcbergibt oder den Versand innerhalb von 2 Tagen mit einer zweiten E-Mail, ausdr\u00fccklicher Auftragsbest\u00e4tigung oder Zusendung der Rechnung best\u00e4tigt.<\/p>\n\n\n\n<p>3.4. Soweit der Verk\u00e4ufer eine Vorkassezahlung anbietet, kommt der Vertrag mit der Bereitstellung seiner Bankdaten und der Zahlungsaufforderung durch den Kunden zustande. Geht die Zahlung trotz F\u00e4lligkeit und Mahnung auch nach Erhalt des Kaufpreises nicht innerhalb von 10 Kalendertagen nach Absendung der Bestellbest\u00e4tigung beim Verk\u00e4ufer ein, so ist der Verk\u00e4ufer zum R\u00fccktritt vom Vertrag berechtigt. Die Bestellung ist damit hinf\u00e4llig und der Verk\u00e4ufer von seiner Lieferpflicht befreit. Die Bestellung gilt dann als abgeschlossen, ohne dass es weiterer Folgen f\u00fcr den Kunden oder den Verk\u00e4ufer bedarf. Artikel, bei denen die Vorkassezahlung angeboten wird, k\u00f6nnen daher maximal 10 Kalendertage reserviert werden.<\/p>\n\n\n\n<p><strong>4. Preise, Versandkosten<br><\/strong><br>4.1. Alle Preise, die auf der Website des Anbieters angegeben sind, verstehen sich einschlie\u00dflich der jeweils g\u00fcltigen gesetzlichen Umsatzsteuer.<\/p>\n\n\n\n<p><br>4.2. Zuz\u00fcglich zu den angegebenen Preisen berechnet der Anbieter f\u00fcr die Lieferung Versandkosten. Die Versandkostenanteile werden dem K\u00e4ufer auf einer speziellen Informationsseite sowie im Rahmen des Bestellprozesses deutlich mitgeteilt.<\/p>\n\n\n\n<p><strong>5. Lieferung, Warenverf\u00fcgbarkeit<\/strong><\/p>\n\n\n\n<p><br>5.1. Wenn Sie sich f\u00fcr die Zahlung per Vorkasse entscheiden, versenden wir Ihre Bestellung direkt nach Erhalt Ihrer Zahlung.<\/p>\n\n\n\n<p>5.2. Sollte die Ware nach drei Zustellversuchen aufgrund eines Verschuldens des Kunden nicht erfolgreich \u00fcbergeben werden k\u00f6nnen, beh\u00e4lt sich der Verk\u00e4ufer das Recht vor, vom Vertrag zur\u00fcckzutreten. Bereits erhaltene Zahlungen werden in diesem Fall umgehend zur\u00fcck\u00fcberwiesen.<\/p>\n\n\n\n<p>5.3. Der Anbieter ist zum R\u00fccktritt vom Vertrag berechtigt, sofern das bestellte Produkt nicht verf\u00fcgbar ist, weil der Anbieter ohne eigenes Verschulden von seinem Lieferanten nicht mit dem betreffenden Produkt beliefert wurde. In diesem Fall wird der Anbieter den Kunden unverz\u00fcglich informieren und gegebenenfalls die Lieferung eines vergleichbaren Produktes anbieten. Sind keine vergleichbaren Produkte verf\u00fcgbar oder w\u00fcnscht der Kunde keine Lieferung eines vergleichbaren Produktes, wird der Anbieter dem Kunden bereits erhaltene Gegenleistungen unverz\u00fcglich erstatten.<\/p>\n\n\n\n<p>5.4. \u00dcber Lieferfristen und Lieferbeschr\u00e4nkungen (z. B. Beschr\u00e4nkungen der Lieferung auf bestimmte L\u00e4nder unter Ausschluss anderer) werden Kunden auf einer gesonderten Informationsseite oder in der jeweiligen Produktbeschreibung informiert.<\/p>\n\n\n\n<p><strong>6. Zahlungsbedingungen<\/strong><\/p>\n\n\n\n<p><br>6.1. Dem Kunden steht es frei, im Rahmen des Bestellvorgangs eine der zur Verf\u00fcgung stehenden Zahlungsarten auszuw\u00e4hlen; die Auswahl erfolgt vor Abschluss des Bestellvorgangs. \u00dcber die verf\u00fcgbaren Zahlungsarten werden Kunden auf einer gesonderten Informationsseite informiert.<\/p>\n\n\n\n<p>6.2. Sofern ein Kauf auf Rechnung m\u00f6glich ist, hat die Zahlung innerhalb von 30 Tagen nach Erhalt der Ware und der entsprechenden Rechnung zu erfolgen. Bei allen anderen Zahlungsarten ist die Zahlung vollst\u00e4ndig im Voraus (Vorkasse) zu leisten.<\/p>\n\n\n\n<p>6.3. Werden Drittanbieter mit der Zahlungsabwicklung beauftragt (z. B. PayPal \/ Stripe etc.), gelten deren allgemeine Gesch\u00e4ftsbedingungen.<\/p>\n\n\n\n<p>6.4. Sofern f\u00fcr die Zahlung ein Termin nach dem Kalender bestimmt ist, kommt der Kunde bei Nichteinhaltung dieses Termins unmittelbar in Verzug und hat die gesetzlichen Verzugszinsen zu zahlen.<\/p>\n\n\n\n<p>6.5. Die Verpflichtung des Kunden zur Zahlung von Verzugszinsen schlie\u00dft die Geltendmachung weiterer Verzugssch\u00e4den durch den Anbieter nicht aus.<\/p>\n\n\n\n<p>6.6. Ein Recht zur Aufrechnung steht dem Kunden nur zu, wenn seine Gegenanspr\u00fcche rechtskr\u00e4ftig festgestellt oder vom Anbieter anerkannt sind. Der Kunde kann ein Zur\u00fcckbehaltungsrecht nur aus\u00fcben, soweit die Anspr\u00fcche aus dem gleichen Vertragsverh\u00e4ltnis resultieren.<\/p>\n\n\n\n<p><strong>7. Eigentumsvorbehalt<\/strong><\/p>\n\n\n\n<p>Bis zur vollst\u00e4ndigen Bezahlung bleibt die gelieferte Ware Eigentum des Verk\u00e4ufers.<\/p>\n\n\n\n<p><strong>8. Produktgew\u00e4hrleistung und Garantie<\/strong><\/p>\n\n\n\n<p><br>8.1. Der Anbieter leistet Gew\u00e4hr im Rahmen der gesetzlichen Vorschriften.<\/p>\n\n\n\n<p>8.2. Eine Garantie besteht bei den vom Anbieter gelieferten Waren nur dann, wenn diese dem Kunden vor Beginn des Bestellvorgangs ausdr\u00fccklich mitgeteilt wurde und die Garantiebedingungen entsprechend erl\u00e4utert wurden.<\/p>\n\n\n\n<p><strong>9. Haftung<\/strong><\/p>\n\n\n\n<p><br>9.1. F\u00fcr eine Haftung des Anbieters auf Schadensersatz gelten unbeschadet der sonstigen gesetzlichen Anspruchsvoraussetzungen die folgenden Haftungsausschl\u00fcsse und -begrenzungen.<\/p>\n\n\n\n<p>9.2. Der Anbieter haftet unbeschr\u00e4nkt, soweit die Schadensursache auf Vorsatz oder grober Fahrl\u00e4ssigkeit beruht.<\/p>\n\n\n\n<p>9.3. Der Anbieter haftet ferner f\u00fcr die leicht fahrl\u00e4ssige Verletzung von wesentlichen Verpflichtungen, deren Verletzung die Erreichung des Vertragszwecks gef\u00e4hrdet, sowie f\u00fcr die Verletzung von Verpflichtungen, deren Erf\u00fcllung die ordnungsgem\u00e4\u00dfe Durchf\u00fchrung des Vertrags \u00fcberhaupt erst erm\u00f6glicht und auf deren Einhaltung der Kunde regelm\u00e4\u00dfig vertraut. In diesem Fall haftet der Anbieter jedoch nur f\u00fcr den vorhersehbaren, vertragstypischen Schaden. Der Anbieter haftet nicht f\u00fcr die leicht fahrl\u00e4ssige Verletzung anderer als der in den vorstehenden S\u00e4tzen genannten Pflichten.<\/p>\n\n\n\n<p>9.4. Die vorstehenden Haftungsbeschr\u00e4nkungen gelten nicht bei Verletzung von Leben, K\u00f6rper und Gesundheit, f\u00fcr einen Mangel nach \u00dcbernahme einer Garantie f\u00fcr die Beschaffenheit des Produktes und bei arglistig verschwiegenen M\u00e4ngeln. Die Haftung nach dem Produkthaftungsgesetz bleibt unber\u00fchrt.<\/p>\n\n\n\n<p>9.5. Soweit die Haftung des Anbieters ausgeschlossen oder beschr\u00e4nkt ist, gilt dies auch f\u00fcr die pers\u00f6nliche Haftung von Arbeitnehmern, Vertretern und Erf\u00fcllungsgehilfen.<\/p>\n\n\n\n<p><strong>10. Speicherung des Vertragstextes<\/strong><\/p>\n\n\n\n<p><br>10.1. Der Kunde kann den Vertragstext vor der Abgabe der Bestellung an den Anbieter ausdrucken, indem er im letzten Schritt der Bestellung die Druckfunktion seines Browsers nutzt.<\/p>\n\n\n\n<p>10.2. Der Anbieter sendet dem Kunden au\u00dferdem eine Bestellbest\u00e4tigung mit allen Bestelldaten an die von ihm angegebene E-Mail-Adresse zu. Mit der Bestellbest\u00e4tigung, sp\u00e4testens jedoch bei der Lieferung der Ware, erh\u00e4lt der Kunde ferner eine Kopie der AGB nebst Widerrufsbelehrung und den Hinweisen zu Versandkosten sowie Liefer- und Zahlungsbedingungen. Sofern Sie sich in unserem Shop registriert haben, k\u00f6nnen Sie in Ihrem Profilbereich Ihre get\u00e4tigten Bestellungen einsehen. Dar\u00fcber hinaus speichern wir den Vertragstext, machen ihn jedoch im Internet nicht weiter zug\u00e4nglich.<\/p>\n\n\n\n<p><strong>NB: Bitte beachten Sie im Folgenden, dass der Link zu <a href=\"http:\/\/ec.europa.eu\/consumers\/odr\/\">http:\/\/ec.europa.eu\/consumers\/odr\/<\/a> <br><\/strong><\/p>\n\n\n\n<p><strong><strong>11. Schlussbemerkungen<\/strong><\/strong><\/p>\n\n\n\n<p><strong><br><\/strong>11.1. Sofern es sich beim Kunden um einen Kaufmann, eine juristische Person des \u00f6ffentlichen Rechts oder um ein \u00f6ffentlich-rechtliches Sonderverm\u00f6gen handelt, ist der Sitz des Anbieters Erf\u00fcllungsort und Gerichtsstand. <\/p>\n\n\n\n<p>11.2. Die Vertragssprache ist Deutsch.<\/p>\n\n\n\n<p>11.3. Plattform der Europ\u00e4ischen Kommission zur Online-Streitbeilegung (OS) f\u00fcr Verbraucher: <a href=\"http:\/\/ec.europa.eu\/consumers\/odr\/\">http:\/\/ec.europa.eu\/consumers\/odr\/<\/a>Wir sind weder bereit noch verpflichtet, an Streitbeilegungsverfahren vor einer Verbraucherschlichtungsstelle teilzunehmen.<\/p>","protected":false},"excerpt":{"rendered":"<p>General Terms and Conditions (including information for customers) 1. Applicability2. Offers, service descriptions3. Order process, conclusion of the contract4. Prices, delivery costs5. Delivery, product availability6. Terms of payment7. Retention of title8. Product warranty, guarantee9. Liability10. Storage of the contract itself11. Closing remarks 1. Applicability1.1. The business relationship between [Car-In Automotive GmbH, owner: Thorsten Brungert, Daniel-Fahrenheit-Str. [&hellip;]<\/p>","protected":false},"author":1,"featured_media":0,"parent":0,"menu_order":0,"comment_status":"closed","ping_status":"closed","template":"","meta":{"_seopress_robots_primary_cat":"","_seopress_titles_title":"","_seopress_titles_desc":"","_seopress_robots_index":"","footnotes":""},"class_list":["post-3081","page","type-page","status-publish","hentry"],"acpt":null,"_links":{"self":[{"href":"https:\/\/racorshop.de\/de\/wp-json\/wp\/v2\/pages\/3081","targetHints":{"allow":["GET"]}}],"collection":[{"href":"https:\/\/racorshop.de\/de\/wp-json\/wp\/v2\/pages"}],"about":[{"href":"https:\/\/racorshop.de\/de\/wp-json\/wp\/v2\/types\/page"}],"author":[{"embeddable":true,"href":"https:\/\/racorshop.de\/de\/wp-json\/wp\/v2\/users\/1"}],"replies":[{"embeddable":true,"href":"https:\/\/racorshop.de\/de\/wp-json\/wp\/v2\/comments?post=3081"}],"version-history":[{"count":6,"href":"https:\/\/racorshop.de\/de\/wp-json\/wp\/v2\/pages\/3081\/revisions"}],"predecessor-version":[{"id":3687,"href":"https:\/\/racorshop.de\/de\/wp-json\/wp\/v2\/pages\/3081\/revisions\/3687"}],"wp:attachment":[{"href":"https:\/\/racorshop.de\/de\/wp-json\/wp\/v2\/media?parent=3081"}],"curies":[{"name":"wp","href":"https:\/\/api.w.org\/{rel}","templated":true}]}}