{"id":3079,"date":"2025-04-03T08:37:40","date_gmt":"2025-04-03T08:37:40","guid":{"rendered":"https:\/\/racorshop.de\/payment_methods\/"},"modified":"2026-02-17T07:38:14","modified_gmt":"2026-02-17T07:38:14","slug":"payment_methods","status":"publish","type":"page","link":"https:\/\/racorshop.de\/de\/payment_methods\/","title":{"rendered":"Zahlungsarten"},"content":{"rendered":"<p><strong>Zahlungsarten<\/strong><\/p>\n\n\n\n<p>Wir bieten Ihnen die folgenden Zahlungsarten an. Suchen Sie sich einfach die f\u00fcr Sie optimale Zahlungsweise aus. Die Versandkosten sind teilweise abh\u00e4ngig von der gew\u00e4hlten Zahlungsart. Die in den jeweiligen Angeboten angef\u00fchrten Preise stellen Endpreise dar und beinhalten alle Preisbestandteile (einschlie\u00dflich aller anfallenden Steuern, wie z. B. Mehrwertsteuer). Nur bei grenz\u00fcberschreitenden Lieferungen k\u00f6nnen im Einzelfall weitere Steuern (z. B. bei einem innergemeinschaftlichen Erwerb) und\/oder Abgaben (z. B. Z\u00f6lle) von Ihnen zu zahlen sein \u2013 jedoch nicht an den Anbieter, sondern an die dort zust\u00e4ndigen Zoll- oder Steuerbeh\u00f6rden. Die anfallenden Liefer- und Versandkosten sind nicht im Kaufpreis enthalten; sie k\u00f6nnen \u00fcber die Seite \u201aVersandkosten\u2018 aufgerufen werden, werden im Laufe des Bestellvorgangs gesondert ausgewiesen und sind von Ihnen zus\u00e4tzlich zu tragen.<\/p>\n\n\n\n<p><em>Nachnahme<\/em><\/p>\n\n\n\n<p>Zahlung per Nachnahme: Bitte halten Sie den Rechnungsbetrag passend bereit. Die Zahlung erfolgt bar bei \u00dcbergabe an den Zusteller (Schecks werden nicht akzeptiert). Bei dieser Zahlungsart f\u00e4llt eine zus\u00e4tzliche Nachnahmegeb\u00fchr in H\u00f6he von 6,50 EUR an, die direkt an den Zusteller zu entrichten ist.<\/p>\n\n\n\n<p><em>Lastschrift<\/em><\/p>\n\n\n\n<p>Wir ziehen den Rechnungsbetrag bequem von Ihrem angegebenen Konto ein. Bitte beachten Sie, dass hierf\u00fcr eine zus\u00e4tzliche Geb\u00fchr von 2,00 EUR erhoben wird.<\/p>\n\n\n\n<p><em>Zahlung auf Rechnung<\/em><br>Kauf auf Rechnung: Bestellen Sie ganz entspannt und zahlen Sie erst, wenn die Ware bei Ihnen eingetroffen ist. F\u00fcr diesen Service erheben wir eine geringe Geb\u00fchr von 2,00 EUR.<\/p>\n\n\n\n<p><em>Kreditkarte<\/em><\/p>\n\n\n\n<p>Bezahlen Sie Ihre Bestellung bequem und sicher mit Ihrer Kreditkarte.<\/p>\n\n\n\n<p><em>PayPal<\/em><\/p>\n\n\n\n<p>Schnell und unkompliziert: Zahlen Sie direkt mit wenigen Klicks \u00fcber PayPal.<\/p>\n\n\n\n<p><em>Zahlung per Vorkasse<\/em><\/p>\n\n\n\n<p>Kostenfreier Standardversand innerhalb Deutschlands (ausgenommen Expressversand).<\/p>\n\n\n\n<p>Bitte \u00fcberweisen Sie den f\u00e4lligen Gesamtbetrag auf unser Konto:<\/p>\n\n\n\n<p>Account holder: Car-in Automotive GmbH<br>Account number: 0034 4652 37<br>Sort code: 400 501 50 Bank: Sparkasse Muensterland Ost<br>SWIFT: WELADED1MST<br>IBAN: DE21 4005 0150 0034 4652 37<\/p>\n\n\n\n<p><em>Barzahlung<\/em><\/p>\n\n\n\n<p>Einfach online bestellen und in unserem Shop abholen:<\/p>\n\n\n\n<p>Car-in Automotive GmbH, Daniel-Fahrenheit-Str. 4, Telgte, 48291, Germany<br>Mo \u2013 Fr 8:30 \u2013 17:30<br><\/p>\n\n\n\n<p><\/p>","protected":false},"excerpt":{"rendered":"<p>Payment types We offer you the following payment types. Simply browse the list for the best payment type for you. Shipping costs may vary depending on the payment type selected. The prices given in the respective offers are final and include all price components (including any applicable tax such as value-added tax (VAT)). Other taxes [&hellip;]<\/p>","protected":false},"author":1,"featured_media":0,"parent":0,"menu_order":0,"comment_status":"closed","ping_status":"closed","template":"","meta":{"_seopress_robots_primary_cat":"","_seopress_titles_title":"","_seopress_titles_desc":"","_seopress_robots_index":"","footnotes":""},"class_list":["post-3079","page","type-page","status-publish","hentry"],"acpt":null,"_links":{"self":[{"href":"https:\/\/racorshop.de\/de\/wp-json\/wp\/v2\/pages\/3079","targetHints":{"allow":["GET"]}}],"collection":[{"href":"https:\/\/racorshop.de\/de\/wp-json\/wp\/v2\/pages"}],"about":[{"href":"https:\/\/racorshop.de\/de\/wp-json\/wp\/v2\/types\/page"}],"author":[{"embeddable":true,"href":"https:\/\/racorshop.de\/de\/wp-json\/wp\/v2\/users\/1"}],"replies":[{"embeddable":true,"href":"https:\/\/racorshop.de\/de\/wp-json\/wp\/v2\/comments?post=3079"}],"version-history":[{"count":4,"href":"https:\/\/racorshop.de\/de\/wp-json\/wp\/v2\/pages\/3079\/revisions"}],"predecessor-version":[{"id":3706,"href":"https:\/\/racorshop.de\/de\/wp-json\/wp\/v2\/pages\/3079\/revisions\/3706"}],"wp:attachment":[{"href":"https:\/\/racorshop.de\/de\/wp-json\/wp\/v2\/media?parent=3079"}],"curies":[{"name":"wp","href":"https:\/\/api.w.org\/{rel}","templated":true}]}}