{"id":3076,"date":"2025-04-03T08:37:40","date_gmt":"2025-04-03T08:37:40","guid":{"rendered":"https:\/\/racorshop.de\/shipping__delivery\/"},"modified":"2025-04-03T08:37:40","modified_gmt":"2025-04-03T08:37:40","slug":"shipping__delivery","status":"publish","type":"page","link":"https:\/\/racorshop.de\/de\/versand__lieferung\/","title":{"rendered":"Versand &amp; Lieferung"},"content":{"rendered":"<p><strong>Haftungsausschluss: Die folgende Vorlage wurde von einem Anwalt erstellt (<a href=\"https:\/\/drschwenke.de\" rel=\"nofollow\">https:\/\/drschwenke.de<\/a>) entsprechend den typischen Anforderungen eines Onlineshops. Sie sollten die Vorlage dennoch nur nach sorgf\u00e4ltiger Pr\u00fcfung und Anpassung an Ihr konkretes Gesch\u00e4ftsmodell verwenden. Um Sie dabei zu unterst\u00fctzen, enth\u00e4lt die folgende Vorlage zus\u00e4tzliche Hinweise, die zu beachten sind, sowie rote Passagen, die besonderer Aufmerksamkeit und ggf. Anpassung bed\u00fcrfen. Bitte l\u00f6schen Sie die Hinweise, nachdem Sie die Vorlage durchgearbeitet haben. Lassen Sie sich bei Unsicherheiten rechtlich beraten. Urheberrecht: Sie d\u00fcrfen die Vorlage nur innerhalb der jeweiligen Domain\/Website verwenden, sofern diese durch Ihre Marketpress-Lizenz abgedeckt ist. Die Weitergabe dieser Vorlage an Dritte (auch Kunden, z. B. als Entwickler) ist untersagt.<\/strong><\/p>\n<p><strong>Bitte beachten Sie, dass f\u00fcr alle L\u00e4nder, in die Sie versenden, die Versandkosten oder zumindest deren Berechnungsart (z. B. nach Gewicht) angegeben werden m\u00fcssen.<\/strong><\/p>\n<p><strong>Wenn Sie nur in bestimmte L\u00e4nder versenden, m\u00fcssen Sie Ihre Kunden dar\u00fcber informieren. Stellen Sie au\u00dferdem sicher, dass Sie in Ihren WooCommerce-Einstellungen nur diese L\u00e4nder als Versandorte ausw\u00e4hlen. Verwenden Sie keine Klauseln wie \u201eVersandkosten in andere L\u00e4nder nur auf Anfrage\u201c.<\/strong><\/p>\n<p><strong>Preise, Versandkosten und Lieferinformationen<\/strong><\/p>\n<p>Die auf den Produktseiten genannten Preise verstehen sich inklusive der gesetzlichen Mehrwertsteuer und sonstiger Preisbestandteile. <\/p>\n<p>Wir versenden ausschlie\u00dflich an Adressen in Deutschland und \u00d6sterreich. <\/p>\n<p>Zus\u00e4tzlich zu den angegebenen Produktpreisen berechnen wir f\u00fcr die Lieferung innerhalb Deutschlands und \u00d6sterreichs pauschal 6,90 EUR pro Bestellung. Die Versandkosten werden Ihnen im Warenkorb angezeigt und auf der Bestellseite nochmals best\u00e4tigt. <\/p>\n<p>Bei Zahlung per Nachnahme wird eine zus\u00e4tzliche Geb\u00fchr von [2 EUR] an den \u00f6rtlichen Spediteur erhoben. [Weitere Steuern oder Geb\u00fchren fallen nicht an.] <\/p>\n<p>Im Zusammenhang mit digitalen Inhalten (z. B. E-Books, Software etc.) fallen keine Versandkosten an.<\/p>\n<p>[Hinweis f\u00fcr H\u00e4ndler: Der folgende Passus ist zwingend erforderlich, wenn Sie Versandkostenpauschalen berechnen. Andernfalls kann der Passus gel\u00f6scht werden.] <\/p>\n<p>Die Versandkosten betragen pauschal [WERT] EUR und verstehen sich inklusive der gesetzlichen Mehrwertsteuer. Da sich der in den Versandkosten enthaltene Mehrwertsteuerbetrag nach dem Warenkauf bemisst, kann er sich mindern, wenn f\u00fcr die Ware ein niedrigerer Mehrwertsteuersatz gilt (z.B. B\u00fccher). Dies hat zur Folge, dass die Versandkosten erst im Bestellprozess endg\u00fcltig berechnet werden k\u00f6nnen. Eine Erh\u00f6hung ist nicht zul\u00e4ssig, sie werden lediglich zu Ihren Gunsten angepasst (also reduziert).<\/p>","protected":false},"excerpt":{"rendered":"<p>Disclaimer: The following template was created by a lawyer (https:\/\/drschwenke.de) in accordance with the typical requirements associated with an online shop.\u00a0You should nevertheless only apply the template further to careful scrutiny and adaptation to your specific business model. In order to assist you in doing so, the following template contains additional notes that must be [&hellip;]<\/p>","protected":false},"author":1,"featured_media":0,"parent":0,"menu_order":0,"comment_status":"closed","ping_status":"closed","template":"","meta":{"_seopress_robots_primary_cat":"","_seopress_titles_title":"","_seopress_titles_desc":"","_seopress_robots_index":"","footnotes":""},"class_list":["post-3076","page","type-page","status-publish","hentry"],"acpt":null,"_links":{"self":[{"href":"https:\/\/racorshop.de\/de\/wp-json\/wp\/v2\/pages\/3076","targetHints":{"allow":["GET"]}}],"collection":[{"href":"https:\/\/racorshop.de\/de\/wp-json\/wp\/v2\/pages"}],"about":[{"href":"https:\/\/racorshop.de\/de\/wp-json\/wp\/v2\/types\/page"}],"author":[{"embeddable":true,"href":"https:\/\/racorshop.de\/de\/wp-json\/wp\/v2\/users\/1"}],"replies":[{"embeddable":true,"href":"https:\/\/racorshop.de\/de\/wp-json\/wp\/v2\/comments?post=3076"}],"version-history":[{"count":1,"href":"https:\/\/racorshop.de\/de\/wp-json\/wp\/v2\/pages\/3076\/revisions"}],"predecessor-version":[{"id":3155,"href":"https:\/\/racorshop.de\/de\/wp-json\/wp\/v2\/pages\/3076\/revisions\/3155"}],"wp:attachment":[{"href":"https:\/\/racorshop.de\/de\/wp-json\/wp\/v2\/media?parent=3076"}],"curies":[{"name":"wp","href":"https:\/\/api.w.org\/{rel}","templated":true}]}}