{"id":2379,"date":"2025-02-26T10:23:22","date_gmt":"2025-02-26T10:23:22","guid":{"rendered":"https:\/\/racorshop.de\/?page_id=2379"},"modified":"2025-11-06T22:28:14","modified_gmt":"2025-11-06T22:28:14","slug":"about-us","status":"publish","type":"page","link":"https:\/\/racorshop.de\/de\/uber-uns\/","title":{"rendered":"\u00dcber uns"},"content":{"rendered":"<div class=\"wp-block-group alignfull has-background is-layout-flow wp-block-group-is-layout-flow\" style=\"background-color:#f2f0e9;padding-right:var(--wp--preset--spacing--50);padding-left:var(--wp--preset--spacing--50)\">\n<div style=\"height:70px\" aria-hidden=\"true\" class=\"wp-block-spacer\"><\/div>\n\n\n\n<div class=\"wp-block-columns alignwide are-vertically-aligned-center is-layout-flex wp-container-core-columns-is-layout-28f84493 wp-block-columns-is-layout-flex\">\n<div class=\"wp-block-column is-layout-flow wp-block-column-is-layout-flow\" style=\"flex-basis:50%\">\n<p class=\"has-text-align-left has-text-color\" style=\"color:#000000;font-size:clamp(18.959px, 1.185rem + ((1vw - 3.2px) * 1.255), 30px);line-height:1.1\"><strong>In Telgte zu Hause, in der Filtration weltweit f\u00fchrend: Ihr Partner f\u00fcr Parker Racor.<\/strong><\/p>\n<\/div>\n\n\n\n<div class=\"wp-block-column is-layout-flow wp-block-column-is-layout-flow\" style=\"flex-basis:50%\">\n<hr class=\"wp-block-separator has-text-color has-css-opacity has-background is-style-wide is-style-wide--1\" style=\"background-color:#000000;color:#000000\"\/>\n<\/div>\n<\/div>\n\n\n\n<div class=\"wp-block-columns alignwide is-layout-flex wp-container-core-columns-is-layout-28f84493 wp-block-columns-is-layout-flex\">\n<div class=\"wp-block-column is-layout-flow wp-block-column-is-layout-flow\"><\/div>\n\n\n\n<div class=\"wp-block-column is-layout-flow wp-block-column-is-layout-flow\">\n<p class=\"has-text-color has-extra-small-font-size\" style=\"color:#000000\">Als spezialisierter Fachh\u00e4ndler f\u00fcr Fahrzeugteile mit Sitz in Telgte bieten wir Ihnen ein umfangreiches Sortiment hochwertiger Racor-Filterl\u00f6sungen. Unser Schwerpunkt liegt auf dem Marine- und Heavy-Duty-Bereich: Von den bew\u00e4hrten Turbine-Systemen bis hin zu Spin-on-Kraftstofffiltern und Ersatzelementen f\u00fcr Benzin- und Dieselmotoren liefern wir Qualit\u00e4t f\u00fcr h\u00f6chste Anspr\u00fcche.<\/p>\n<\/div>\n\n\n\n<div class=\"wp-block-column is-layout-flow wp-block-column-is-layout-flow\">\n<p class=\"has-text-color has-extra-small-font-size\" style=\"color:#000000\">Als weltweiter Marktf\u00fchrer im Bereich Filtration setzt die Racor-Reihe von Parker Hannifin seit Jahrzehnten Ma\u00dfst\u00e4be. Bereits seit 1969 entwickelt Racor erstklassige L\u00f6sungen f\u00fcr Kraftstoff-, Luft-, Hydraulik- und Schmier\u00f6lsysteme sowie f\u00fcr CCV- und K\u00fchlmittelanwendungen<\/p>\n<\/div>\n<\/div>\n\n\n\n<div style=\"height:40px\" aria-hidden=\"true\" class=\"wp-block-spacer\"><\/div>\n<\/div>\n\n\n\n<div class=\"wp-block-group alignfull has-global-padding is-layout-constrained wp-block-group-is-layout-constrained\" style=\"margin-top:0;margin-bottom:0\">\n<div class=\"wp-block-group alignwide is-layout-flow wp-container-core-group-is-layout-d58a0413 wp-block-group-is-layout-flow\" style=\"padding-top:var(--wp--preset--spacing--50);padding-bottom:var(--wp--preset--spacing--50)\">\n<h2 class=\"wp-block-heading has-x-large-font-size\">H\u00e4ufig gestellte Fragen<\/h2>\n\n\n\n<div class=\"wp-block-columns is-layout-flex wp-container-core-columns-is-layout-cbe57604 wp-block-columns-is-layout-flex\">\n<div class=\"wp-block-column is-layout-flow wp-block-column-is-layout-flow\">\n<div class=\"wp-block-group is-layout-flow wp-block-group-is-layout-flow\" style=\"border-top-color:var(--wp--preset--color--accent-6);border-top-width:1px;padding-top:var(--wp--preset--spacing--30);padding-bottom:var(--wp--preset--spacing--30)\">\n<h3 class=\"wp-block-heading\">Versandkostenfrei bestellen!<\/h3>\n\n\n\n<p>Innerhalb Deutschlands liefern wir bereits ab einem Bestellwert von 75,00 Euro versandkostenfrei. Bitte beachten Sie, dass f\u00fcr besonders schwere oder sperrige G\u00fcter sowie bestimmte Lieferorte (z. B. Inselzustellung) Ausnahmen gelten k\u00f6nnen.<\/p>\n<\/div>\n<\/div>\n\n\n\n<div class=\"wp-block-column is-layout-flow wp-block-column-is-layout-flow\">\n<div class=\"wp-block-group is-layout-flow wp-block-group-is-layout-flow\" style=\"border-top-color:var(--wp--preset--color--accent-6);border-top-width:1px;padding-top:var(--wp--preset--spacing--30);padding-bottom:var(--wp--preset--spacing--30)\">\n<h3 class=\"wp-block-heading\">Versandoptionen und Lieferm\u00f6glichkeiten<\/h3>\n\n\n\n<p>Sobald Ihre Bestellung unser Lager in Telgte verl\u00e4sst, erhalten Sie von uns eine Versandbest\u00e4tigung per E-Mail. Diese enth\u00e4lt einen Link zur Sendungsverfolgung, mit dem Sie den Status Ihrer Lieferung jederzeit in Echtzeit pr\u00fcfen k\u00f6nnen.\n\nWir wissen, wie wichtig die Einsatzbereitschaft Ihrer Maschinen und Schiffe ist. Lagerfeste Artikel versenden wir in der Regel innerhalb von 24 bis 48 Stunden. Die Regellaufzeit unserer Versandpartner betr\u00e4gt innerhalb Deutschlands ca. 1\u20133 Werktage.<\/p>\n<\/div>\n<\/div>\n<\/div>\n\n\n\n<div class=\"wp-block-columns is-layout-flex wp-container-core-columns-is-layout-cbe57604 wp-block-columns-is-layout-flex\">\n<div class=\"wp-block-column is-layout-flow wp-block-column-is-layout-flow\">\n<div class=\"wp-block-group is-layout-flow wp-block-group-is-layout-flow\" style=\"border-top-color:var(--wp--preset--color--accent-6);border-top-width:1px;padding-top:var(--wp--preset--spacing--30);padding-bottom:var(--wp--preset--spacing--30)\">\n<h3 class=\"wp-block-heading\">Wie steht es mit der R\u00fcckgaberichtlinie?<\/h3>\n\n\n\n<p>Ihre Zufriedenheit liegt uns am Herzen: Sollte uns bei Ihrer Bestellung ein Fehler unterlaufen sein oder haben Sie ein falsches Produkt erhalten? Kein Problem \u2013 wir nehmen die Ware selbstverst\u00e4ndlich zur\u00fcck. Unser Kundenservice pr\u00fcft Ihr Anliegen umgehend, um eine schnelle L\u00f6sung f\u00fcr Sie zu finden.\n\nEin kleiner Hinweis: Falls Ihr Paket \u00e4u\u00dferlich besch\u00e4digt ankommt, reklamieren Sie dies bitte direkt beim zust\u00e4ndigen Kurierdienst, damit wir den Transportschaden schnellstm\u00f6glich f\u00fcr Sie abwickeln k\u00f6nnen.<\/p>\n<\/div>\n<\/div>\n\n\n\n<div class=\"wp-block-column is-layout-flow wp-block-column-is-layout-flow\">\n<div class=\"wp-block-group is-layout-flow wp-block-group-is-layout-flow\" style=\"border-top-color:var(--wp--preset--color--accent-6);border-top-width:1px;padding-top:var(--wp--preset--spacing--30);padding-bottom:var(--wp--preset--spacing--30)\">\n<h3 class=\"wp-block-heading\">In welche L\u00e4nder verkaufen Sie?<\/h3>\n\n\n\n<p>Bei Online-Shop-Bestellungen k\u00f6nnen wir mit einigen Einschr\u00e4nkungen in die meisten L\u00e4nder Europas und Gro\u00dfbritanniens liefern. Es ist jedoch m\u00f6glich, in andere L\u00e4nder zu liefern, wenn Sie uns Ihre Anfrage per Telefon oder E-Mail mitteilen.<\/p>\n<\/div>\n<\/div>\n<\/div>\n\n\n\n<div class=\"wp-block-columns is-layout-flex wp-container-core-columns-is-layout-cbe57604 wp-block-columns-is-layout-flex\">\n<div class=\"wp-block-column is-layout-flow wp-block-column-is-layout-flow\">\n<div class=\"wp-block-group is-layout-flow wp-block-group-is-layout-flow\" style=\"border-top-color:var(--wp--preset--color--accent-6);border-top-width:1px;padding-top:var(--wp--preset--spacing--30);padding-bottom:var(--wp--preset--spacing--30)\">\n<h3 class=\"wp-block-heading\">Wann wird meine Bestellung versendet?<\/h3>\n\n\n\n<p>Schneller Versand garantiert: Bestellen Sie lagernde Artikel bis 14:00\n\nUhr, und wir versenden Ihre Ware noch am selben Tag. Sollte ein Artikel\n\nnicht sofort verf\u00fcgbar sein oder es sich um eine Sonderbestellung\n\nhandeln, informieren wir Sie umgehend \u00fcber den voraussichtlichen\n\nLiefertermin.<\/p>\n<\/div>\n<\/div>\n\n\n\n<div class=\"wp-block-column is-layout-flow wp-block-column-is-layout-flow\">\n<div class=\"wp-block-group is-layout-flow wp-block-group-is-layout-flow\" style=\"border-top-color:var(--wp--preset--color--accent-6);border-top-width:1px;padding-top:var(--wp--preset--spacing--30);padding-bottom:var(--wp--preset--spacing--30)\">\n<h3 class=\"wp-block-heading\">Brauchen Sie weitere Informationen?<\/h3>\n\n\n\n<p>Haben Sie noch offene Fragen? Wir sind gerne f\u00fcr Sie da! Nutzen Sie einfach unser Kontaktformular oder erreichen Sie uns direkt per E-Mail oder Telefon \u2013 wir freuen uns darauf, Ihnen weiterzuhelfen. <a href=\"https:\/\/racorshop.de\/de\/kontakt\/\" data-type=\"page\" data-id=\"2128\">Kontaktformular<\/a> oder kontaktieren Sie uns telefonisch oder per E-Mail mit Ihrem Anliegen.<\/p>\n<\/div>\n<\/div>\n<\/div>\n\n\n\n<div class=\"wp-block-columns is-layout-flex wp-container-core-columns-is-layout-cbe57604 wp-block-columns-is-layout-flex\">\n<div class=\"wp-block-column is-layout-flow wp-block-column-is-layout-flow\">\n<div class=\"wp-block-group is-layout-flow wp-block-group-is-layout-flow\" style=\"border-top-color:var(--wp--preset--color--accent-6);border-top-width:1px;padding-top:var(--wp--preset--spacing--30);padding-bottom:var(--wp--preset--spacing--30)\">\n<h3 class=\"wp-block-heading\">Was hat sich bei den Racor 2020- bzw. 2040-Filterelementen mit schwarzen Endkappen ge\u00e4ndert?<\/h3>\n\n\n\n<p>Im Jahr 2015 hat Racor den Versiegelungsprozess f\u00fcr Filtermedien auf ein Einbettungsverfahren optimiert. W\u00e4hrend die bew\u00e4hrte Aquabloc-Qualit\u00e4t, die Medienmenge und die erstklassige Filterleistung unver\u00e4ndert bleiben, sorgt das neue Design der schwarzen Endkappe f\u00fcr handfeste Vorteile: Ein geringerer Durchmesser optimiert den Durchfluss und steigert die Effizienz bei der Wasserabscheidung.<\/p>\n<\/div>\n<\/div>\n\n\n\n<div class=\"wp-block-column is-layout-flow wp-block-column-is-layout-flow\">\n<div class=\"wp-block-group is-layout-flow wp-block-group-is-layout-flow\" style=\"border-top-color:var(--wp--preset--color--accent-6);border-top-width:1px;padding-top:var(--wp--preset--spacing--30);padding-bottom:var(--wp--preset--spacing--30)\">\n<h3 class=\"wp-block-heading\">Was ist der Unterschied zwischen den auf Racor-Filtern aufgedruckten Begriffen UL und TUL?<\/h3>\n\n\n\n<p>Die Abk\u00fcrzung \"UL\" bezeichnet das Pr\u00fcfinstitut Underwriters Laboratory. F\u00fcr den Einsatz in der Schifffahrt ist eine entsprechende UL-Zertifizierung der Filter zwingend erforderlich. Die Kennzeichnung \"TUL\" spezifiziert dabei Modelle mit einer Filterfeinheit von 10 Mikron.<\/p>\n<\/div>\n<\/div>\n<\/div>\n\n\n\n<div class=\"wp-block-columns is-layout-flex wp-container-core-columns-is-layout-cbe57604 wp-block-columns-is-layout-flex\">\n<div class=\"wp-block-column is-layout-flow wp-block-column-is-layout-flow\">\n<div class=\"wp-block-group is-layout-flow wp-block-group-is-layout-flow\" style=\"border-top-color:var(--wp--preset--color--accent-6);border-top-width:1px;padding-top:var(--wp--preset--spacing--30);padding-bottom:var(--wp--preset--spacing--30)\">\n<h3 class=\"wp-block-heading\">Wie l\u00f6se ich das Element aus der Kunststoffschale?<\/h3>\n\n\n\n<p id=\"viewer-a9g8q834872\">Die Kunststoffschalen der Racor-Spin-on-Serie lassen sich mithilfe des Spezialschl\u00fcssels RK 22628 problemlos l\u00f6sen und entfernen.<\/p>\n\n\n\n<p id=\"viewer-c1pz4834873\">Falls eine Demontage von Hand nicht m\u00f6glich ist, kann ein Bandschl\u00fcssel zur Hilfe genommen werden. Um die strukturelle Beschaffenheit des Elements nicht zu gef\u00e4hrden, darf der Kraftschluss nur in unmittelbarer N\u00e4he zur montierten Sch\u00fcssel erfolgen<\/p>\n\n\n\n<p id=\"viewer-cxuql834874\">Bei der Installation einer neuen Filtereinheit sollten Sie die Filterpatrone zun\u00e4chst vom Kopf und von der Schale trennen. Schmieren Sie die Dichtfl\u00e4chen leicht ein und setzen Sie die Komponenten anschlie\u00dfend handfest gem\u00e4\u00df den aufgedruckten Anweisungen wieder zusammen.<\/p>\n<\/div>\n<\/div>\n\n\n\n<div class=\"wp-block-column is-layout-flow wp-block-column-is-layout-flow\">\n<div class=\"wp-block-group is-layout-flow wp-block-group-is-layout-flow\" style=\"border-top-color:var(--wp--preset--color--accent-6);border-top-width:1px;padding-top:var(--wp--preset--spacing--30);padding-bottom:var(--wp--preset--spacing--30)\">\n<h3 class=\"wp-block-heading\">Warum passt das Racor 2010-Ersatzelement nicht in das Geh\u00e4use der Turbinenserie 500?<\/h3>\n\n\n\n<p>In der fr\u00fcheren Serie 500 war ein zus\u00e4tzlicher Gummiring-Abstandshalter zur H\u00f6henzentrierung des Filterelements erforderlich. Greifen Sie in das entleerte Geh\u00e4use, um diesen Ring r\u00fcckstandslos zu entfernen.<\/p>\n\n\n\n<p>Die neuen Racor 2010-Elemente verf\u00fcgen \u00fcber einen Bodenring, der als Abstandshalter dient, sodass der Gummiabstandshalter nicht erforderlich ist.<\/p>\n<\/div>\n<\/div>\n<\/div>\n\n\n\n<div class=\"wp-block-columns is-layout-flex wp-container-core-columns-is-layout-cbe57604 wp-block-columns-is-layout-flex\">\n<div class=\"wp-block-column is-layout-flow wp-block-column-is-layout-flow\">\n<div class=\"wp-block-group is-layout-flow wp-block-group-is-layout-flow\" style=\"border-top-color:var(--wp--preset--color--accent-6);border-top-width:1px;padding-top:var(--wp--preset--spacing--30);padding-bottom:var(--wp--preset--spacing--30)\">\n<h3 class=\"wp-block-heading\">Kann ein Racor-Dieselfilter in einer Benzinanwendung verwendet werden?<\/h3>\n\n\n\n<p>Die Geh\u00e4use und Dichtungen der Racor-Kraftstofffilter sind zwar materialtechnisch sowohl f\u00fcr Diesel als auch f\u00fcr Benzin geeignet, dennoch gilt es gesetzliche Vorschriften zu beachten. Diese untersagen teilweise den Einsatz von Filtern in Benzinanwendungen, wenn diese explizit nur f\u00fcr Diesel zugelassen sind.<\/p>\n\n\n\n<p>Wichtiger technischer Hinweis: Bitte beachten Sie, dass der Ethanolgehalt im Kraftstoff 20 % nicht \u00fcberschreiten darf. Zudem sind Modelle der Racor-Serie, die mit einem Handansaugknopf aus Kunststoff ausgestattet sind, ausdr\u00fccklich nicht f\u00fcr den Betrieb mit Benzin zugelassen.<\/p>\n<\/div>\n<\/div>\n\n\n\n<div class=\"wp-block-column is-layout-flow wp-block-column-is-layout-flow\">\n<div class=\"wp-block-group is-layout-flow wp-block-group-is-layout-flow\" style=\"border-top-color:var(--wp--preset--color--accent-6);border-top-width:1px;padding-top:var(--wp--preset--spacing--30);padding-bottom:var(--wp--preset--spacing--30)\">\n<h3 class=\"wp-block-heading\">Wie wird die Dichtung der R\u00fcckschlagkugel bei der Racor Turbinen-Serie 500 \/ 900 \/ 1000 richtig eingesetzt?<\/h3>\n\n\n\n<p>Die Dichtung sitzt im Inneren des Geh\u00e4uses direkt unter der R\u00fcckschlagkugel. Achten Sie darauf, dass die konische Seite (bzw. die Dichtlippe) nach oben zeigt, damit die Kugel im Falle eines R\u00fcckflusses sauber abdichten kann.<\/p>\n\n\n\n<p id=\"viewer-2xstp834901\">Lassen Sie beim Zusammenbau der 500er-Serie die Kugel in die Kunststoffturbine fallen und legen Sie die Dichtung mit der flachen Seite nach unten auf den oberen flachen Bereich rund um die \u00d6ffnung der Turbine.<\/p>\n\n\n\n<p>Bei der Serie 900\/1000 lassen Sie die Kugel in die Turbine fallen und installieren Sie die Dichtung am Einlassloch des oberen Geh\u00e4uses. Eine Lippe h\u00e4lt die Dichtung oben. Schrauben Sie dann die Kunststoffturbine auf das obere Geh\u00e4use.<\/p>\n<\/div>\n<\/div>\n<\/div>\n<\/div>\n<\/div>","protected":false},"excerpt":{"rendered":"<p>Car-In Automotive We are an specialist automotive parts distributor based in Telgte, Germany. We carry a large selection of popular Racor filters for marine and other heavy duty applications. Our range includes spin-on fuel filters for both petrol and diesel engines, Racor\u2019s famous Turbine assemblies &amp; replacement elements. The Racor range from Parker Hannifin is [&hellip;]<\/p>","protected":false},"author":1,"featured_media":2592,"parent":0,"menu_order":0,"comment_status":"closed","ping_status":"closed","template":"wp-custom-template-pages-wide-featured-image","meta":{"_seopress_robots_primary_cat":"","_seopress_titles_title":"","_seopress_titles_desc":"","_seopress_robots_index":"","footnotes":""},"class_list":["post-2379","page","type-page","status-publish","has-post-thumbnail","hentry"],"acpt":null,"_links":{"self":[{"href":"https:\/\/racorshop.de\/de\/wp-json\/wp\/v2\/pages\/2379","targetHints":{"allow":["GET"]}}],"collection":[{"href":"https:\/\/racorshop.de\/de\/wp-json\/wp\/v2\/pages"}],"about":[{"href":"https:\/\/racorshop.de\/de\/wp-json\/wp\/v2\/types\/page"}],"author":[{"embeddable":true,"href":"https:\/\/racorshop.de\/de\/wp-json\/wp\/v2\/users\/1"}],"replies":[{"embeddable":true,"href":"https:\/\/racorshop.de\/de\/wp-json\/wp\/v2\/comments?post=2379"}],"version-history":[{"count":25,"href":"https:\/\/racorshop.de\/de\/wp-json\/wp\/v2\/pages\/2379\/revisions"}],"predecessor-version":[{"id":3482,"href":"https:\/\/racorshop.de\/de\/wp-json\/wp\/v2\/pages\/2379\/revisions\/3482"}],"wp:featuredmedia":[{"embeddable":true,"href":"https:\/\/racorshop.de\/de\/wp-json\/wp\/v2\/media\/2592"}],"wp:attachment":[{"href":"https:\/\/racorshop.de\/de\/wp-json\/wp\/v2\/media?parent=2379"}],"curies":[{"name":"wp","href":"https:\/\/api.w.org\/{rel}","templated":true}]}}