{"id":2143,"date":"2024-03-11T16:54:00","date_gmt":"2024-03-11T16:54:00","guid":{"rendered":"https:\/\/racorshop.de\/?page_id=2143"},"modified":"2025-02-23T16:58:15","modified_gmt":"2025-02-23T16:58:15","slug":"privatsphare","status":"publish","type":"page","link":"https:\/\/racorshop.de\/de\/privatsphare\/","title":{"rendered":"Privatsph\u00e4re"},"content":{"rendered":"<h2 class=\"wp-block-heading\">Informationen zur Datenerhebung gem\u00e4\u00df Artikel 13 DSGVO<\/h2>\n\n\n\n<p>Verantwortlich f\u00fcr die Datenerhebung ist die Car-in Automotive GmbH, Daniel-Fahrenheit-Stra\u00dfe 4, 48291 Telgte, vertreten durch den Gesch\u00e4ftsf\u00fchrer Herrn Thorsten Brungert. Die Erhebung erfolgt zur Durchf\u00fchrung des Vertrages, zur Erf\u00fcllung vertraglicher und vorvertraglicher Pflichten sowie zur werblichen Ansprache.<\/p>\n\n\n\n<p>Die Datenerhebung und -verarbeitung ist zur Vertragserf\u00fcllung gem\u00e4\u00df Art. 6 Abs. 1 lit. b DSGVO erforderlich. Eine Weitergabe an Dritte erfolgt nur, sofern dies zur Vertragsabwicklung notwendig ist (z. B. an Versanddienstleister). Die Daten werden gel\u00f6scht, sobald sie f\u00fcr den Verarbeitungszweck nicht mehr ben\u00f6tigt werden und keine gesetzlichen Aufbewahrungspflichten entgegenstehen.<\/p>\n\n\n\n<p>Der Nutzung Ihrer Daten f\u00fcr Direktwerbung k\u00f6nnen Sie jederzeit widersprechen. Dar\u00fcber hinaus haben Sie das Recht auf Auskunft \u00fcber Ihre gespeicherten Daten sowie auf Berichtigung oder L\u00f6schung, falls Daten unrichtig oder unzul\u00e4ssig gespeichert wurden. Bei Fragen zum Datenschutz wenden Sie sich bitte per E-Mail an Datenschutz@car-in-automotive.de oder postalisch an unseren Datenschutzbeauftragten unter der Firmenadresse in Telgte.<\/p>\n\n\n\n<p>Ihnen steht dar\u00fcber hinaus ein Beschwerderecht bei der zust\u00e4ndigen Aufsichtsbeh\u00f6rde (z. B. dem Landesbeauftragten f\u00fcr Datenschutz und Informationsfreiheit Nordrhein-Westfalen) zu.<\/p>\n\n\n\n<p>Weitere Informationen hierzu entnehmen Sie bitte unserer Datenschutzerkl\u00e4rung.<\/p>","protected":false},"excerpt":{"rendered":"<p>Informationen zur Datenerhebung gem\u00e4\u00df Artikel 13 DSGVO Die Car-in Automotive GmbH, Daniel-Fahrenheit-Strasse 4, 48291 Telgte, Gesch\u00e4ftsf\u00fchrer Herr Thorsten Brungert, erhebt Ihre Daten zum Zweck der Vertragsdurchf\u00fchrung, zur Erf\u00fcllung ihrer vertraglichen und vorvertraglichen Pflichten sowie zur Direktwerbung. Die Datenerhebung und Datenverarbeitung ist f\u00fcr die Durchf\u00fchrung des Vertrags erforderlich und beruht auf Artikel 6 Abs. 1 b) [&hellip;]<\/p>","protected":false},"author":1,"featured_media":0,"parent":0,"menu_order":0,"comment_status":"closed","ping_status":"closed","template":"","meta":{"_seopress_robots_primary_cat":"","_seopress_titles_title":"","_seopress_titles_desc":"","_seopress_robots_index":"","footnotes":""},"class_list":["post-2143","page","type-page","status-publish","hentry"],"acpt":null,"_links":{"self":[{"href":"https:\/\/racorshop.de\/de\/wp-json\/wp\/v2\/pages\/2143","targetHints":{"allow":["GET"]}}],"collection":[{"href":"https:\/\/racorshop.de\/de\/wp-json\/wp\/v2\/pages"}],"about":[{"href":"https:\/\/racorshop.de\/de\/wp-json\/wp\/v2\/types\/page"}],"author":[{"embeddable":true,"href":"https:\/\/racorshop.de\/de\/wp-json\/wp\/v2\/users\/1"}],"replies":[{"embeddable":true,"href":"https:\/\/racorshop.de\/de\/wp-json\/wp\/v2\/comments?post=2143"}],"version-history":[{"count":2,"href":"https:\/\/racorshop.de\/de\/wp-json\/wp\/v2\/pages\/2143\/revisions"}],"predecessor-version":[{"id":2147,"href":"https:\/\/racorshop.de\/de\/wp-json\/wp\/v2\/pages\/2143\/revisions\/2147"}],"wp:attachment":[{"href":"https:\/\/racorshop.de\/de\/wp-json\/wp\/v2\/media?parent=2143"}],"curies":[{"name":"wp","href":"https:\/\/api.w.org\/{rel}","templated":true}]}}